{"id":50856,"date":"2024-05-02T18:47:09","date_gmt":"2024-05-02T18:47:09","guid":{"rendered":"https:\/\/e.kosmolat.eu\/product\/princessa-nagu-laka-avenu-plombirs\/"},"modified":"2025-09-19T20:50:51","modified_gmt":"2025-09-19T20:50:51","slug":"princessa-nagu-laka-avenu-plombirs","status":"publish","type":"product","link":"https:\/\/e.kosmolat.eu\/lt\/produktas\/princessa-nagu-laka-avenu-plombirs\/","title":{"rendered":"PRINCESSA Nag\u0173 lakas Avietinis plombyras, 6 ml"},"content":{"rendered":"<p>Nenuplaunamas vandeniu. Be tolueno ir formaldehido. Gerai laikosi ant nag\u0173, greitai d\u017ei\u016bsta. Vaikams nuo 5 met\u0173.<\/p>\n<p><strong>Naudojimo b\u016bdas:<\/strong> teptuku tepkite nagus laku ir leiskite i&scaron;d\u017ei\u016bti. Intensyvesnei spalvai gauti rekomenduojama tepti kit\u0105 lako sluoksn\u012f. Naudoti pri\u017ei\u016brint suaugusiesiems.<\/p>\n<p>&nbsp;<\/p>\n","protected":false},"excerpt":{"rendered":"<p>Nenuplaunamas vandeniu. Be tolueno ir formaldehido. Gerai laikosi ant nag\u0173, greitai d\u017ei\u016bsta. Vaikams nuo 5 met\u0173. Naudojimo b\u016bdas: teptuku tepkite nagus laku ir leiskite i&scaron;d\u017ei\u016bti. Intensyvesnei spalvai gauti rekomenduojama tepti kit\u0105 lako sluoksn\u012f. Naudoti pri\u017ei\u016brint suaugusiesiems. &nbsp;<\/p>\n","protected":false},"featured_media":84378,"template":"","meta":[],"product_cat":[1517],"product_tag":[],"class_list":{"0":"post-50856","1":"product","2":"type-product","3":"status-publish","4":"has-post-thumbnail","6":"product_brand-vecie-kodi-lt","7":"product_cat-nagu-lakai","9":"first","10":"outofstock","11":"taxable","12":"shipping-taxable","13":"product-type-simple"},"_links":{"self":[{"href":"https:\/\/e.kosmolat.eu\/lt\/wp-json\/wp\/v2\/product\/50856","targetHints":{"allow":["GET"]}}],"collection":[{"href":"https:\/\/e.kosmolat.eu\/lt\/wp-json\/wp\/v2\/product"}],"about":[{"href":"https:\/\/e.kosmolat.eu\/lt\/wp-json\/wp\/v2\/types\/product"}],"wp:featuredmedia":[{"embeddable":true,"href":"https:\/\/e.kosmolat.eu\/lt\/wp-json\/wp\/v2\/media\/84378"}],"wp:attachment":[{"href":"https:\/\/e.kosmolat.eu\/lt\/wp-json\/wp\/v2\/media?parent=50856"}],"wp:term":[{"taxonomy":"product_cat","embeddable":true,"href":"https:\/\/e.kosmolat.eu\/lt\/wp-json\/wp\/v2\/product_cat?post=50856"},{"taxonomy":"product_tag","embeddable":true,"href":"https:\/\/e.kosmolat.eu\/lt\/wp-json\/wp\/v2\/product_tag?post=50856"}],"curies":[{"name":"wp","href":"https:\/\/api.w.org\/{rel}","templated":true}]}}