{"id":50808,"date":"2024-05-02T15:51:17","date_gmt":"2024-05-02T15:51:17","guid":{"rendered":"https:\/\/e.kosmolat.eu\/product\/artcolor-henna-bezkrasaina-25-g\/"},"modified":"2025-09-19T15:21:19","modified_gmt":"2025-09-19T15:21:19","slug":"artcolor-henna-bezkrasaina-25-g","status":"publish","type":"product","link":"https:\/\/e.kosmolat.eu\/lt\/produktas\/artcolor-henna-bezkrasaina-25-g\/","title":{"rendered":"&#8220;Artcolor&#8221; Bespalv\u0117 chna 25g"},"content":{"rendered":"<p>Plauk\u0173 stiprinimo, kosmetini\u0173 kauki\u0173 priemon\u0117, tinkama vonioms proced\u016broms.<\/p>\n<p>NAUDOJIMAS: 25-50 g bespalv\u0117 chna \u012fberiama \u012f duben\u0117l\u012f, pama\u017eu pilamas vanduo (90-100\u00b0\u0421). Mai\u0161oma iki grieti\u0117ns konsistencijos. Kad padid\u0117t\u0173 veiksmingumas, galima prid\u0117ti vien\u0105 arbatin\u012f \u0161auk\u0161tel\u012f citrin\u0173 sul\u010di\u0173. Mas\u0119 palikti 20 minu\u010di\u0173.<\/p>\n<p>-Kosmetin\u0117s kauk\u0117s: paruo\u0161t\u0105 mas\u0119 atsargiai u\u017etepti ant veido odos. Po 15-20 minu\u010di\u0173 nuplauti \u0161iltu vandeniu ir patepti maitinamuoju kremu.<br \/>\n-Kosmetin\u0117s vonios: paruo\u0161t\u0105 mas\u0119 (25-50g) i\u0161tirpinti \u0161iltame vonios vandenyje. Vonioje maudomasi 20-30 minu\u010di\u0173. Pa\u0161alinamas sudirgimas, oda i\u0161valoma, sumink\u0161t\u0117ja.<br \/>\n-Plauk\u0173 ir galvos odos prie\u017ei\u016bra: chna u\u017etepama teptuku ant plauk\u0173. Plaukai su\u0161ukuojami atgal, u\u017ededama \u0161ildanti kepurait\u0117. Po 15-20minu\u010di\u0173 plaikai plaunami \u0161iltu vandeniu ir i\u0161d\u017eiovinami.<\/p>\n","protected":false},"excerpt":{"rendered":"<p>Plauk\u0173 stiprinimo, kosmetini\u0173 kauki\u0173 priemon\u0117, tinkama vonioms proced\u016broms. NAUDOJIMAS: 25-50 g bespalv\u0117 chna \u012fberiama \u012f duben\u0117l\u012f, pama\u017eu pilamas vanduo (90-100\u00b0\u0421). Mai\u0161oma iki grieti\u0117ns konsistencijos. Kad padid\u0117t\u0173 veiksmingumas, galima prid\u0117ti vien\u0105 arbatin\u012f \u0161auk\u0161tel\u012f citrin\u0173 sul\u010di\u0173. Mas\u0119 palikti 20 minu\u010di\u0173. -Kosmetin\u0117s kauk\u0117s: paruo\u0161t\u0105 mas\u0119 atsargiai u\u017etepti ant veido odos. Po 15-20 minu\u010di\u0173 nuplauti \u0161iltu vandeniu ir patepti [&#8230;]\n","protected":false},"featured_media":78666,"template":"","meta":[],"product_cat":[1660],"product_tag":[],"class_list":{"0":"post-50808","1":"product","2":"type-product","3":"status-publish","4":"has-post-thumbnail","6":"product_brand-malina-akcija-lt","7":"product_cat-chna-ir-basma","9":"first","10":"outofstock","11":"taxable","12":"shipping-taxable","13":"product-type-simple"},"_links":{"self":[{"href":"https:\/\/e.kosmolat.eu\/lt\/wp-json\/wp\/v2\/product\/50808","targetHints":{"allow":["GET"]}}],"collection":[{"href":"https:\/\/e.kosmolat.eu\/lt\/wp-json\/wp\/v2\/product"}],"about":[{"href":"https:\/\/e.kosmolat.eu\/lt\/wp-json\/wp\/v2\/types\/product"}],"wp:featuredmedia":[{"embeddable":true,"href":"https:\/\/e.kosmolat.eu\/lt\/wp-json\/wp\/v2\/media\/78666"}],"wp:attachment":[{"href":"https:\/\/e.kosmolat.eu\/lt\/wp-json\/wp\/v2\/media?parent=50808"}],"wp:term":[{"taxonomy":"product_cat","embeddable":true,"href":"https:\/\/e.kosmolat.eu\/lt\/wp-json\/wp\/v2\/product_cat?post=50808"},{"taxonomy":"product_tag","embeddable":true,"href":"https:\/\/e.kosmolat.eu\/lt\/wp-json\/wp\/v2\/product_tag?post=50808"}],"curies":[{"name":"wp","href":"https:\/\/api.w.org\/{rel}","templated":true}]}}