{"id":50781,"date":"2024-04-30T10:06:25","date_gmt":"2024-04-30T10:06:25","guid":{"rendered":"https:\/\/e.kosmolat.eu\/product\/%d1%81u%d0%b2%d0%bes%d0%be%d1%82%d0%baa-i%d1%83%d1%81%d1%82%d0%b5s-age-expert-ae%d1%8f-%d0%b7s%d0%b5e%d0%be%d0%b9-%d0%ba%d0%beec-20-%d0%bce-%d1%81%d0%b5scc-microbiome-balance\/"},"modified":"2025-09-20T04:18:17","modified_gmt":"2025-09-20T04:18:17","slug":"claire-microbiome-bal-serums-bust-age-expert-nobriedus-adai-20-ml","status":"publish","type":"product","link":"https:\/\/e.kosmolat.eu\/lt\/produktas\/claire-microbiome-bal-serums-bust-age-expert-nobriedus-adai-20-ml\/","title":{"rendered":"CLAIRE Microbiome Balance Age Expert Stimuliuojantis serumas brand\u017eiai odai, 20 ml"},"content":{"rendered":"<p>Produktas efektyviai kovoja su su am\u017eiumi susijusiais odos poky\u010diais, didina jos stangrum\u0105 ir elastingum\u0105. D\u0117l gelio tekst\u016bros veikliosios med\u017eiagos prasiskverbia \u012f gilius epidermio sluoksnius, dr\u0117kina ir i&scaron;lygina odos atspalv\u012f. Labai koncentruota serumo formul\u0117 leid\u017eia pasiekti matom\u0173 rezultat\u0173 jau po keli\u0173 panaudojim\u0173.<\/p>\n<ul>\n<li><strong>2 PREBIO.<\/strong> Unikalus dviej\u0173 prebiotik\u0173 derinys atkuria nat\u016bral\u0173 odos mikrobiom\u0105. Kompleksas sudaro palanki\u0105 maistin\u0119 aplink\u0105 nauding\u0173 probiotik\u0173 vystymuisi ir augimui, taip slopindamas patogenini\u0173 bakterij\u0173 augim\u0105. Rezultatas &ndash; gra\u017ei ir sveika oda.<\/li>\n<li><strong>INOVATYUS KOMPLEKSAS TENS&rsquo;UP&trade;.<\/strong>&nbsp;Atkuria nat\u016bralius kolageno ir elastino gamybos procesus. Oda atgauna elastingum\u0105, gaivum\u0105 ir jaunyst\u0119. Suma\u017e\u0117ja rauk&scaron;li\u0173 gylis ir sunkumas.<\/li>\n<li><strong>HIALURONO R\u016aG&Scaron;TIS.<\/strong> Skirtingos molekulin\u0117s mas\u0117s hialurono r\u016bg&scaron;\u010di\u0173 derinys u\u017etikrina greit\u0105 ir efektyv\u0173 dr\u0117kinim\u0105 l\u0105steli\u0173 lygmeniu.<\/li>\n<\/ul>\n<p><strong>Naudojimas: <\/strong>u\u017etepkite kelis la&scaron;us serumo ant nuvalytos ir tonizuotos veido odos. Lengvais masa\u017eo judesiais paskirstykite produkt\u0105 tolygiai, kol visi&scaron;kai \u012fsigers.<\/p>\n<p>Nebandyta su gyv\u016bnais.<\/p>\n<p>Laikyti nuo +5 &deg;C iki +25 &deg;C temperat\u016broje.<\/p>\n<p><strong>Geriausias: <\/strong>36 m\u0117n. nuo pagaminimo datos.<br \/>\n&nbsp;<\/p>\n","protected":false},"excerpt":{"rendered":"<p>Produktas efektyviai kovoja su su am\u017eiumi susijusiais odos poky\u010diais, didina jos stangrum\u0105 ir elastingum\u0105. D\u0117l gelio tekst\u016bros veikliosios med\u017eiagos prasiskverbia \u012f gilius epidermio sluoksnius, dr\u0117kina ir i&scaron;lygina odos atspalv\u012f. Labai koncentruota serumo formul\u0117 leid\u017eia pasiekti matom\u0173 rezultat\u0173 jau po keli\u0173 panaudojim\u0173. 2 PREBIO. Unikalus dviej\u0173 prebiotik\u0173 derinys atkuria nat\u016bral\u0173 odos mikrobiom\u0105. Kompleksas sudaro palanki\u0105 maistin\u0119 [&#8230;]\n","protected":false},"featured_media":91750,"template":"","meta":[],"product_cat":[1327],"product_tag":[],"class_list":{"0":"post-50781","1":"product","2":"type-product","3":"status-publish","4":"has-post-thumbnail","6":"product_brand-dilis-kosmetik_by-lt","7":"product_cat-serumai","9":"first","10":"outofstock","11":"taxable","12":"shipping-taxable","13":"product-type-simple"},"_links":{"self":[{"href":"https:\/\/e.kosmolat.eu\/lt\/wp-json\/wp\/v2\/product\/50781","targetHints":{"allow":["GET"]}}],"collection":[{"href":"https:\/\/e.kosmolat.eu\/lt\/wp-json\/wp\/v2\/product"}],"about":[{"href":"https:\/\/e.kosmolat.eu\/lt\/wp-json\/wp\/v2\/types\/product"}],"wp:featuredmedia":[{"embeddable":true,"href":"https:\/\/e.kosmolat.eu\/lt\/wp-json\/wp\/v2\/media\/91750"}],"wp:attachment":[{"href":"https:\/\/e.kosmolat.eu\/lt\/wp-json\/wp\/v2\/media?parent=50781"}],"wp:term":[{"taxonomy":"product_cat","embeddable":true,"href":"https:\/\/e.kosmolat.eu\/lt\/wp-json\/wp\/v2\/product_cat?post=50781"},{"taxonomy":"product_tag","embeddable":true,"href":"https:\/\/e.kosmolat.eu\/lt\/wp-json\/wp\/v2\/product_tag?post=50781"}],"curies":[{"name":"wp","href":"https:\/\/api.w.org\/{rel}","templated":true}]}}