{"id":50636,"date":"2024-04-26T04:03:05","date_gmt":"2024-04-26T04:03:05","guid":{"rendered":"https:\/\/e.kosmolat.eu\/product\/relouis-true-matte-skidr-mateta-lupu-kr-tonis-02-4-5-g\/"},"modified":"2026-02-25T08:55:34","modified_gmt":"2026-02-25T08:55:34","slug":"relouis-02-true-matte-skidra-lupu-krasa-3-5-g","status":"publish","type":"product","link":"https:\/\/e.kosmolat.eu\/lt\/produktas\/relouis-02-true-matte-skidra-lupu-krasa-3-5-g\/","title":{"rendered":"RELOUIS True Matte Matiniai skysti l\u016bp\u0173 da\u017eai, tonas 02, 4,5 g"},"content":{"rendered":"<p><strong>Naudojimo instrukcija: <\/strong>aplikatoriumi u\u017etepkite l\u016bp\u0173 da\u017eus ant l\u016bp\u0173.<\/p>\n<p>Laikyti nuo +5 &deg;C iki +30 &deg;C temperat\u016broje.<br \/>\n&nbsp;<\/p>\n","protected":false},"excerpt":{"rendered":"<p>Naudojimo instrukcija: aplikatoriumi u\u017etepkite l\u016bp\u0173 da\u017eus ant l\u016bp\u0173. Laikyti nuo +5 &deg;C iki +30 &deg;C temperat\u016broje. &nbsp;<\/p>\n","protected":false},"featured_media":92374,"template":"","meta":[],"product_cat":[2181],"product_tag":[],"class_list":{"0":"post-50636","1":"product","2":"type-product","3":"status-publish","4":"has-post-thumbnail","6":"product_brand-relui-bel_by-lt","7":"product_cat-bez-kategorijas-lt","9":"first","10":"instock","11":"taxable","12":"shipping-taxable","13":"product-type-simple"},"_links":{"self":[{"href":"https:\/\/e.kosmolat.eu\/lt\/wp-json\/wp\/v2\/product\/50636","targetHints":{"allow":["GET"]}}],"collection":[{"href":"https:\/\/e.kosmolat.eu\/lt\/wp-json\/wp\/v2\/product"}],"about":[{"href":"https:\/\/e.kosmolat.eu\/lt\/wp-json\/wp\/v2\/types\/product"}],"wp:featuredmedia":[{"embeddable":true,"href":"https:\/\/e.kosmolat.eu\/lt\/wp-json\/wp\/v2\/media\/92374"}],"wp:attachment":[{"href":"https:\/\/e.kosmolat.eu\/lt\/wp-json\/wp\/v2\/media?parent=50636"}],"wp:term":[{"taxonomy":"product_cat","embeddable":true,"href":"https:\/\/e.kosmolat.eu\/lt\/wp-json\/wp\/v2\/product_cat?post=50636"},{"taxonomy":"product_tag","embeddable":true,"href":"https:\/\/e.kosmolat.eu\/lt\/wp-json\/wp\/v2\/product_tag?post=50636"}],"curies":[{"name":"wp","href":"https:\/\/api.w.org\/{rel}","templated":true}]}}