{"id":50600,"date":"2024-04-25T04:07:50","date_gmt":"2024-04-25T04:07:50","guid":{"rendered":"https:\/\/e.kosmolat.eu\/product\/princessa-sampuns-zeleja-maiga-kopsana-250-ml\/"},"modified":"2025-09-19T19:45:59","modified_gmt":"2025-09-19T19:45:59","slug":"princessa-sampuns-zeleja-maiga-kopsana-250-ml","status":"publish","type":"product","link":"https:\/\/e.kosmolat.eu\/lt\/produktas\/princessa-sampuns-zeleja-maiga-kopsana-250-ml\/","title":{"rendered":"PRINCESSA \u0160amp\u016bnas \u0160velnus r\u016bpestis, 250 ml"},"content":{"rendered":"","protected":false},"excerpt":{"rendered":"","protected":false},"featured_media":83166,"template":"","meta":[],"product_cat":[1793],"product_tag":[],"class_list":{"0":"post-50600","1":"product","2":"type-product","3":"status-publish","4":"has-post-thumbnail","6":"product_brand-vecie-kodi-lt","7":"product_cat-plauku-prieziura-vaikams","9":"first","10":"outofstock","11":"taxable","12":"shipping-taxable","13":"product-type-simple"},"_links":{"self":[{"href":"https:\/\/e.kosmolat.eu\/lt\/wp-json\/wp\/v2\/product\/50600","targetHints":{"allow":["GET"]}}],"collection":[{"href":"https:\/\/e.kosmolat.eu\/lt\/wp-json\/wp\/v2\/product"}],"about":[{"href":"https:\/\/e.kosmolat.eu\/lt\/wp-json\/wp\/v2\/types\/product"}],"wp:featuredmedia":[{"embeddable":true,"href":"https:\/\/e.kosmolat.eu\/lt\/wp-json\/wp\/v2\/media\/83166"}],"wp:attachment":[{"href":"https:\/\/e.kosmolat.eu\/lt\/wp-json\/wp\/v2\/media?parent=50600"}],"wp:term":[{"taxonomy":"product_cat","embeddable":true,"href":"https:\/\/e.kosmolat.eu\/lt\/wp-json\/wp\/v2\/product_cat?post=50600"},{"taxonomy":"product_tag","embeddable":true,"href":"https:\/\/e.kosmolat.eu\/lt\/wp-json\/wp\/v2\/product_tag?post=50600"}],"curies":[{"name":"wp","href":"https:\/\/api.w.org\/{rel}","templated":true}]}}