{"id":50548,"date":"2024-04-25T04:05:53","date_gmt":"2024-04-25T04:05:53","guid":{"rendered":"https:\/\/e.kosmolat.eu\/product\/shary-matejosas-salvetes-zala-teja-problematiskai-adai-12-g\/"},"modified":"2025-09-19T20:09:35","modified_gmt":"2025-09-19T20:09:35","slug":"shary-matejosas-salvetes-zala-teja-problematiskai-adai-12-g","status":"publish","type":"product","link":"https:\/\/e.kosmolat.eu\/lt\/produktas\/shary-matejosas-salvetes-zala-teja-problematiskai-adai-12-g\/","title":{"rendered":"SHARY matinan\u010dios  veido servet\u0117l\u0117s \u017dalioji arbata, 12 g"},"content":{"rendered":"<p>PROBLEMINEI &nbsp;ODAI. Akimirksniu pa\u0161alina rieb\u0173 blizges\u012f. Matina ir gaivina vis\u0105 dien\u0105. Palaikykite nepriekai\u0161ting\u0105 makia\u017eo b\u016bkl\u0119. \u017daliosios arbatos ekstraktas. Vulkaniniai pelenai. Kaip naudoti: nuimkite servet\u0117l\u0119 i\u0161 pakuot\u0117s ir nuvalykite problemines odos vietas. Vienkartin\u0117s servet\u0117l\u0117s, pakartotinis naudoti negalima. Tik i\u0161oriniam naudojimui. Venkite patekimo \u012f akis. Nenaudokite ant pa\u017eeistos ar sudirgintos odos. Laikyti sausoje, vaikams nepasiekiamoje vietoje.<\/p>\n","protected":false},"excerpt":{"rendered":"<p>PROBLEMINEI &nbsp;ODAI. Akimirksniu pa\u0161alina rieb\u0173 blizges\u012f. Matina ir gaivina vis\u0105 dien\u0105. Palaikykite nepriekai\u0161ting\u0105 makia\u017eo b\u016bkl\u0119. \u017daliosios arbatos ekstraktas. Vulkaniniai pelenai. Kaip naudoti: nuimkite servet\u0117l\u0119 i\u0161 pakuot\u0117s ir nuvalykite problemines odos vietas. Vienkartin\u0117s servet\u0117l\u0117s, pakartotinis naudoti negalima. Tik i\u0161oriniam naudojimui. Venkite patekimo \u012f akis. Nenaudokite ant pa\u017eeistos ar sudirgintos odos. Laikyti sausoje, vaikams nepasiekiamoje vietoje.<\/p>\n","protected":false},"featured_media":83666,"template":"","meta":[],"product_cat":[1341],"product_tag":[],"class_list":{"0":"post-50548","1":"product","2":"type-product","3":"status-publish","4":"has-post-thumbnail","6":"product_brand-malina-akcija-lt","7":"product_cat-valomosios-kaukes","9":"first","10":"outofstock","11":"taxable","12":"shipping-taxable","13":"product-type-simple"},"_links":{"self":[{"href":"https:\/\/e.kosmolat.eu\/lt\/wp-json\/wp\/v2\/product\/50548","targetHints":{"allow":["GET"]}}],"collection":[{"href":"https:\/\/e.kosmolat.eu\/lt\/wp-json\/wp\/v2\/product"}],"about":[{"href":"https:\/\/e.kosmolat.eu\/lt\/wp-json\/wp\/v2\/types\/product"}],"wp:featuredmedia":[{"embeddable":true,"href":"https:\/\/e.kosmolat.eu\/lt\/wp-json\/wp\/v2\/media\/83666"}],"wp:attachment":[{"href":"https:\/\/e.kosmolat.eu\/lt\/wp-json\/wp\/v2\/media?parent=50548"}],"wp:term":[{"taxonomy":"product_cat","embeddable":true,"href":"https:\/\/e.kosmolat.eu\/lt\/wp-json\/wp\/v2\/product_cat?post=50548"},{"taxonomy":"product_tag","embeddable":true,"href":"https:\/\/e.kosmolat.eu\/lt\/wp-json\/wp\/v2\/product_tag?post=50548"}],"curies":[{"name":"wp","href":"https:\/\/api.w.org\/{rel}","templated":true}]}}