{"id":50532,"date":"2024-04-25T04:05:20","date_gmt":"2024-04-25T04:05:20","guid":{"rendered":"https:\/\/e.kosmolat.eu\/product\/srk-roku-krems-velur-70-ml\/"},"modified":"2025-05-14T12:41:12","modified_gmt":"2025-05-14T12:41:12","slug":"srk-roku-krems-velur-70-ml","status":"publish","type":"product","link":"https:\/\/e.kosmolat.eu\/lt\/produktas\/srk-roku-krems-velur-70-ml\/","title":{"rendered":"Sto Receptov Krasoti VELIUR Rank\u0173 kremas"},"content":{"rendered":"<p>Ramun\u0117li\u0173 ekstraktas. Su vitaminu F. Kremas efektyviai mink\u0161tina ir maitina, intensyviai dr\u0117kina ir apsaugo rank\u0173 od\u0105. Gretai \u012fsigeria, nepalieka riebios pl\u0117vel\u0117s.<\/p>\n<p>NAUDOJIMO B\u016aDAS: nedidel\u012f kremo kiek\u012f u\u017etepkite ant \u0161varios rank\u0173 odos.<\/p>\n<p>Nenaudoti vaikams iki 3 met\u0173!<\/p>\n<p>Atidarius naudoti 6 m\u0117n.<\/p>\n","protected":false},"excerpt":{"rendered":"<p>Ramun\u0117li\u0173 ekstraktas. Su vitaminu F. Kremas efektyviai mink\u0161tina ir maitina, intensyviai dr\u0117kina ir apsaugo rank\u0173 od\u0105. Gretai \u012fsigeria, nepalieka riebios pl\u0117vel\u0117s. NAUDOJIMO B\u016aDAS: nedidel\u012f kremo kiek\u012f u\u017etepkite ant \u0161varios rank\u0173 odos. Nenaudoti vaikams iki 3 met\u0173! Atidarius naudoti 6 m\u0117n.<\/p>\n","protected":false},"featured_media":50534,"template":"","meta":[],"product_cat":[1304],"product_tag":[],"class_list":{"0":"post-50532","1":"product","2":"type-product","3":"status-publish","4":"has-post-thumbnail","6":"product_brand-unilever-rus-lt","7":"product_cat-ranku-prieziuros-kosmetika","9":"first","10":"instock","11":"taxable","12":"shipping-taxable","13":"product-type-simple"},"_links":{"self":[{"href":"https:\/\/e.kosmolat.eu\/lt\/wp-json\/wp\/v2\/product\/50532","targetHints":{"allow":["GET"]}}],"collection":[{"href":"https:\/\/e.kosmolat.eu\/lt\/wp-json\/wp\/v2\/product"}],"about":[{"href":"https:\/\/e.kosmolat.eu\/lt\/wp-json\/wp\/v2\/types\/product"}],"wp:featuredmedia":[{"embeddable":true,"href":"https:\/\/e.kosmolat.eu\/lt\/wp-json\/wp\/v2\/media\/50534"}],"wp:attachment":[{"href":"https:\/\/e.kosmolat.eu\/lt\/wp-json\/wp\/v2\/media?parent=50532"}],"wp:term":[{"taxonomy":"product_cat","embeddable":true,"href":"https:\/\/e.kosmolat.eu\/lt\/wp-json\/wp\/v2\/product_cat?post=50532"},{"taxonomy":"product_tag","embeddable":true,"href":"https:\/\/e.kosmolat.eu\/lt\/wp-json\/wp\/v2\/product_tag?post=50532"}],"curies":[{"name":"wp","href":"https:\/\/api.w.org\/{rel}","templated":true}]}}