{"id":50528,"date":"2024-04-25T04:05:04","date_gmt":"2024-04-25T04:05:04","guid":{"rendered":"https:\/\/e.kosmolat.eu\/product\/cl-zeleja-sejas-mazgasanai-ideala-ada-100-ml\/"},"modified":"2025-09-19T17:05:28","modified_gmt":"2025-09-19T17:05:28","slug":"cl-zeleja-sejas-mazgasanai-ideala-ada-100-ml","status":"publish","type":"product","link":"https:\/\/e.kosmolat.eu\/lt\/produktas\/cl-zeleja-sejas-mazgasanai-ideala-ada-100-ml\/","title":{"rendered":"\u010cISTAJA LINIJA Gilaus veikimo prausimosi gelis Ideali oda, 100 ml"},"content":{"rendered":"<p>Gilaus veikimo gelinis prausiklis efektyviai \u0161alina ink\u0161tirus ir nelygumus. Problem\u0173 sprendimas be sausos odos. Rekomenduojamas probleminei odai. Ma\u017eiau spuog\u0173 per 3 dienas. Oda yra idealiai \u0161vari ir lygi.<\/p>\n<p><strong>Naudojimas: <\/strong>nedidel\u012f kiek\u012f gelio \u012fmasa\u017euokite \u012f delnus, u\u017etepkite ant dr\u0117gnos veido, masa\u017euokite ir nuplaukite. Patekus \u012f akis, kruop\u0161\u010diai nuplaukite vandeniu. Leid\u017eiamas nedidelis gaminio spalvos pasikeitimas, kuris neturi \u012ftakos saugai ir kokybei. Tai n\u0117ra vaistinis preparatas.<br \/>\n&nbsp;<\/p>\n","protected":false},"excerpt":{"rendered":"<p>Gilaus veikimo gelinis prausiklis efektyviai \u0161alina ink\u0161tirus ir nelygumus. Problem\u0173 sprendimas be sausos odos. Rekomenduojamas probleminei odai. Ma\u017eiau spuog\u0173 per 3 dienas. Oda yra idealiai \u0161vari ir lygi. Naudojimas: nedidel\u012f kiek\u012f gelio \u012fmasa\u017euokite \u012f delnus, u\u017etepkite ant dr\u0117gnos veido, masa\u017euokite ir nuplaukite. Patekus \u012f akis, kruop\u0161\u010diai nuplaukite vandeniu. Leid\u017eiamas nedidelis gaminio spalvos pasikeitimas, kuris neturi [&#8230;]\n","protected":false},"featured_media":80446,"template":"","meta":[],"product_cat":[1577],"product_tag":[],"class_list":{"0":"post-50528","1":"product","2":"type-product","3":"status-publish","4":"has-post-thumbnail","6":"product_brand-unilever-rus-lt","7":"product_cat-gelis","9":"first","10":"outofstock","11":"taxable","12":"shipping-taxable","13":"product-type-simple"},"_links":{"self":[{"href":"https:\/\/e.kosmolat.eu\/lt\/wp-json\/wp\/v2\/product\/50528","targetHints":{"allow":["GET"]}}],"collection":[{"href":"https:\/\/e.kosmolat.eu\/lt\/wp-json\/wp\/v2\/product"}],"about":[{"href":"https:\/\/e.kosmolat.eu\/lt\/wp-json\/wp\/v2\/types\/product"}],"wp:featuredmedia":[{"embeddable":true,"href":"https:\/\/e.kosmolat.eu\/lt\/wp-json\/wp\/v2\/media\/80446"}],"wp:attachment":[{"href":"https:\/\/e.kosmolat.eu\/lt\/wp-json\/wp\/v2\/media?parent=50528"}],"wp:term":[{"taxonomy":"product_cat","embeddable":true,"href":"https:\/\/e.kosmolat.eu\/lt\/wp-json\/wp\/v2\/product_cat?post=50528"},{"taxonomy":"product_tag","embeddable":true,"href":"https:\/\/e.kosmolat.eu\/lt\/wp-json\/wp\/v2\/product_tag?post=50528"}],"curies":[{"name":"wp","href":"https:\/\/api.w.org\/{rel}","templated":true}]}}