{"id":50488,"date":"2024-04-25T04:03:44","date_gmt":"2024-04-25T04:03:44","guid":{"rendered":"https:\/\/e.kosmolat.eu\/product\/markell-professional-matu-sprejs-termoaizsardziba-195-ml\/"},"modified":"2025-09-20T09:01:04","modified_gmt":"2025-09-20T09:01:04","slug":"markell-professional-matu-sprejs-termoaizsardziba-195-ml","status":"publish","type":"product","link":"https:\/\/e.kosmolat.eu\/lt\/produktas\/markell-professional-matu-sprejs-termoaizsardziba-195-ml\/","title":{"rendered":"MARKELL PROFESSIONAL Plauk\u0173 pur\u0161kiklis Termin\u0117 apsauga, 195 ml"},"content":{"rendered":"<p>Patikimai apsaugo plaukus nuo auk&scaron;t\u0173 temperat\u016br\u0173 poveikio ir apsaugo juos nuo i&scaron;saus\u0117jimo, trapumo ir pa\u017eeidim\u0173.<\/p>\n<p><strong>STYLEZE&trade; CC-10<\/strong> ant plauk\u0173 pavir&scaron;iaus suformuoja kv\u0117puojan\u010di\u0105 polimerin\u0119 pl\u0117vel\u0119, kuri suteikia efektyvi\u0105 &scaron;ilumin\u0119 apsaug\u0105 formuojant plaukus plauk\u0173 d\u017eiovintuvu, garbanojant suktuku ar naudojan tiesinimo lygintuv\u0105. Suteikia &scaron;velni\u0105 plauk\u0173 prie\u017ei\u016br\u0105, palengvina &scaron;ukavim\u0105 ir formavim\u0105, ilg\u0105 laik\u0105 i&scaron;laiko garban\u0173 form\u0105.&nbsp;<br \/>\n<strong>&Scaron;ILKO EKSTRAKTAS<\/strong> atkuria pa\u017eeistus plaukus ir j\u0173 strukt\u016br\u0105 per vis\u0105 ilg\u012f, tod\u0117l jie tampa &scaron;veln\u016bs, glotn\u016bs ir &scaron;ilkiniai.<br \/>\n<strong>MAKADAMIJA ALIEJUS <\/strong>stiprina plauk\u0173 folikulus ir skatina plauk\u0173 augim\u0105. Dr\u0117kina plaukus ir efektyviai pa&scaron;alina j\u0173 trapum\u0105, suteikdama jiems nuostab\u0173 blizges\u012f ir &scaron;ilkin\u012f glotnum\u0105.<\/p>\n<p><strong>Naudojimas:<\/strong> purk&scaron;kite &nbsp;ant dr\u0117gn\u0173 arba saus\u0173 plauk\u0173 per vis\u0105 ilg\u012f, formuokite kaip \u012fprasta. Neb\u016btina nuskalauti!<\/p>\n<p>Laikyti nuo +5 &deg;C iki +25 &deg;C temperat\u016broje.<\/p>\n<p><strong>Geriausias:<\/strong> 36 m\u0117n. nuo pagaminimo datos.<br \/>\n&nbsp;<\/p>\n","protected":false},"excerpt":{"rendered":"<p>Patikimai apsaugo plaukus nuo auk&scaron;t\u0173 temperat\u016br\u0173 poveikio ir apsaugo juos nuo i&scaron;saus\u0117jimo, trapumo ir pa\u017eeidim\u0173. STYLEZE&trade; CC-10 ant plauk\u0173 pavir&scaron;iaus suformuoja kv\u0117puojan\u010di\u0105 polimerin\u0119 pl\u0117vel\u0119, kuri suteikia efektyvi\u0105 &scaron;ilumin\u0119 apsaug\u0105 formuojant plaukus plauk\u0173 d\u017eiovintuvu, garbanojant suktuku ar naudojan tiesinimo lygintuv\u0105. Suteikia &scaron;velni\u0105 plauk\u0173 prie\u017ei\u016br\u0105, palengvina &scaron;ukavim\u0105 ir formavim\u0105, ilg\u0105 laik\u0105 i&scaron;laiko garban\u0173 form\u0105.&nbsp; &Scaron;ILKO EKSTRAKTAS atkuria [&#8230;]\n","protected":false},"featured_media":91350,"template":"","meta":[],"product_cat":[1404],"product_tag":[],"class_list":{"0":"post-50488","1":"product","2":"type-product","3":"status-publish","4":"has-post-thumbnail","6":"product_brand-markell_by-lt","7":"product_cat-silumine-apsauga","9":"first","10":"outofstock","11":"taxable","12":"shipping-taxable","13":"product-type-simple"},"_links":{"self":[{"href":"https:\/\/e.kosmolat.eu\/lt\/wp-json\/wp\/v2\/product\/50488","targetHints":{"allow":["GET"]}}],"collection":[{"href":"https:\/\/e.kosmolat.eu\/lt\/wp-json\/wp\/v2\/product"}],"about":[{"href":"https:\/\/e.kosmolat.eu\/lt\/wp-json\/wp\/v2\/types\/product"}],"wp:featuredmedia":[{"embeddable":true,"href":"https:\/\/e.kosmolat.eu\/lt\/wp-json\/wp\/v2\/media\/91350"}],"wp:attachment":[{"href":"https:\/\/e.kosmolat.eu\/lt\/wp-json\/wp\/v2\/media?parent=50488"}],"wp:term":[{"taxonomy":"product_cat","embeddable":true,"href":"https:\/\/e.kosmolat.eu\/lt\/wp-json\/wp\/v2\/product_cat?post=50488"},{"taxonomy":"product_tag","embeddable":true,"href":"https:\/\/e.kosmolat.eu\/lt\/wp-json\/wp\/v2\/product_tag?post=50488"}],"curies":[{"name":"wp","href":"https:\/\/api.w.org\/{rel}","templated":true}]}}