{"id":50480,"date":"2024-04-25T04:03:30","date_gmt":"2024-04-25T04:03:30","guid":{"rendered":"https:\/\/e.kosmolat.eu\/product\/markell-everyday-life-styling-matu-kr-sprejs-multi-kopsana-195-ml\/"},"modified":"2025-09-20T03:53:41","modified_gmt":"2025-09-20T03:53:41","slug":"markell-everyday-life-styling-matu-kr-sprejs-multi-kopsana-195-ml","status":"publish","type":"product","link":"https:\/\/e.kosmolat.eu\/lt\/produktas\/markell-everyday-life-styling-matu-kr-sprejs-multi-kopsana-195-ml\/","title":{"rendered":"MARKELL EVERYDAY Life Styling Plauk\u0173 kremas-pur\u0161kiklis Multiprie\u017ei\u016bra, 195 ml"},"content":{"rendered":"<p>Speciali pur&scaron;kiamojo kremo formul\u0117 sukurta vis\u0173 tip\u0173 plauk\u0173 gro\u017eiui. Kiekvienas aktyvus komponentas &#8211; HIDROLIZUOTAS KERATINAS, PANTENOLIS &#8211; maksimaliai pasir\u016bpins j\u016bs\u0173 plaukais, sukurdamas tikr\u0105 daugialyp\u0119 prie\u017ei\u016br\u0105.<\/p>\n<p>1. Atkuria plauk\u0173 strukt\u016br\u0105<br \/>\n2. Suteikia j\u0117g\u0173<br \/>\n3. Pa&scaron;alina &ldquo;p\u016bkuotum\u0105&rdquo;<br \/>\n4. Antistatinis poveikis<br \/>\n5. I&scaron;lygina<br \/>\n6. Palengvina &scaron;ukavim\u0105<br \/>\n7. Didina elastingum\u0105&nbsp;<br \/>\n8. Suteikia nat\u016bralios apimties<br \/>\n9. Padidina blizges\u012f<br \/>\n10. Intensyviai dr\u0117kina&nbsp;<br \/>\n11. Maitina neapsunkindamas<br \/>\n12. Didina stiprum\u0105 ir elastingum\u0105<br \/>\n13. Atkuria gyvybingum\u0105<br \/>\n14. Palengvina stiliaus k\u016brim\u0105&nbsp;<br \/>\n15. Patikima &scaron;ilumin\u0117 apsauga<br \/>\n16. Suteikia &scaron;velnumo .<br \/>\n17. Suma\u017eina trapum\u0105 ir skilin\u0117jim\u0105<\/p>\n<p><strong>Naudojimas:<\/strong>&nbsp;purk&scaron;kite ant i&scaron;plaut\u0173 ir rank&scaron;luos\u010diu nusausint\u0173 plauk\u0173, paskirstykite per vis\u0105 plauk\u0173 ilg\u012f. Neb\u016btina nuskalauti!<\/p>\n<p>Laikyti nuo +5 &deg;C iki +25 &deg;C temperat\u016broje.<\/p>\n<p><strong>Geriausias: <\/strong>36 m\u0117n. nuo pagaminimo datos.<br \/>\n&nbsp;<\/p>\n","protected":false},"excerpt":{"rendered":"<p>Speciali pur&scaron;kiamojo kremo formul\u0117 sukurta vis\u0173 tip\u0173 plauk\u0173 gro\u017eiui. Kiekvienas aktyvus komponentas &#8211; HIDROLIZUOTAS KERATINAS, PANTENOLIS &#8211; maksimaliai pasir\u016bpins j\u016bs\u0173 plaukais, sukurdamas tikr\u0105 daugialyp\u0119 prie\u017ei\u016br\u0105. 1. Atkuria plauk\u0173 strukt\u016br\u0105 2. Suteikia j\u0117g\u0173 3. Pa&scaron;alina &ldquo;p\u016bkuotum\u0105&rdquo; 4. Antistatinis poveikis 5. I&scaron;lygina 6. Palengvina &scaron;ukavim\u0105 7. Didina elastingum\u0105&nbsp; 8. Suteikia nat\u016bralios apimties 9. Padidina blizges\u012f 10. Intensyviai [&#8230;]\n","protected":false},"featured_media":91346,"template":"","meta":[],"product_cat":[1404],"product_tag":[],"class_list":{"0":"post-50480","1":"product","2":"type-product","3":"status-publish","4":"has-post-thumbnail","6":"product_brand-markell_by-lt","7":"product_cat-silumine-apsauga","9":"first","10":"outofstock","11":"taxable","12":"shipping-taxable","13":"product-type-simple"},"_links":{"self":[{"href":"https:\/\/e.kosmolat.eu\/lt\/wp-json\/wp\/v2\/product\/50480","targetHints":{"allow":["GET"]}}],"collection":[{"href":"https:\/\/e.kosmolat.eu\/lt\/wp-json\/wp\/v2\/product"}],"about":[{"href":"https:\/\/e.kosmolat.eu\/lt\/wp-json\/wp\/v2\/types\/product"}],"wp:featuredmedia":[{"embeddable":true,"href":"https:\/\/e.kosmolat.eu\/lt\/wp-json\/wp\/v2\/media\/91346"}],"wp:attachment":[{"href":"https:\/\/e.kosmolat.eu\/lt\/wp-json\/wp\/v2\/media?parent=50480"}],"wp:term":[{"taxonomy":"product_cat","embeddable":true,"href":"https:\/\/e.kosmolat.eu\/lt\/wp-json\/wp\/v2\/product_cat?post=50480"},{"taxonomy":"product_tag","embeddable":true,"href":"https:\/\/e.kosmolat.eu\/lt\/wp-json\/wp\/v2\/product_tag?post=50480"}],"curies":[{"name":"wp","href":"https:\/\/api.w.org\/{rel}","templated":true}]}}