{"id":50472,"date":"2024-04-25T04:03:16","date_gmt":"2024-04-25T04:03:16","guid":{"rendered":"https:\/\/e.kosmolat.eu\/product\/markell-everyday-life-styling-matu-sprejs-ekspress-lamines-195-ml\/"},"modified":"2026-03-31T20:54:56","modified_gmt":"2026-03-31T20:54:56","slug":"markell-everyday-life-styling-matu-sprejs-ekspress-lamines-195-ml","status":"publish","type":"product","link":"https:\/\/e.kosmolat.eu\/lt\/produktas\/markell-everyday-life-styling-matu-sprejs-ekspress-lamines-195-ml\/","title":{"rendered":"MARKELL EVERYDAY Life Styling Plauk\u0173 pur\u0161kiklis Express laminavimas, 195 ml"},"content":{"rendered":"<p>Pur&scaron;kiklio formul\u0117 efektyviai dr\u0117kina pa\u017eeistus, negyvus, trapius ir sausus plaukus, sugr\u0105\u017eindama jiems nuostab\u0173 glotnum\u0105 ir veidrodin\u012f blizges\u012f. U\u017etikrina patikim\u0105 apsaug\u0105 nuo neigiamo auk&scaron;t\u0173 temperat\u016br\u0173 poveikio formuojant ir i&scaron;laiko spalvos ry&scaron;kum\u0105 po da\u017eymo.<\/p>\n<p><strong>AUGALINIAI KERAMIDAI <\/strong>reguliuoja galvos odos riebalini\u0173 liauk\u0173 veikl\u0105, taip pat &bdquo;u\u017esandarina&ldquo; \u017evynelius ir aktyviai atkuria plauk\u0173 strukt\u016br\u0105, i&scaron;lygina \u017evynelius, tod\u0117l plaukai tampa blizg\u016bs ir akinan\u010diai \u017evilgantys.<br \/>\n<strong>RY\u017dI\u0172 BALTYMAI <\/strong>palaiko optimal\u0173 plauk\u0173 dr\u0117gm\u0117s lyg\u012f, suteikia jiems &scaron;velnumo ir elastingumo, saugo nuo l\u016b\u017ein\u0117jimo, taip pat padeda i&scaron;laikyti spalv\u0105.<\/p>\n<p><strong>Naudojimas: <\/strong>sukratykite buteliuk\u0105, purk&scaron;kite pur&scaron;kikl\u012f ant dr\u0117gn\u0173 arba saus\u0173 plauk\u0173 per vis\u0105 ilg\u012f, formuokite kaip \u012fprasta. Skalauti nereikia! Nepurk&scaron;kite ant plauk\u0173 &scaron;akn\u0173!<\/p>\n<p>Laikyti nuo +5 &deg;C iki +25 &deg;C temperat\u016broje.<\/p>\n<p><strong>Geriausias:<\/strong> 36 m\u0117n. nuo pagaminimo datos.<br \/>\n&nbsp;<\/p>\n","protected":false},"excerpt":{"rendered":"<p>Pur&scaron;kiklio formul\u0117 efektyviai dr\u0117kina pa\u017eeistus, negyvus, trapius ir sausus plaukus, sugr\u0105\u017eindama jiems nuostab\u0173 glotnum\u0105 ir veidrodin\u012f blizges\u012f. U\u017etikrina patikim\u0105 apsaug\u0105 nuo neigiamo auk&scaron;t\u0173 temperat\u016br\u0173 poveikio formuojant ir i&scaron;laiko spalvos ry&scaron;kum\u0105 po da\u017eymo. AUGALINIAI KERAMIDAI reguliuoja galvos odos riebalini\u0173 liauk\u0173 veikl\u0105, taip pat &bdquo;u\u017esandarina&ldquo; \u017evynelius ir aktyviai atkuria plauk\u0173 strukt\u016br\u0105, i&scaron;lygina \u017evynelius, tod\u0117l plaukai tampa blizg\u016bs [&#8230;]\n","protected":false},"featured_media":91342,"template":"","meta":[],"product_cat":[1345],"product_tag":[],"class_list":{"0":"post-50472","1":"product","2":"type-product","3":"status-publish","4":"has-post-thumbnail","6":"product_brand-markell_by-lt","7":"product_cat-kitos-plauku-prieziuros-priemones","9":"first","10":"outofstock","11":"taxable","12":"shipping-taxable","13":"product-type-simple"},"_links":{"self":[{"href":"https:\/\/e.kosmolat.eu\/lt\/wp-json\/wp\/v2\/product\/50472","targetHints":{"allow":["GET"]}}],"collection":[{"href":"https:\/\/e.kosmolat.eu\/lt\/wp-json\/wp\/v2\/product"}],"about":[{"href":"https:\/\/e.kosmolat.eu\/lt\/wp-json\/wp\/v2\/types\/product"}],"wp:featuredmedia":[{"embeddable":true,"href":"https:\/\/e.kosmolat.eu\/lt\/wp-json\/wp\/v2\/media\/91342"}],"wp:attachment":[{"href":"https:\/\/e.kosmolat.eu\/lt\/wp-json\/wp\/v2\/media?parent=50472"}],"wp:term":[{"taxonomy":"product_cat","embeddable":true,"href":"https:\/\/e.kosmolat.eu\/lt\/wp-json\/wp\/v2\/product_cat?post=50472"},{"taxonomy":"product_tag","embeddable":true,"href":"https:\/\/e.kosmolat.eu\/lt\/wp-json\/wp\/v2\/product_tag?post=50472"}],"curies":[{"name":"wp","href":"https:\/\/api.w.org\/{rel}","templated":true}]}}