{"id":50464,"date":"2024-04-25T04:03:04","date_gmt":"2024-04-25T04:03:04","guid":{"rendered":"https:\/\/e.kosmolat.eu\/product\/markell-everyday-life-styling-matu-sprejs-viegla-kemmes-195-ml\/"},"modified":"2026-03-31T20:54:36","modified_gmt":"2026-03-31T20:54:36","slug":"markell-everyday-life-styling-matu-sprejs-viegla-kemmes-195-ml","status":"publish","type":"product","link":"https:\/\/e.kosmolat.eu\/lt\/produktas\/markell-everyday-life-styling-matu-sprejs-viegla-kemmes-195-ml\/","title":{"rendered":"MARKELL EVERYDAY Life Styling Plauk\u0173 pur\u0161kiklis Lengvas \u0161ukavimas, 195 ml"},"content":{"rendered":"<p>Idealiai tinka ilgiems, garbanotiems ir nepaklusniems plaukams. Palengvina plauk\u0173 &scaron;ukavim\u0105 per vis\u0105 ilg\u012f, apsaugo nuo trapumo ir perd\u017ei\u016bvimo. Suteikia garbanoms gyvybingumo ir &scaron;ilkingumo bei leid\u017eia formuoti nepriekai&scaron;ting\u0105 &scaron;ukuosen\u0105.<\/p>\n<p><strong>AVOKAD\u0172 ALIEJUS IR VITAMINAS F<\/strong> yra nepakei\u010diami kaprizing\u0173, reikli\u0173 ar pa\u017eeist\u0173 plauk\u0173 prie\u017ei\u016brai. Jie dr\u0117kina ir maitina plaukus, atkuria \u017evynelius, lygina plauk\u0173 \u017evynelius, naikina i&scaron;si&scaron;akojusius galiukus, kad net &scaron;lapi plaukai nesivelt\u0173 ir b\u016bt\u0173 lengvai i&scaron;&scaron;ukuojami.<br \/>\n<strong>PANTENOL (provitaminas B5)<\/strong> efektyviai atkuria pa\u017eeist\u0105 plauk\u0173 strukt\u016br\u0105, saugo juos nuo neigiamo i&scaron;or\u0117s poveikio. veiksniai, suteikia plaukams elastingumo, gyvybingumo ir tvirtumo.<\/p>\n<p><strong>Naudojimas: <\/strong>sukratykite buteliuk\u0105, purk&scaron;kite &nbsp;ant dr\u0117gn\u0173 arba saus\u0173 plauk\u0173 per vis\u0105 ilg\u012f, formuokite kaip \u012fprasta. Skalauti nereikia! Netepkite plauk\u0173 &scaron;akn\u0173!<\/p>\n<p>Laikyti nuo +5 &deg;C iki +25 &deg;C temperat\u016broje.<\/p>\n<p><strong>Geriausias: <\/strong>36 m\u0117n. nuo pagaminimo datos.<br \/>\n&nbsp;<\/p>\n","protected":false},"excerpt":{"rendered":"<p>Idealiai tinka ilgiems, garbanotiems ir nepaklusniems plaukams. Palengvina plauk\u0173 &scaron;ukavim\u0105 per vis\u0105 ilg\u012f, apsaugo nuo trapumo ir perd\u017ei\u016bvimo. Suteikia garbanoms gyvybingumo ir &scaron;ilkingumo bei leid\u017eia formuoti nepriekai&scaron;ting\u0105 &scaron;ukuosen\u0105. AVOKAD\u0172 ALIEJUS IR VITAMINAS F yra nepakei\u010diami kaprizing\u0173, reikli\u0173 ar pa\u017eeist\u0173 plauk\u0173 prie\u017ei\u016brai. Jie dr\u0117kina ir maitina plaukus, atkuria \u017evynelius, lygina plauk\u0173 \u017evynelius, naikina i&scaron;si&scaron;akojusius galiukus, kad [&#8230;]\n","protected":false},"featured_media":91338,"template":"","meta":[],"product_cat":[1345],"product_tag":[],"class_list":{"0":"post-50464","1":"product","2":"type-product","3":"status-publish","4":"has-post-thumbnail","6":"product_brand-markell_by-lt","7":"product_cat-kitos-plauku-prieziuros-priemones","9":"first","10":"outofstock","11":"taxable","12":"shipping-taxable","13":"product-type-simple"},"_links":{"self":[{"href":"https:\/\/e.kosmolat.eu\/lt\/wp-json\/wp\/v2\/product\/50464","targetHints":{"allow":["GET"]}}],"collection":[{"href":"https:\/\/e.kosmolat.eu\/lt\/wp-json\/wp\/v2\/product"}],"about":[{"href":"https:\/\/e.kosmolat.eu\/lt\/wp-json\/wp\/v2\/types\/product"}],"wp:featuredmedia":[{"embeddable":true,"href":"https:\/\/e.kosmolat.eu\/lt\/wp-json\/wp\/v2\/media\/91338"}],"wp:attachment":[{"href":"https:\/\/e.kosmolat.eu\/lt\/wp-json\/wp\/v2\/media?parent=50464"}],"wp:term":[{"taxonomy":"product_cat","embeddable":true,"href":"https:\/\/e.kosmolat.eu\/lt\/wp-json\/wp\/v2\/product_cat?post=50464"},{"taxonomy":"product_tag","embeddable":true,"href":"https:\/\/e.kosmolat.eu\/lt\/wp-json\/wp\/v2\/product_tag?post=50464"}],"curies":[{"name":"wp","href":"https:\/\/api.w.org\/{rel}","templated":true}]}}