{"id":50456,"date":"2024-04-25T04:02:49","date_gmt":"2024-04-25T04:02:49","guid":{"rendered":"https:\/\/e.kosmolat.eu\/product\/markell-everyday-life-styling-matu-sprejs-anti-static-195-ml\/"},"modified":"2026-03-31T20:54:21","modified_gmt":"2026-03-31T20:54:21","slug":"markell-everyday-life-styling-matu-sprejs-anti-static-195-ml","status":"publish","type":"product","link":"https:\/\/e.kosmolat.eu\/lt\/produktas\/markell-everyday-life-styling-matu-sprejs-anti-static-195-ml\/","title":{"rendered":"MARKELL EVERYDAY Life Styling Anti-Static plauk\u0173 pur\u0161kiklis, 195 ml"},"content":{"rendered":"<p>Nepakei\u010diamas produktas, norint greitai suteikti plaukams sveik\u0105 ir i&scaron;puosel\u0117t\u0105 i&scaron;vaizd\u0105. Aktyv\u016bs pur&scaron;kiklio komponentai padeda susidoroti su &ldquo;p\u016bkuotais&rdquo; ir nepaklusniais plaukais, akimirksniu pa&scaron;alina statin\u012f kr\u016bv\u012f, palengvina i&scaron;&scaron;ukavim\u0105 ir padeda i&scaron;laikyti nepriekai&scaron;ting\u0105 &scaron;ukuosen\u0105.<\/p>\n<p><strong>ALYVUOGI\u0172 ALIEJUS <\/strong>dr\u0117kina ir stiprina plaukus per vis\u0105 j\u0173 ilg\u012f, papildo maistini\u0173 komponent\u0173 tr\u016bkum\u0105, didina atsparum\u0105 &nbsp;plauk\u0173 i&scaron;saus\u0117jimui ir trapumui, gr\u0105\u017eina akinant\u012f blizges\u012f ir &scaron;ilkin\u012f glotnum\u0105.&nbsp;<br \/>\n<strong>PANTENOLIS (provitaminas B5)<\/strong> efektyviai atkuria pa\u017eeist\u0105 plauk\u0173 strukt\u016br\u0105, saugo nuo neigiamos i&scaron;orini\u0173 veiksni\u0173 \u012ftakos, suteikia plaukams elastingumo, gyvybingumo ir tvirtumo.<\/p>\n<p><strong>Naudojimas:<\/strong> purk&scaron;kite &nbsp;ant dr\u0117gn\u0173 arba saus\u0173 plauk\u0173 per vis\u0105 ilg\u012f, formuokite kaip \u012fprasta. Neb\u016btina nuskalauti!<\/p>\n<p>Laikyti nuo +5 &deg;C iki +25 &deg;C temperat\u016broje.<\/p>\n<p><strong>Geriausias:<\/strong> 36 m\u0117n. nuo pagaminimo datos.<br \/>\n&nbsp;<\/p>\n","protected":false},"excerpt":{"rendered":"<p>Nepakei\u010diamas produktas, norint greitai suteikti plaukams sveik\u0105 ir i&scaron;puosel\u0117t\u0105 i&scaron;vaizd\u0105. Aktyv\u016bs pur&scaron;kiklio komponentai padeda susidoroti su &ldquo;p\u016bkuotais&rdquo; ir nepaklusniais plaukais, akimirksniu pa&scaron;alina statin\u012f kr\u016bv\u012f, palengvina i&scaron;&scaron;ukavim\u0105 ir padeda i&scaron;laikyti nepriekai&scaron;ting\u0105 &scaron;ukuosen\u0105. ALYVUOGI\u0172 ALIEJUS dr\u0117kina ir stiprina plaukus per vis\u0105 j\u0173 ilg\u012f, papildo maistini\u0173 komponent\u0173 tr\u016bkum\u0105, didina atsparum\u0105 &nbsp;plauk\u0173 i&scaron;saus\u0117jimui ir trapumui, gr\u0105\u017eina akinant\u012f blizges\u012f ir [&#8230;]\n","protected":false},"featured_media":91334,"template":"","meta":[],"product_cat":[1345],"product_tag":[],"class_list":{"0":"post-50456","1":"product","2":"type-product","3":"status-publish","4":"has-post-thumbnail","6":"product_brand-markell_by-lt","7":"product_cat-kitos-plauku-prieziuros-priemones","9":"first","10":"outofstock","11":"taxable","12":"shipping-taxable","13":"product-type-simple"},"_links":{"self":[{"href":"https:\/\/e.kosmolat.eu\/lt\/wp-json\/wp\/v2\/product\/50456","targetHints":{"allow":["GET"]}}],"collection":[{"href":"https:\/\/e.kosmolat.eu\/lt\/wp-json\/wp\/v2\/product"}],"about":[{"href":"https:\/\/e.kosmolat.eu\/lt\/wp-json\/wp\/v2\/types\/product"}],"wp:featuredmedia":[{"embeddable":true,"href":"https:\/\/e.kosmolat.eu\/lt\/wp-json\/wp\/v2\/media\/91334"}],"wp:attachment":[{"href":"https:\/\/e.kosmolat.eu\/lt\/wp-json\/wp\/v2\/media?parent=50456"}],"wp:term":[{"taxonomy":"product_cat","embeddable":true,"href":"https:\/\/e.kosmolat.eu\/lt\/wp-json\/wp\/v2\/product_cat?post=50456"},{"taxonomy":"product_tag","embeddable":true,"href":"https:\/\/e.kosmolat.eu\/lt\/wp-json\/wp\/v2\/product_tag?post=50456"}],"curies":[{"name":"wp","href":"https:\/\/api.w.org\/{rel}","templated":true}]}}