{"id":50432,"date":"2024-04-24T04:04:52","date_gmt":"2024-04-24T04:04:52","guid":{"rendered":"https:\/\/e.kosmolat.eu\/product\/markell-professional-serums-skropstu-un-uzacu-augsanai-10-ml\/"},"modified":"2025-09-20T03:45:21","modified_gmt":"2025-09-20T03:45:21","slug":"markell-professional-serums-skropstu-un-uzacu-augsanai-10-ml","status":"publish","type":"product","link":"https:\/\/e.kosmolat.eu\/lt\/produktas\/markell-professional-serums-skropstu-un-uzacu-augsanai-10-ml\/","title":{"rendered":"MARKELL Professional Serumas blakstien\u0173 ir antaki\u0173 augimui, 10 ml"},"content":{"rendered":"<p>Veiksmingas produktas su veikliosiomis med\u017eiagomis, kurios padidina antaki\u0173 ir blakstien\u0173 tankum\u0105 ir augim\u0105 bei apimt\u012f. Priemon\u0117 atkuria plaukus ir juos pri\u017ei\u016bri po priauginimo ir laminavimo proced\u016br\u0173.&nbsp;Galima naudoti vyr\u0173 \u016bsams, barzdoms ir galvos plaukams pri\u017ei\u016br\u0117ti.&nbsp;Viduje ie&scaron;kokite liniuot\u0117s blakstien\u0173 augimui matuoti.&nbsp;*Antakiams ir blakstienoms naudokite special\u0173 &scaron;epet\u0117l\u012f.<\/p>\n<p>Be kvapo.<\/p>\n<p><strong>BIOTINOIL TRIPEPTIDE-1 <\/strong>padeda sustiprinti plauk\u0173 folikulus, suma\u017einti j\u0173 slinkim\u0105, daro blakstienas tankesnes ir ilgesnes, l\u0117tina plauk\u0173 sen\u0117jim\u0105.<br \/>\n<strong>PANTHENOL<\/strong> maitina plauk\u0173 ir svog\u016bn\u0117li\u0173 strukt\u016br\u0105, gerina esam\u0173 plauk\u0173 b\u016bkl\u0119 ir skatina aktyv\u0173 nauj\u0173 augim\u0105.<br \/>\n<strong>AMINOR\u016aG&Scaron;\u010cI\u0172 KOMPLEKSAS <\/strong>apsaugo nuo blakstien\u0173 slinkimo ir skatina nauj\u0173 augim\u0105.<\/p>\n<p><strong>Naudojimas:<\/strong> kruop&scaron;\u010diai nuvalykite od\u0105 ir plaukus nuo ne&scaron;varum\u0173 ir kosmetikos. I&scaron;imkite kontaktinius l\u0119&scaron;ius. Serumui dozuoti naudokite pipet\u0119.<br \/>\nMetodas Nr.1: 1-2 la&scaron;us produkto u\u017ela&scaron;inkite ant pir&scaron;t\u0173 galiuk\u0173, masa\u017euojamaisiais judesiais paskirstykite i&scaron;ilgai antaki\u0173 ir blakstien\u0173 augimo linijos.&nbsp;<br \/>\n2 metodas: ant &scaron;epet\u0117lio* u\u017ela&scaron;inkite 1-2 la&scaron;us serumo. Paskirstykite serum\u0105 ant antaki\u0173 ir blakstien\u0173 nuo &scaron;akn\u0173 iki galiuk\u0173, juos su&scaron;ukuokite.<\/p>\n<p><strong>Atsargumo priemon\u0117s:<\/strong> neleisti kontaktuoti su gleivine. Galimas individualus komponent\u0173 netoleravimas. Nutraukite naudojim\u0105, jei atsiranda paraudimas ar sudirginimas.<\/p>\n<p>Laikyti nuo +5 &deg;C iki +25 &deg;C temperat\u016broje.<\/p>\n<p><strong>Geriausias: <\/strong>36 m\u0117n. nuo pagaminimo datos.<br \/>\n&nbsp;<\/p>\n","protected":false},"excerpt":{"rendered":"<p>Veiksmingas produktas su veikliosiomis med\u017eiagomis, kurios padidina antaki\u0173 ir blakstien\u0173 tankum\u0105 ir augim\u0105 bei apimt\u012f. Priemon\u0117 atkuria plaukus ir juos pri\u017ei\u016bri po priauginimo ir laminavimo proced\u016br\u0173.&nbsp;Galima naudoti vyr\u0173 \u016bsams, barzdoms ir galvos plaukams pri\u017ei\u016br\u0117ti.&nbsp;Viduje ie&scaron;kokite liniuot\u0117s blakstien\u0173 augimui matuoti.&nbsp;*Antakiams ir blakstienoms naudokite special\u0173 &scaron;epet\u0117l\u012f. Be kvapo. BIOTINOIL TRIPEPTIDE-1 padeda sustiprinti plauk\u0173 folikulus, suma\u017einti j\u0173 slinkim\u0105, [&#8230;]\n","protected":false},"featured_media":91206,"template":"","meta":[],"product_cat":[2181],"product_tag":[],"class_list":{"0":"post-50432","1":"product","2":"type-product","3":"status-publish","4":"has-post-thumbnail","6":"product_brand-markell_by-lt","7":"product_cat-bez-kategorijas-lt","9":"first","10":"outofstock","11":"taxable","12":"shipping-taxable","13":"product-type-simple"},"_links":{"self":[{"href":"https:\/\/e.kosmolat.eu\/lt\/wp-json\/wp\/v2\/product\/50432","targetHints":{"allow":["GET"]}}],"collection":[{"href":"https:\/\/e.kosmolat.eu\/lt\/wp-json\/wp\/v2\/product"}],"about":[{"href":"https:\/\/e.kosmolat.eu\/lt\/wp-json\/wp\/v2\/types\/product"}],"wp:featuredmedia":[{"embeddable":true,"href":"https:\/\/e.kosmolat.eu\/lt\/wp-json\/wp\/v2\/media\/91206"}],"wp:attachment":[{"href":"https:\/\/e.kosmolat.eu\/lt\/wp-json\/wp\/v2\/media?parent=50432"}],"wp:term":[{"taxonomy":"product_cat","embeddable":true,"href":"https:\/\/e.kosmolat.eu\/lt\/wp-json\/wp\/v2\/product_cat?post=50432"},{"taxonomy":"product_tag","embeddable":true,"href":"https:\/\/e.kosmolat.eu\/lt\/wp-json\/wp\/v2\/product_tag?post=50432"}],"curies":[{"name":"wp","href":"https:\/\/api.w.org\/{rel}","templated":true}]}}