{"id":50424,"date":"2024-04-24T04:04:40","date_gmt":"2024-04-24T04:04:40","guid":{"rendered":"https:\/\/e.kosmolat.eu\/product\/markell-professional-sejas-serums-sebuma-lidzsvars-30-ml\/"},"modified":"2025-09-20T03:45:04","modified_gmt":"2025-09-20T03:45:04","slug":"markell-professional-sejas-serums-sebuma-lidzsvars-30-ml","status":"publish","type":"product","link":"https:\/\/e.kosmolat.eu\/lt\/produktas\/markell-professional-sejas-serums-sebuma-lidzsvars-30-ml\/","title":{"rendered":"MARKELL Profesionalus veido serumas Sebumo balansas, 30 ml"},"content":{"rendered":"<p>D\u0117l \u012frodyto sinergetinio poveikio aktyvieji komponentai niacinamidas ir cinkas normalizuoja riebalini\u0173 liauk\u0173 veikl\u0105, sutraukia poras, matina od\u0105 ir j\u0105 ramina.<\/p>\n<p><strong>NIACINAMIDAS<\/strong> veiksmingai ma\u017eina odos riebal\u0173 gamyb\u0105 ir por\u0173 dyd\u012f, ramina ir i&scaron;lygina odos atspalv\u012f, pa&scaron;viesina po spuog\u0173.<br \/>\n<strong>ZnPCA<\/strong> gerina odos b\u016bkl\u0119, normalizuoja odos vandens ir lipid\u0173 balans\u0105 bei riebalini\u0173 liauk\u0173 sekrecij\u0105.<br \/>\n<strong>HIALURONO R\u016aG&Scaron;TIS<\/strong> intensyviai dr\u0117kina od\u0105, suteikdama jai stangrumo ir elastingumo.<\/p>\n<p><strong>Naudojimas:<\/strong>&nbsp;naudoti kasdien ryte ir\/arba vakare po valymo. Pir&scaron;t\u0173 galiukais sukamaisiais judesiais ant veido paskirstykite 2-3 la&scaron;us produkto. Venkite aki\u0173 srities. Jei reikia, tepkite \u012fprastu dieniniu ar naktiniu kremu.<\/p>\n<p>Laikyti nuo +5 &deg;C iki +25 &deg;C temperat\u016broje.<\/p>\n<p><strong>Geriausias:<\/strong> 36 m\u0117n. nuo pagaminimo datos.<br \/>\n&nbsp;<\/p>\n","protected":false},"excerpt":{"rendered":"<p>D\u0117l \u012frodyto sinergetinio poveikio aktyvieji komponentai niacinamidas ir cinkas normalizuoja riebalini\u0173 liauk\u0173 veikl\u0105, sutraukia poras, matina od\u0105 ir j\u0105 ramina. NIACINAMIDAS veiksmingai ma\u017eina odos riebal\u0173 gamyb\u0105 ir por\u0173 dyd\u012f, ramina ir i&scaron;lygina odos atspalv\u012f, pa&scaron;viesina po spuog\u0173. ZnPCA gerina odos b\u016bkl\u0119, normalizuoja odos vandens ir lipid\u0173 balans\u0105 bei riebalini\u0173 liauk\u0173 sekrecij\u0105. HIALURONO R\u016aG&Scaron;TIS intensyviai dr\u0117kina [&#8230;]\n","protected":false},"featured_media":91202,"template":"","meta":[],"product_cat":[2181],"product_tag":[],"class_list":{"0":"post-50424","1":"product","2":"type-product","3":"status-publish","4":"has-post-thumbnail","6":"product_brand-markell_by-lt","7":"product_cat-bez-kategorijas-lt","9":"first","10":"outofstock","11":"taxable","12":"shipping-taxable","13":"product-type-simple"},"_links":{"self":[{"href":"https:\/\/e.kosmolat.eu\/lt\/wp-json\/wp\/v2\/product\/50424","targetHints":{"allow":["GET"]}}],"collection":[{"href":"https:\/\/e.kosmolat.eu\/lt\/wp-json\/wp\/v2\/product"}],"about":[{"href":"https:\/\/e.kosmolat.eu\/lt\/wp-json\/wp\/v2\/types\/product"}],"wp:featuredmedia":[{"embeddable":true,"href":"https:\/\/e.kosmolat.eu\/lt\/wp-json\/wp\/v2\/media\/91202"}],"wp:attachment":[{"href":"https:\/\/e.kosmolat.eu\/lt\/wp-json\/wp\/v2\/media?parent=50424"}],"wp:term":[{"taxonomy":"product_cat","embeddable":true,"href":"https:\/\/e.kosmolat.eu\/lt\/wp-json\/wp\/v2\/product_cat?post=50424"},{"taxonomy":"product_tag","embeddable":true,"href":"https:\/\/e.kosmolat.eu\/lt\/wp-json\/wp\/v2\/product_tag?post=50424"}],"curies":[{"name":"wp","href":"https:\/\/api.w.org\/{rel}","templated":true}]}}