{"id":50408,"date":"2024-04-24T04:03:41","date_gmt":"2024-04-24T04:03:41","guid":{"rendered":"https:\/\/e.kosmolat.eu\/product\/markell-professional-sejas-serums-veseligs-spidums-30-ml\/"},"modified":"2025-09-20T03:44:31","modified_gmt":"2025-09-20T03:44:31","slug":"markell-professional-sejas-serums-veseligs-spidums-30-ml","status":"publish","type":"product","link":"https:\/\/e.kosmolat.eu\/lt\/produktas\/markell-professional-sejas-serums-veseligs-spidums-30-ml\/","title":{"rendered":"MARKELL Professional Veido serumas Sveikas \u0161vyt\u0117jimas, 30 ml"},"content":{"rendered":"<p>&bdquo;Gro\u017eio vitamin\u0173&ldquo; C, B3, B5, B6 ir E kokteilis kartu su retu nat\u016braliu Australijos slyv\u0173 ekstraktu pagerina veido spalv\u0105 ir gr\u0105\u017eina papilk\u0117jusiai ir pavargusiai odai spindes\u012f.<\/p>\n<p><strong>SUPEROX-C<\/strong> &ndash; egzoti&scaron;k\u0173 kakadu slyv\u0173 ekstraktas, turtingas vitamino C &scaron;altinis &ndash; lygina ir &scaron;iek tiek pa&scaron;viesina veido spalv\u0105, pagerina nat\u016bral\u0173 odos &scaron;vyt\u0117jim\u0105.<br \/>\n<strong>VITAMIN\u0172 B3, B5, B6, C ir E KOMPLEKSAS<\/strong> pasi\u017eymi antioksidaciniu poveikiu ir aktyvina odos atk\u016brimo procesus, suteikdamas pavargusiai odai sveik\u0105 i&scaron;vaizd\u0105.<br \/>\n<strong>HIALURONO R\u016aG&Scaron;TIS <\/strong>neleid\u017eia odai prarasti dr\u0117gm\u0117s, didina stangrum\u0105 ir elastingum\u0105.<\/p>\n<p><strong>Naudojimas:<\/strong>&nbsp;naudoti kasdien ryte ir\/arba vakare po valymo. Pir&scaron;t\u0173 galiukais sukamaisiais judesiais ant veido paskirstykite 2-3 la&scaron;us produkto. Venkite aki\u0173 srities. Jei reikia, tepkite \u012fprastu dieniniu ar naktiniu kremu.<\/p>\n<p>Laikyti nuo +5 &deg;C iki +25 &deg;C temperat\u016broje.<\/p>\n<p><strong>Geriausias: <\/strong>36 m\u0117n. nuo pagaminimo datos.&nbsp;Gali atsirasti nedidelis produkto drumstumas ir i&scaron;kristi nuos\u0117dos.<br \/>\n&nbsp;<\/p>\n","protected":false},"excerpt":{"rendered":"<p>&bdquo;Gro\u017eio vitamin\u0173&ldquo; C, B3, B5, B6 ir E kokteilis kartu su retu nat\u016braliu Australijos slyv\u0173 ekstraktu pagerina veido spalv\u0105 ir gr\u0105\u017eina papilk\u0117jusiai ir pavargusiai odai spindes\u012f. SUPEROX-C &ndash; egzoti&scaron;k\u0173 kakadu slyv\u0173 ekstraktas, turtingas vitamino C &scaron;altinis &ndash; lygina ir &scaron;iek tiek pa&scaron;viesina veido spalv\u0105, pagerina nat\u016bral\u0173 odos &scaron;vyt\u0117jim\u0105. VITAMIN\u0172 B3, B5, B6, C ir E [&#8230;]\n","protected":false},"featured_media":91194,"template":"","meta":[],"product_cat":[2181],"product_tag":[],"class_list":{"0":"post-50408","1":"product","2":"type-product","3":"status-publish","4":"has-post-thumbnail","6":"product_brand-markell_by-lt","7":"product_cat-bez-kategorijas-lt","9":"first","10":"outofstock","11":"taxable","12":"shipping-taxable","13":"product-type-simple"},"_links":{"self":[{"href":"https:\/\/e.kosmolat.eu\/lt\/wp-json\/wp\/v2\/product\/50408","targetHints":{"allow":["GET"]}}],"collection":[{"href":"https:\/\/e.kosmolat.eu\/lt\/wp-json\/wp\/v2\/product"}],"about":[{"href":"https:\/\/e.kosmolat.eu\/lt\/wp-json\/wp\/v2\/types\/product"}],"wp:featuredmedia":[{"embeddable":true,"href":"https:\/\/e.kosmolat.eu\/lt\/wp-json\/wp\/v2\/media\/91194"}],"wp:attachment":[{"href":"https:\/\/e.kosmolat.eu\/lt\/wp-json\/wp\/v2\/media?parent=50408"}],"wp:term":[{"taxonomy":"product_cat","embeddable":true,"href":"https:\/\/e.kosmolat.eu\/lt\/wp-json\/wp\/v2\/product_cat?post=50408"},{"taxonomy":"product_tag","embeddable":true,"href":"https:\/\/e.kosmolat.eu\/lt\/wp-json\/wp\/v2\/product_tag?post=50408"}],"curies":[{"name":"wp","href":"https:\/\/api.w.org\/{rel}","templated":true}]}}