{"id":50400,"date":"2024-04-24T04:03:26","date_gmt":"2024-04-24T04:03:26","guid":{"rendered":"https:\/\/e.kosmolat.eu\/product\/markell-professional-sejas-serums-dzila-mitrinasana-30-ml\/"},"modified":"2025-09-20T03:44:13","modified_gmt":"2025-09-20T03:44:13","slug":"markell-professional-sejas-serums-dzila-mitrinasana-30-ml","status":"publish","type":"product","link":"https:\/\/e.kosmolat.eu\/lt\/produktas\/markell-professional-sejas-serums-dzila-mitrinasana-30-ml\/","title":{"rendered":"MARKELL Professional Veido serumas giliai dr\u0117kinantis, 30 ml"},"content":{"rendered":"<p>Subalansuotas hialurono r\u016bg&scaron;ties, aminor\u016bg&scaron;\u010di\u0173 komplekso ir Tremella (sniego grybo) ekstrakto derinys akimirksniu sudr\u0117kina pavir&scaron;in\u0119 od\u0105 ir intensyviai prisotina dr\u0117gm\u0119 visuose sluoksniuose, padidina odos tonus\u0105 ir elastingum\u0105, padeda i&scaron;lyginti rauk&scaron;les.<\/p>\n<p><strong>HIALURONO R\u016aG&Scaron;TIS <\/strong>sudaro kv\u0117puojan\u010di\u0105 apsaugin\u0119 pl\u0117vel\u0119 ant odos pavir&scaron;iaus, taip u\u017ekertant keli\u0105 dr\u0117gm\u0117s praradimui ir prie&scaron;laikiniam sen\u0117jimui.<br \/>\n<strong>TREMELLA EKSTRAKTAS<\/strong> d\u0117l didelio ma\u017eos molekulin\u0117s mas\u0117s augalinio kolageno ir polisacharid\u0173 kiekio suteikia odai elastingumo ir ilgalaik\u012f dr\u0117kinim\u0105.<br \/>\n<strong>AMINOR\u016aG&Scaron;\u010cI\u0172 KOMPLEKSAS<\/strong>, kuris yra nat\u016bralaus odos dr\u0117kinimo faktoriaus dalis,<\/p>\n<p><strong>Naudojimas: <\/strong>naudoti kasdien ryte ir\/arba vakare po valymo. Pir&scaron;t\u0173 galiukais sukamaisiais judesiais ant veido paskirstykite 2-3 la&scaron;us produkto. Venkite aki\u0173 srities. Jei reikia, tepkite \u012fprastu dieniniu ar naktiniu kremu.<\/p>\n<p>Laikyti nuo +5 &deg;C iki +25 &deg;C temperat\u016broje.<\/p>\n<p><strong>Geriausias:<\/strong> 36 m\u0117n. nuo pagaminimo datos.<br \/>\n&nbsp;<\/p>\n","protected":false},"excerpt":{"rendered":"<p>Subalansuotas hialurono r\u016bg&scaron;ties, aminor\u016bg&scaron;\u010di\u0173 komplekso ir Tremella (sniego grybo) ekstrakto derinys akimirksniu sudr\u0117kina pavir&scaron;in\u0119 od\u0105 ir intensyviai prisotina dr\u0117gm\u0119 visuose sluoksniuose, padidina odos tonus\u0105 ir elastingum\u0105, padeda i&scaron;lyginti rauk&scaron;les. HIALURONO R\u016aG&Scaron;TIS sudaro kv\u0117puojan\u010di\u0105 apsaugin\u0119 pl\u0117vel\u0119 ant odos pavir&scaron;iaus, taip u\u017ekertant keli\u0105 dr\u0117gm\u0117s praradimui ir prie&scaron;laikiniam sen\u0117jimui. TREMELLA EKSTRAKTAS d\u0117l didelio ma\u017eos molekulin\u0117s mas\u0117s augalinio kolageno [&#8230;]\n","protected":false},"featured_media":91190,"template":"","meta":[],"product_cat":[2181],"product_tag":[],"class_list":{"0":"post-50400","1":"product","2":"type-product","3":"status-publish","4":"has-post-thumbnail","6":"product_brand-markell_by-lt","7":"product_cat-bez-kategorijas-lt","9":"first","10":"outofstock","11":"taxable","12":"shipping-taxable","13":"product-type-simple"},"_links":{"self":[{"href":"https:\/\/e.kosmolat.eu\/lt\/wp-json\/wp\/v2\/product\/50400","targetHints":{"allow":["GET"]}}],"collection":[{"href":"https:\/\/e.kosmolat.eu\/lt\/wp-json\/wp\/v2\/product"}],"about":[{"href":"https:\/\/e.kosmolat.eu\/lt\/wp-json\/wp\/v2\/types\/product"}],"wp:featuredmedia":[{"embeddable":true,"href":"https:\/\/e.kosmolat.eu\/lt\/wp-json\/wp\/v2\/media\/91190"}],"wp:attachment":[{"href":"https:\/\/e.kosmolat.eu\/lt\/wp-json\/wp\/v2\/media?parent=50400"}],"wp:term":[{"taxonomy":"product_cat","embeddable":true,"href":"https:\/\/e.kosmolat.eu\/lt\/wp-json\/wp\/v2\/product_cat?post=50400"},{"taxonomy":"product_tag","embeddable":true,"href":"https:\/\/e.kosmolat.eu\/lt\/wp-json\/wp\/v2\/product_tag?post=50400"}],"curies":[{"name":"wp","href":"https:\/\/api.w.org\/{rel}","templated":true}]}}