{"id":50392,"date":"2024-04-24T04:02:27","date_gmt":"2024-04-24T04:02:27","guid":{"rendered":"https:\/\/e.kosmolat.eu\/product\/markell-pro-bio-micelarais-udens-5-in-1-430-ml\/"},"modified":"2025-09-20T03:42:51","modified_gmt":"2025-09-20T03:42:51","slug":"markell-pro-bio-micelarais-udens-5-in-1-430-ml","status":"publish","type":"product","link":"https:\/\/e.kosmolat.eu\/lt\/produktas\/markell-pro-bio-micelarais-udens-5-in-1-430-ml\/","title":{"rendered":"MARKELL Pro-Bio micelinis vanduo 5 in 1, 430 ml"},"content":{"rendered":"<p>Micelinis vanduo greitai i&scaron;valo od\u0105 nuo kosmetikos ir kit\u0173 ne&scaron;varum\u0173, suteikia &scaron;varos poj\u016bt\u012f, paruo&scaron;ia od\u0105 tolesnei prie\u017ei\u016brai. Sud\u0117tyje esantys aktyv\u016bs komponentai gr\u0105\u017eina stangrum\u0105 ir elastingum\u0105, gaivina, padeda i&scaron;laikyti od\u0105 lygi\u0105, sveik\u0105 ir spindin\u010di\u0105.&nbsp;<\/p>\n<p><strong>AMINOR\u016aG&Scaron;\u010cI\u0172 IR HIDROKSIR\u016aG&Scaron;\u010cI\u0172 KOMPLEKSAS<\/strong> dr\u0117kina, ramina ir saugo od\u0105 nuo i&scaron;saus\u0117jimo, tod\u0117l ji tampa lygi ir &scaron;ilkin\u0117.<br \/>\n<strong>PANTENOLIS <\/strong>turi raminam\u0105j\u012f, dr\u0117kinam\u0105j\u012f ir lyginam\u0105j\u012f poveik\u012f.<br \/>\n<strong>ARB\u016aZ\u0172 EKSTRAKTAS<\/strong> palaiko odos elastingum\u0105, suteikia jai &scaron;velnumo ir glotnumo, gerina veido spalv\u0105.<br \/>\n<strong>BETAINAS<\/strong> pasi\u017eymi puikiomis dr\u0117kinamosiomis, mink&scaron;tinan\u010diomis ir raminan\u010diomis savyb\u0117mis.<\/p>\n<p><strong>Naudojimas:<\/strong> nedidel\u012f kiek\u012f micelinio vandens u\u017etepkite ant vatos diskelio, lengvais judesiais nuvalykite veid\u0105 ir nuplaukite vandeniu. Paruo&scaron;ia od\u0105 tolimesnei prie\u017ei\u016brai.<\/p>\n<p>Laikyti nuo +5 &deg;C iki +25 &deg;C temperat\u016broje.<\/p>\n<p><strong>Geriausias:<\/strong> 36 m\u0117n. nuo pagaminimo datos.<br \/>\n&nbsp;<\/p>\n","protected":false},"excerpt":{"rendered":"<p>Micelinis vanduo greitai i&scaron;valo od\u0105 nuo kosmetikos ir kit\u0173 ne&scaron;varum\u0173, suteikia &scaron;varos poj\u016bt\u012f, paruo&scaron;ia od\u0105 tolesnei prie\u017ei\u016brai. Sud\u0117tyje esantys aktyv\u016bs komponentai gr\u0105\u017eina stangrum\u0105 ir elastingum\u0105, gaivina, padeda i&scaron;laikyti od\u0105 lygi\u0105, sveik\u0105 ir spindin\u010di\u0105.&nbsp; AMINOR\u016aG&Scaron;\u010cI\u0172 IR HIDROKSIR\u016aG&Scaron;\u010cI\u0172 KOMPLEKSAS dr\u0117kina, ramina ir saugo od\u0105 nuo i&scaron;saus\u0117jimo, tod\u0117l ji tampa lygi ir &scaron;ilkin\u0117. PANTENOLIS turi raminam\u0105j\u012f, dr\u0117kinam\u0105j\u012f ir [&#8230;]\n","protected":false},"featured_media":91170,"template":"","meta":[],"product_cat":[2181],"product_tag":[],"class_list":{"0":"post-50392","1":"product","2":"type-product","3":"status-publish","4":"has-post-thumbnail","6":"product_brand-markell_by-lt","7":"product_cat-bez-kategorijas-lt","9":"first","10":"outofstock","11":"taxable","12":"shipping-taxable","13":"product-type-simple"},"_links":{"self":[{"href":"https:\/\/e.kosmolat.eu\/lt\/wp-json\/wp\/v2\/product\/50392","targetHints":{"allow":["GET"]}}],"collection":[{"href":"https:\/\/e.kosmolat.eu\/lt\/wp-json\/wp\/v2\/product"}],"about":[{"href":"https:\/\/e.kosmolat.eu\/lt\/wp-json\/wp\/v2\/types\/product"}],"wp:featuredmedia":[{"embeddable":true,"href":"https:\/\/e.kosmolat.eu\/lt\/wp-json\/wp\/v2\/media\/91170"}],"wp:attachment":[{"href":"https:\/\/e.kosmolat.eu\/lt\/wp-json\/wp\/v2\/media?parent=50392"}],"wp:term":[{"taxonomy":"product_cat","embeddable":true,"href":"https:\/\/e.kosmolat.eu\/lt\/wp-json\/wp\/v2\/product_cat?post=50392"},{"taxonomy":"product_tag","embeddable":true,"href":"https:\/\/e.kosmolat.eu\/lt\/wp-json\/wp\/v2\/product_tag?post=50392"}],"curies":[{"name":"wp","href":"https:\/\/api.w.org\/{rel}","templated":true}]}}