{"id":50376,"date":"2024-04-23T04:05:40","date_gmt":"2024-04-23T04:05:40","guid":{"rendered":"https:\/\/e.kosmolat.eu\/product\/za-sejas-krems-olivu-200-ml\/"},"modified":"2026-05-08T21:06:33","modified_gmt":"2026-05-08T21:06:33","slug":"gp-sejas-krems-olivu-200-ml","status":"publish","type":"product","link":"https:\/\/e.kosmolat.eu\/lt\/produktas\/gp-sejas-krems-olivu-200-ml\/","title":{"rendered":"GREEN PHARMACY Kremas veidui Alyvuogi\u0173, 200ml"},"content":{"rendered":"<p>Tinka vis\u0173 tip\u0173 odai.Kremas gr\u0105\u017eina odai mink&scaron;tum\u0105, &scaron;velnum\u0105 ir gaivum\u0105. Apsaugo l\u0105steles nuo agresyvi\u0173 aplinkos veiksni\u0173, i&scaron;saugo odos stangrum\u0105 ir elastingum\u0105. Maitina od\u0105 ir stimuliuoja jos atnaujinim\u0105, suteikia \u017eav\u0173 &scaron;velnum\u0105.<\/p>\n<p>Sud\u0117tyje yra vitamino A. Prie&scaron; naudojant atsi\u017evelgti \u012f paros doze.<\/p>\n<p>NAUDOJIMO B\u016aDAS: U\u017etepti ant &scaron;varios veido ir kaklo odos.<\/p>\n<p>LAIKYMO S\u0104LYGOS: nuo +5 &deg; C iki +25 &deg; C.<\/p>\n","protected":false},"excerpt":{"rendered":"<p>Tinka vis\u0173 tip\u0173 odai.Kremas gr\u0105\u017eina odai mink&scaron;tum\u0105, &scaron;velnum\u0105 ir gaivum\u0105. Apsaugo l\u0105steles nuo agresyvi\u0173 aplinkos veiksni\u0173, i&scaron;saugo odos stangrum\u0105 ir elastingum\u0105. Maitina od\u0105 ir stimuliuoja jos atnaujinim\u0105, suteikia \u017eav\u0173 &scaron;velnum\u0105. Sud\u0117tyje yra vitamino A. Prie&scaron; naudojant atsi\u017evelgti \u012f paros doze. NAUDOJIMO B\u016aDAS: U\u017etepti ant &scaron;varios veido ir kaklo odos. LAIKYMO S\u0104LYGOS: nuo +5 &deg; C [&#8230;]\n","protected":false},"featured_media":104388,"template":"","meta":[],"product_cat":[1322],"product_tag":[],"class_list":{"0":"post-50376","1":"product","2":"type-product","3":"status-publish","4":"has-post-thumbnail","6":"product_brand-elfa_ua-lt","7":"product_cat-veido-kremai","9":"first","10":"instock","11":"taxable","12":"shipping-taxable","13":"product-type-simple"},"_links":{"self":[{"href":"https:\/\/e.kosmolat.eu\/lt\/wp-json\/wp\/v2\/product\/50376","targetHints":{"allow":["GET"]}}],"collection":[{"href":"https:\/\/e.kosmolat.eu\/lt\/wp-json\/wp\/v2\/product"}],"about":[{"href":"https:\/\/e.kosmolat.eu\/lt\/wp-json\/wp\/v2\/types\/product"}],"wp:featuredmedia":[{"embeddable":true,"href":"https:\/\/e.kosmolat.eu\/lt\/wp-json\/wp\/v2\/media\/104388"}],"wp:attachment":[{"href":"https:\/\/e.kosmolat.eu\/lt\/wp-json\/wp\/v2\/media?parent=50376"}],"wp:term":[{"taxonomy":"product_cat","embeddable":true,"href":"https:\/\/e.kosmolat.eu\/lt\/wp-json\/wp\/v2\/product_cat?post=50376"},{"taxonomy":"product_tag","embeddable":true,"href":"https:\/\/e.kosmolat.eu\/lt\/wp-json\/wp\/v2\/product_tag?post=50376"}],"curies":[{"name":"wp","href":"https:\/\/api.w.org\/{rel}","templated":true}]}}