{"id":50368,"date":"2024-04-23T04:05:24","date_gmt":"2024-04-23T04:05:24","guid":{"rendered":"https:\/\/e.kosmolat.eu\/product\/za-sejas-krems-multivitaminu-komplekss-100-ml\/"},"modified":"2025-09-19T16:20:19","modified_gmt":"2025-09-19T16:20:19","slug":"za-sejas-krems-multivitaminu-komplekss-100-ml","status":"publish","type":"product","link":"https:\/\/e.kosmolat.eu\/lt\/produktas\/za-sejas-krems-multivitaminu-komplekss-100-ml\/","title":{"rendered":"&#8220;ZA&#8221; Veido kremas &#8220;Multivitamin\u0173 kompleksas&#8221; 100ml"},"content":{"rendered":"<p>Veido kremas su aronijos ir granato ekstraktais.<\/p>\n<p>Aronijos ekstraktas stiprina kapiliar\u0173 sieneles, pa&scaron;alina patinimus. Granato ekstraktas ir multivitamin\u0173 kompleksas (PP, A, E, F) pagerina veido spalv\u0105, stabdo odos sen\u0117jimo proces\u0105. Ro\u017einis va&scaron;kas apsaugo nuo \u017ealingo aplinkos poveikio.<\/p>\n<p><strong>Naudojimo b\u016bdas:&nbsp;<\/strong>u\u017etepti ant &scaron;varios veido ir kaklo odos.<\/p>\n<p><strong>Laikymo s\u0105lygos:<\/strong> nuo +8&deg;\u0421 iki +25&deg;C. Po atidarymo naudoti 12 m\u0117nesi\u0173. <\/p>\n","protected":false},"excerpt":{"rendered":"<p>Veido kremas su aronijos ir granato ekstraktais. Aronijos ekstraktas stiprina kapiliar\u0173 sieneles, pa&scaron;alina patinimus. Granato ekstraktas ir multivitamin\u0173 kompleksas (PP, A, E, F) pagerina veido spalv\u0105, stabdo odos sen\u0117jimo proces\u0105. Ro\u017einis va&scaron;kas apsaugo nuo \u017ealingo aplinkos poveikio. Naudojimo b\u016bdas:&nbsp;u\u017etepti ant &scaron;varios veido ir kaklo odos. Laikymo s\u0105lygos: nuo +8&deg;\u0421 iki +25&deg;C. Po atidarymo naudoti 12 [&#8230;]\n","protected":false},"featured_media":79574,"template":"","meta":[],"product_cat":[1322],"product_tag":[],"class_list":{"0":"post-50368","1":"product","2":"type-product","3":"status-publish","4":"has-post-thumbnail","6":"product_brand-elfa_ua-lt","7":"product_cat-veido-kremai","9":"first","10":"outofstock","11":"taxable","12":"shipping-taxable","13":"product-type-simple"},"_links":{"self":[{"href":"https:\/\/e.kosmolat.eu\/lt\/wp-json\/wp\/v2\/product\/50368","targetHints":{"allow":["GET"]}}],"collection":[{"href":"https:\/\/e.kosmolat.eu\/lt\/wp-json\/wp\/v2\/product"}],"about":[{"href":"https:\/\/e.kosmolat.eu\/lt\/wp-json\/wp\/v2\/types\/product"}],"wp:featuredmedia":[{"embeddable":true,"href":"https:\/\/e.kosmolat.eu\/lt\/wp-json\/wp\/v2\/media\/79574"}],"wp:attachment":[{"href":"https:\/\/e.kosmolat.eu\/lt\/wp-json\/wp\/v2\/media?parent=50368"}],"wp:term":[{"taxonomy":"product_cat","embeddable":true,"href":"https:\/\/e.kosmolat.eu\/lt\/wp-json\/wp\/v2\/product_cat?post=50368"},{"taxonomy":"product_tag","embeddable":true,"href":"https:\/\/e.kosmolat.eu\/lt\/wp-json\/wp\/v2\/product_tag?post=50368"}],"curies":[{"name":"wp","href":"https:\/\/api.w.org\/{rel}","templated":true}]}}