{"id":50360,"date":"2024-04-23T04:05:07","date_gmt":"2024-04-23T04:05:07","guid":{"rendered":"https:\/\/e.kosmolat.eu\/product\/dr-s-black-castor-oil-balzams-200-ml\/"},"modified":"2025-09-19T22:28:40","modified_gmt":"2025-09-19T22:28:40","slug":"i_dr-s-black-castor-oil-balzams-200-ml","status":"publish","type":"product","link":"https:\/\/e.kosmolat.eu\/lt\/produktas\/i_dr-s-black-castor-oil-balzams-200-ml\/","title":{"rendered":"I_DR.SANTE Black Castor Oil Balzamas, 200 ml"},"content":{"rendered":"<p>Black Castor Oil serija pripildyta unikali\u0173 aliej\u0173 savybi\u0173 ir augalini\u0173 aminor\u016bg&scaron;\u010di\u0173 galios. Nat\u016bralaus ricinos aliejaus sud\u0117tyje yra 90% naudingos ricinolio r\u016bg&scaron;ties, kuri stiprina i&scaron;sekusius ir nusilpusius plaukus.<br \/>\nKvie\u010di\u0173 ir soj\u0173 aminor\u016bg&scaron;\u010di\u0173 kompleksas yra moderni augalin\u0117 alternatyva gyvuliniam keratinui. Sulaiko vandens molekules plauko viduje, apsaugo nuo plauk\u0173 l\u016b\u017ein\u0117jimo ir galiuk\u0173 skilin\u0117jimo. Ricinos aliejus sudarytas i&scaron; riebal\u0173 r\u016bg&scaron;\u010di\u0173 triglicerid\u0173. Stiprina plaukus, suteikia jiems &scaron;velnumo ir \u017evilgesio. Plukentij\u0173 &nbsp;aliejuje gausu sveik\u0173 polineso\u010di\u0173j\u0173 riebal\u0173 r\u016bg&scaron;\u010di\u0173 Omega 3, 6, 9 ir tokoferoli\u0173. Atkuria apsaugin\u012f plauk\u0173 lipid\u0173 sluoksn\u012f, tod\u0117l jie tampa atsparesni pa\u017eeidimams. Balzamas padaro plaukus &scaron;ilkinius, \u017evilgan\u010dius ir paklusnius, suteikia antistatin\u012f efekt\u0105, palengvina &scaron;ukavim\u0105.<\/p>\n<p><strong>Naudojimas: <\/strong>Tepkite ant &scaron;vari\u0173, dr\u0117gn\u0173 plauk\u0173, paskirstykite per vis\u0105 ilg\u012f, vengdami &scaron;akn\u0173 zonos. Palikite 1-2 minutes, tada kruop&scaron;\u010diai nuplaukite.<\/p>\n<p><strong>Atsargumo priemon\u0117s:<\/strong> Patekus \u012f akis, praplauti vandeniu. Galimas padid\u0117j\u0119s individualus jautrumas atskiriems komponentams.<\/p>\n","protected":false},"excerpt":{"rendered":"<p>Black Castor Oil serija pripildyta unikali\u0173 aliej\u0173 savybi\u0173 ir augalini\u0173 aminor\u016bg&scaron;\u010di\u0173 galios. Nat\u016bralaus ricinos aliejaus sud\u0117tyje yra 90% naudingos ricinolio r\u016bg&scaron;ties, kuri stiprina i&scaron;sekusius ir nusilpusius plaukus. Kvie\u010di\u0173 ir soj\u0173 aminor\u016bg&scaron;\u010di\u0173 kompleksas yra moderni augalin\u0117 alternatyva gyvuliniam keratinui. Sulaiko vandens molekules plauko viduje, apsaugo nuo plauk\u0173 l\u016b\u017ein\u0117jimo ir galiuk\u0173 skilin\u0117jimo. Ricinos aliejus sudarytas i&scaron; riebal\u0173 [&#8230;]\n","protected":false},"featured_media":86150,"template":"","meta":[],"product_cat":[1640],"product_tag":[],"class_list":{"0":"post-50360","1":"product","2":"type-product","3":"status-publish","4":"has-post-thumbnail","6":"product_brand-elfa_ua-lt","7":"product_cat-balzamai","9":"first","10":"outofstock","11":"taxable","12":"shipping-taxable","13":"product-type-simple"},"_links":{"self":[{"href":"https:\/\/e.kosmolat.eu\/lt\/wp-json\/wp\/v2\/product\/50360","targetHints":{"allow":["GET"]}}],"collection":[{"href":"https:\/\/e.kosmolat.eu\/lt\/wp-json\/wp\/v2\/product"}],"about":[{"href":"https:\/\/e.kosmolat.eu\/lt\/wp-json\/wp\/v2\/types\/product"}],"wp:featuredmedia":[{"embeddable":true,"href":"https:\/\/e.kosmolat.eu\/lt\/wp-json\/wp\/v2\/media\/86150"}],"wp:attachment":[{"href":"https:\/\/e.kosmolat.eu\/lt\/wp-json\/wp\/v2\/media?parent=50360"}],"wp:term":[{"taxonomy":"product_cat","embeddable":true,"href":"https:\/\/e.kosmolat.eu\/lt\/wp-json\/wp\/v2\/product_cat?post=50360"},{"taxonomy":"product_tag","embeddable":true,"href":"https:\/\/e.kosmolat.eu\/lt\/wp-json\/wp\/v2\/product_tag?post=50360"}],"curies":[{"name":"wp","href":"https:\/\/api.w.org\/{rel}","templated":true}]}}