{"id":50352,"date":"2024-04-23T04:04:46","date_gmt":"2024-04-23T04:04:46","guid":{"rendered":"https:\/\/e.kosmolat.eu\/product\/markell-superfood-sejas-serums-ogu-mitrinasana-30-ml\/"},"modified":"2025-09-20T03:52:08","modified_gmt":"2025-09-20T03:52:08","slug":"markell-superfood-sejas-serums-ogu-mitrinasana-30-ml","status":"publish","type":"product","link":"https:\/\/e.kosmolat.eu\/lt\/produktas\/markell-superfood-sejas-serums-ogu-mitrinasana-30-ml\/","title":{"rendered":"MARKELL Superfood Veido serumas Uog\u0173 maitinimas, 30 ml"},"content":{"rendered":"<p>Nat\u016brali\u0173 SUPER uog\u0173 ekstrakt\u0173 pagrindu sukurtas SUPER sveikas serumas d\u0117l savo lengvos tekst\u016bros greitai susigeria \u012f od\u0105 ir maitina j\u0105 i&scaron; vidaus, suteikdamas gaivumo ir spindesio. Specialiai parinktas veikli\u0173j\u0173 med\u017eiag\u0173 kompleksas intensyviai dr\u0117kina od\u0105 ir sustiprina jos apsaugines funkcijas.<\/p>\n<p><strong>VARRIER TM<\/strong> yra aktyvus komponentas, pagamintas i&scaron; unikalaus nat\u016brali\u0173 keturi\u0173 uog\u0173 ekstrakt\u0173 derinio: goji, &scaron;ilkmed\u017ei\u0173, rauger&scaron;ki\u0173 ir bra&scaron;ki\u0173. \u017dymiai padidina odos dr\u0117kinim\u0105. Tai antioksidantas ir apsaugo od\u0105 nuo agresyvi\u0173 UVB spinduli\u0173.<br \/>\n<strong>&Scaron;ALTALANKI\u0172 &nbsp;EKSTRAKTAS<\/strong> pasi\u017eymi maitinamuoju ir regeneruojan\u010diu poveikiu. Padidina odos elastingum\u0105 ir efektyviai ma\u017eina pleiskanojim\u0105.<br \/>\n<strong>ACAI UOG\u0172 EKSTRAKTAS <\/strong>mink&scaron;tina od\u0105, pasi\u017eymi dideliu antioksidaciniu aktyvumu ir neutralizuoja laisv\u0173j\u0173 radikal\u0173 poveik\u012f.<\/p>\n<p><strong>Naudojimas: <\/strong>naudoti kasdien ryte ir\/arba vakare po valymo. Pir&scaron;t\u0173 galiukais sukamaisiais judesiais ant veido paskirstykite 2-3 la&scaron;us produkto. Venkite aki\u0173 srities. Jei reikia, tepkite \u012fprastu dieniniu ar naktiniu kremu.<\/p>\n<p>Laikyti nuo +5 &deg;C iki +25 &deg;C temperat\u016broje.<\/p>\n<p><strong>Geriausias:<\/strong> 24 m\u0117n. nuo pagaminimo datos.<br \/>\n&nbsp;<\/p>\n","protected":false},"excerpt":{"rendered":"<p>Nat\u016brali\u0173 SUPER uog\u0173 ekstrakt\u0173 pagrindu sukurtas SUPER sveikas serumas d\u0117l savo lengvos tekst\u016bros greitai susigeria \u012f od\u0105 ir maitina j\u0105 i&scaron; vidaus, suteikdamas gaivumo ir spindesio. Specialiai parinktas veikli\u0173j\u0173 med\u017eiag\u0173 kompleksas intensyviai dr\u0117kina od\u0105 ir sustiprina jos apsaugines funkcijas. VARRIER TM yra aktyvus komponentas, pagamintas i&scaron; unikalaus nat\u016brali\u0173 keturi\u0173 uog\u0173 ekstrakt\u0173 derinio: goji, &scaron;ilkmed\u017ei\u0173, rauger&scaron;ki\u0173 [&#8230;]\n","protected":false},"featured_media":91322,"template":"","meta":[],"product_cat":[1327],"product_tag":[],"class_list":{"0":"post-50352","1":"product","2":"type-product","3":"status-publish","4":"has-post-thumbnail","6":"product_brand-markell_by-lt","7":"product_cat-serumai","9":"first","10":"outofstock","11":"taxable","12":"shipping-taxable","13":"product-type-simple"},"_links":{"self":[{"href":"https:\/\/e.kosmolat.eu\/lt\/wp-json\/wp\/v2\/product\/50352","targetHints":{"allow":["GET"]}}],"collection":[{"href":"https:\/\/e.kosmolat.eu\/lt\/wp-json\/wp\/v2\/product"}],"about":[{"href":"https:\/\/e.kosmolat.eu\/lt\/wp-json\/wp\/v2\/types\/product"}],"wp:featuredmedia":[{"embeddable":true,"href":"https:\/\/e.kosmolat.eu\/lt\/wp-json\/wp\/v2\/media\/91322"}],"wp:attachment":[{"href":"https:\/\/e.kosmolat.eu\/lt\/wp-json\/wp\/v2\/media?parent=50352"}],"wp:term":[{"taxonomy":"product_cat","embeddable":true,"href":"https:\/\/e.kosmolat.eu\/lt\/wp-json\/wp\/v2\/product_cat?post=50352"},{"taxonomy":"product_tag","embeddable":true,"href":"https:\/\/e.kosmolat.eu\/lt\/wp-json\/wp\/v2\/product_tag?post=50352"}],"curies":[{"name":"wp","href":"https:\/\/api.w.org\/{rel}","templated":true}]}}