{"id":50344,"date":"2024-04-23T04:04:31","date_gmt":"2024-04-23T04:04:31","guid":{"rendered":"https:\/\/e.kosmolat.eu\/product\/markell-superfood-sejas-serums-riekstu-barosana-30-ml\/"},"modified":"2025-09-20T03:51:53","modified_gmt":"2025-09-20T03:51:53","slug":"markell-superfood-sejas-serums-riekstu-barosana-30-ml","status":"publish","type":"product","link":"https:\/\/e.kosmolat.eu\/lt\/produktas\/markell-superfood-sejas-serums-riekstu-barosana-30-ml\/","title":{"rendered":"MARKELL Superfood Veido serumas Rie\u0161utinis maitinimas, 30 ml"},"content":{"rendered":"<p>Ypatingai maitinantis serumas nat\u016brali\u0173 aliej\u0173 pagrindu, kuris giliai \u012fsiskverbia \u012f od\u0105 ir prisotina j\u0105 naudingais vitaminais ir mineralais, efektyviai dr\u0117kina ir mink&scaron;tina od\u0105, suteikdamas jai elastingumo, aksomin\u0117s ir i&scaron;puosel\u0117tos i&scaron;vaizdos. Nepalieka riebaus blizgesio. Tinka visiems odos tipams.<\/p>\n<p><strong>MAKADAMIJ\u0172 ALIEJUS <\/strong>maitina ir regeneruoja bei yra puiki priemon\u0117 odai apsaugoti nuo agresyvaus i&scaron;or\u0117s veiksni\u0173 poveikio. L\u0117tinant sen\u0117jimo procesus, skatinamas odos atsinaujinimas ir atstatomas nat\u016bralus jos tonusas, i&scaron;lyginamos rauk&scaron;l\u0117s.<br \/>\n<strong>DELICE EXTREME<\/strong> &ndash; pekano rie&scaron;ut\u0173 ekstrakt\u0173 ir klev\u0173 sirupo kompleksas. Ypatingai maitinamasis serumas nat\u016brali\u0173 aliej\u0173 pagrindu, kuris giliai \u012fsiskverbia \u012f od\u0105 ir prisotina j\u0105 naudingais vitaminais ir mineralais, efektyviai dr\u0117kina ir mink&scaron;tina od\u0105, suteikdamas jai elastingumo, aksomin\u0117s ir i&scaron;puosel\u0117tos i&scaron;vaizdos. Nepalieka riebaus blizgesio. Tinka visiems odos tipams. Jis turi dr\u0117kinan\u010di\u0173, maitinan\u010di\u0173, raminan\u010di\u0173 ir antioksidacini\u0173 savybi\u0173.<br \/>\n<strong>MIGDOL\u0172 ALIEJUS<\/strong> &scaron;velniai r\u016bpinasi oda, suma\u017eina transepidermin\u012f dr\u0117gm\u0117s praradim\u0105, naikina sausos odos po\u017eymius.<\/p>\n<p><strong>Naudojimas<\/strong>: naudoti kasdien ryte ir\/arba vakare po valymo. Pir&scaron;t\u0173 galiukais sukamaisiais judesiais ant veido paskirstykite 2-3 la&scaron;us produkto. Venkite aki\u0173 srities. Jei reikia, tepkite \u012fprastu dieniniu ar naktiniu kremu.<\/p>\n<p>Laikyti nuo +5 &deg;C iki +25 &deg;C temperat\u016broje.<\/p>\n<p><strong>Geriausias:<\/strong> 24 m\u0117n. nuo pagaminimo datos.<br \/>\n&nbsp;<\/p>\n","protected":false},"excerpt":{"rendered":"<p>Ypatingai maitinantis serumas nat\u016brali\u0173 aliej\u0173 pagrindu, kuris giliai \u012fsiskverbia \u012f od\u0105 ir prisotina j\u0105 naudingais vitaminais ir mineralais, efektyviai dr\u0117kina ir mink&scaron;tina od\u0105, suteikdamas jai elastingumo, aksomin\u0117s ir i&scaron;puosel\u0117tos i&scaron;vaizdos. Nepalieka riebaus blizgesio. Tinka visiems odos tipams. MAKADAMIJ\u0172 ALIEJUS maitina ir regeneruoja bei yra puiki priemon\u0117 odai apsaugoti nuo agresyvaus i&scaron;or\u0117s veiksni\u0173 poveikio. L\u0117tinant sen\u0117jimo [&#8230;]\n","protected":false},"featured_media":91318,"template":"","meta":[],"product_cat":[1327],"product_tag":[],"class_list":{"0":"post-50344","1":"product","2":"type-product","3":"status-publish","4":"has-post-thumbnail","6":"product_brand-markell_by-lt","7":"product_cat-serumai","9":"first","10":"outofstock","11":"taxable","12":"shipping-taxable","13":"product-type-simple"},"_links":{"self":[{"href":"https:\/\/e.kosmolat.eu\/lt\/wp-json\/wp\/v2\/product\/50344","targetHints":{"allow":["GET"]}}],"collection":[{"href":"https:\/\/e.kosmolat.eu\/lt\/wp-json\/wp\/v2\/product"}],"about":[{"href":"https:\/\/e.kosmolat.eu\/lt\/wp-json\/wp\/v2\/types\/product"}],"wp:featuredmedia":[{"embeddable":true,"href":"https:\/\/e.kosmolat.eu\/lt\/wp-json\/wp\/v2\/media\/91318"}],"wp:attachment":[{"href":"https:\/\/e.kosmolat.eu\/lt\/wp-json\/wp\/v2\/media?parent=50344"}],"wp:term":[{"taxonomy":"product_cat","embeddable":true,"href":"https:\/\/e.kosmolat.eu\/lt\/wp-json\/wp\/v2\/product_cat?post=50344"},{"taxonomy":"product_tag","embeddable":true,"href":"https:\/\/e.kosmolat.eu\/lt\/wp-json\/wp\/v2\/product_tag?post=50344"}],"curies":[{"name":"wp","href":"https:\/\/api.w.org\/{rel}","templated":true}]}}