{"id":50336,"date":"2024-04-23T04:04:15","date_gmt":"2024-04-23T04:04:15","guid":{"rendered":"https:\/\/e.kosmolat.eu\/product\/markell-superfood-aqua-mist-izsmidz-lidz-sejai-un-kerm-avene-un-baziliks-100-ml\/"},"modified":"2025-09-20T03:51:26","modified_gmt":"2025-09-20T03:51:26","slug":"markell-superfood-aqua-mist-izsmidz-lidz-sejai-un-kerm-avene-un-baziliks-100-ml","status":"publish","type":"product","link":"https:\/\/e.kosmolat.eu\/lt\/produktas\/markell-superfood-aqua-mist-izsmidz-lidz-sejai-un-kerm-avene-un-baziliks-100-ml\/","title":{"rendered":"MARKELL Superfood Aqua-mist veidui ir k\u016bnui Aviet\u0117s ir Bazilikai, 100 ml"},"content":{"rendered":"<p>\u012esisukite \u012f lengv\u0105 tonizuojan\u010di\u0105 avie\u010di\u0173 ir bazilik\u0173 migl\u0105! Lengva naudoti ir kompakti&scaron;ka, vandens dulksna akimirksniu atgaivina od\u0105. Aktyv\u016bs komponentai prisotina od\u0105 dr\u0117gme, prisotina j\u0105 vitaminais ir amino r\u016bg&scaron;timis. Kvapas ilgai i&scaron;silaikys ant odos ir suteiks v\u0117sos bei &scaron;varos poj\u016bt\u012f kar&scaron;tomis vasaros dienomis ar po sporto. &nbsp;&nbsp;<\/p>\n<p><strong>AVIE\u010cI\u0172 EKSTRAKTAS <\/strong>gaivina ir dr\u0117kina od\u0105, prisotina j\u0105 vitaminais ir mineralais. Turi antioksidacin\u012f poveik\u012f.<br \/>\n<strong>PRODEW 600&reg;<\/strong> yra de&scaron;imties aminor\u016bg&scaron;\u010di\u0173 kompleksas. Jis turi labai efektyv\u0173 dr\u0117kinam\u0105j\u012f poveik\u012f ir suma\u017eina transepidermin\u012f dr\u0117gm\u0117s praradim\u0105<\/p>\n<p><strong>Naudojimas:<\/strong> purk&scaron;ti i&scaron; 20-30 cm atstumo ant veido ir\/ar atvir\u0173 k\u016bno viet\u0173. Galima purk&scaron;ti ant makia\u017eo.<\/p>\n<p>Laikyti nuo +5 &deg;C iki +25 &deg;C temperat\u016broje.<\/p>\n<p><strong>Geriausias: <\/strong>24 m\u0117n. Nuo pagaminimo datos.<br \/>\n&nbsp;<\/p>\n","protected":false},"excerpt":{"rendered":"<p>\u012esisukite \u012f lengv\u0105 tonizuojan\u010di\u0105 avie\u010di\u0173 ir bazilik\u0173 migl\u0105! Lengva naudoti ir kompakti&scaron;ka, vandens dulksna akimirksniu atgaivina od\u0105. Aktyv\u016bs komponentai prisotina od\u0105 dr\u0117gme, prisotina j\u0105 vitaminais ir amino r\u016bg&scaron;timis. Kvapas ilgai i&scaron;silaikys ant odos ir suteiks v\u0117sos bei &scaron;varos poj\u016bt\u012f kar&scaron;tomis vasaros dienomis ar po sporto. &nbsp;&nbsp; AVIE\u010cI\u0172 EKSTRAKTAS gaivina ir dr\u0117kina od\u0105, prisotina j\u0105 vitaminais [&#8230;]\n","protected":false},"featured_media":91310,"template":"","meta":[],"product_cat":[1378],"product_tag":[],"class_list":{"0":"post-50336","1":"product","2":"type-product","3":"status-publish","4":"has-post-thumbnail","6":"product_brand-markell_by-lt","7":"product_cat-purskikliai-kunui","9":"first","10":"outofstock","11":"taxable","12":"shipping-taxable","13":"product-type-simple"},"_links":{"self":[{"href":"https:\/\/e.kosmolat.eu\/lt\/wp-json\/wp\/v2\/product\/50336","targetHints":{"allow":["GET"]}}],"collection":[{"href":"https:\/\/e.kosmolat.eu\/lt\/wp-json\/wp\/v2\/product"}],"about":[{"href":"https:\/\/e.kosmolat.eu\/lt\/wp-json\/wp\/v2\/types\/product"}],"wp:featuredmedia":[{"embeddable":true,"href":"https:\/\/e.kosmolat.eu\/lt\/wp-json\/wp\/v2\/media\/91310"}],"wp:attachment":[{"href":"https:\/\/e.kosmolat.eu\/lt\/wp-json\/wp\/v2\/media?parent=50336"}],"wp:term":[{"taxonomy":"product_cat","embeddable":true,"href":"https:\/\/e.kosmolat.eu\/lt\/wp-json\/wp\/v2\/product_cat?post=50336"},{"taxonomy":"product_tag","embeddable":true,"href":"https:\/\/e.kosmolat.eu\/lt\/wp-json\/wp\/v2\/product_tag?post=50336"}],"curies":[{"name":"wp","href":"https:\/\/api.w.org\/{rel}","templated":true}]}}