{"id":50328,"date":"2024-04-23T04:03:58","date_gmt":"2024-04-23T04:03:58","guid":{"rendered":"https:\/\/e.kosmolat.eu\/product\/markell-superfood-aqua-mist-izsmidz-lidz-sejai-un-kerm-laims-un-zala-teja-100-ml\/"},"modified":"2026-03-31T20:53:29","modified_gmt":"2026-03-31T20:53:29","slug":"markell-superfood-aqua-mist-izsmidz-lidz-sejai-un-kerm-laims-un-zala-teja-100-ml","status":"publish","type":"product","link":"https:\/\/e.kosmolat.eu\/lt\/produktas\/markell-superfood-aqua-mist-izsmidz-lidz-sejai-un-kerm-laims-un-zala-teja-100-ml\/","title":{"rendered":"MARKELL Superfood Aqua-mist veidui ir k\u016bnui \u017dalioji arbata, 100 ml"},"content":{"rendered":"<p>Lengva vandens dulksna su gaivinan\u010diu laim\u0173 ir \u017ealiosios arbatos aromatu akimirksniu atgaivins ir pripildys vasari&scaron;kos nuotaikos! Priemon\u0117 lengvai dengia od\u0105 ir greitai susigeria , puikiai dr\u0117kina. Aktyv\u016bs komponentai, esantys dulksnoje, prisotina od\u0105 naudingais mikroelementais.&nbsp;Patogi kompakti&scaron;ka pakuot\u0117 tilps bet kurioje rankin\u0117je!<\/p>\n<p><strong>LAIMO SUL\u010cI\u0172 EKSTRAKTAS&nbsp;<\/strong>prisotina od\u0105 antioksidaciniais vitaminais, tonizuoja ir gaivina. Suteikia gra\u017ei\u0105 ir sveik\u0105 veido spalv\u0105..<br \/>\n<strong>PRODEW 600&reg;<\/strong> yra de&scaron;imties aminor\u016bg&scaron;\u010di\u0173 kompleksas. Jis turi labai efektyv\u0173 dr\u0117kinam\u0105j\u012f poveik\u012f ir suma\u017eina transepidermin\u012f dr\u0117gm\u0117s praradim\u0105.<\/p>\n<p><strong>Naudojimas:<\/strong> purk&scaron;ti i&scaron; 20-30 cm atstumo ant veido ir\/ar atvir\u0173 k\u016bno viet\u0173. Galima purk&scaron;ti ant makia\u017eo.<\/p>\n<p>Laikyti nuo +5 &deg;C iki +25 &deg;C temperat\u016broje.<\/p>\n<p><strong>Geriausias: <\/strong>24 m\u0117n. Nuo pagaminimo datos.<br \/>\n&nbsp;<\/p>\n","protected":false},"excerpt":{"rendered":"<p>Lengva vandens dulksna su gaivinan\u010diu laim\u0173 ir \u017ealiosios arbatos aromatu akimirksniu atgaivins ir pripildys vasari&scaron;kos nuotaikos! Priemon\u0117 lengvai dengia od\u0105 ir greitai susigeria , puikiai dr\u0117kina. Aktyv\u016bs komponentai, esantys dulksnoje, prisotina od\u0105 naudingais mikroelementais.&nbsp;Patogi kompakti&scaron;ka pakuot\u0117 tilps bet kurioje rankin\u0117je! LAIMO SUL\u010cI\u0172 EKSTRAKTAS&nbsp;prisotina od\u0105 antioksidaciniais vitaminais, tonizuoja ir gaivina. Suteikia gra\u017ei\u0105 ir sveik\u0105 veido spalv\u0105.. [&#8230;]\n","protected":false},"featured_media":91306,"template":"","meta":[],"product_cat":[1327],"product_tag":[],"class_list":{"0":"post-50328","1":"product","2":"type-product","3":"status-publish","4":"has-post-thumbnail","6":"product_brand-markell_by-lt","7":"product_cat-serumai","9":"first","10":"outofstock","11":"taxable","12":"shipping-taxable","13":"product-type-simple"},"_links":{"self":[{"href":"https:\/\/e.kosmolat.eu\/lt\/wp-json\/wp\/v2\/product\/50328","targetHints":{"allow":["GET"]}}],"collection":[{"href":"https:\/\/e.kosmolat.eu\/lt\/wp-json\/wp\/v2\/product"}],"about":[{"href":"https:\/\/e.kosmolat.eu\/lt\/wp-json\/wp\/v2\/types\/product"}],"wp:featuredmedia":[{"embeddable":true,"href":"https:\/\/e.kosmolat.eu\/lt\/wp-json\/wp\/v2\/media\/91306"}],"wp:attachment":[{"href":"https:\/\/e.kosmolat.eu\/lt\/wp-json\/wp\/v2\/media?parent=50328"}],"wp:term":[{"taxonomy":"product_cat","embeddable":true,"href":"https:\/\/e.kosmolat.eu\/lt\/wp-json\/wp\/v2\/product_cat?post=50328"},{"taxonomy":"product_tag","embeddable":true,"href":"https:\/\/e.kosmolat.eu\/lt\/wp-json\/wp\/v2\/product_tag?post=50328"}],"curies":[{"name":"wp","href":"https:\/\/api.w.org\/{rel}","templated":true}]}}