{"id":50288,"date":"2024-04-23T04:02:22","date_gmt":"2024-04-23T04:02:22","guid":{"rendered":"https:\/\/e.kosmolat.eu\/product\/dr-s-collagen-hair-sampuns-volume-boost-1-l\/"},"modified":"2025-03-31T05:42:35","modified_gmt":"2025-03-31T05:42:35","slug":"i_dr-s-collagen-hair-sampuns-volume-boost-1-l","status":"publish","type":"product","link":"https:\/\/e.kosmolat.eu\/lt\/produktas\/i_dr-s-collagen-hair-sampuns-volume-boost-1-l\/","title":{"rendered":"I_DR.SANTE Collagen Hair \u0160amp\u016bnas Volume Boost, 1 l"},"content":{"rendered":"<p>Dr. Sant&eacute; Collagen hair Volume boost &ndash; gro\u017eio fenomenas stipriems ir gra\u017eiems plaukams nuo \u0161akn\u0173 iki galiuk\u0173. Dr\u0117kinantis, apimties energija, neapsunkinantis, apsauga nuo l\u016b\u017ei\u0173 per vis\u0105 ilg\u012f. Sud\u0117tyje yra fito kolageno. Plauk\u0173 \u0161akn\u0173 stipriklis. Plaukai \u012fgauna 3D lankstumo, gyvybingumo.<\/p>\n<p><strong>Naudojimas: <\/strong>tepkite reikiam\u0105 kiek\u012f \u0161amp\u016bno ant dr\u0117gn\u0173 plauk\u0173, suputokite, i\u0161skalaukite vandeniu. Jei reikia, pakartokite proced\u016br\u0105.<\/p>\n<p><strong>Atsargumo priemon\u0117s: <\/strong>Patekus \u012f akis, praplauti vandeniu. Galimas padid\u0117j\u0119s individualus jautrumas atskiriems komponentams.<\/p>\n<p><strong>Laikymo s\u0105lygos:<\/strong> nuo +5 &deg;\u0421 iki +25 &deg;\u0421.<\/p>\n<p><strong>Geriausias:<\/strong> 30 m\u0117n. nuo pagaminimo datos<br \/>\n&nbsp;<\/p>\n","protected":false},"excerpt":{"rendered":"<p>Dr. Sant&eacute; Collagen hair Volume boost &ndash; gro\u017eio fenomenas stipriems ir gra\u017eiems plaukams nuo \u0161akn\u0173 iki galiuk\u0173. Dr\u0117kinantis, apimties energija, neapsunkinantis, apsauga nuo l\u016b\u017ei\u0173 per vis\u0105 ilg\u012f. Sud\u0117tyje yra fito kolageno. Plauk\u0173 \u0161akn\u0173 stipriklis. Plaukai \u012fgauna 3D lankstumo, gyvybingumo. Naudojimas: tepkite reikiam\u0105 kiek\u012f \u0161amp\u016bno ant dr\u0117gn\u0173 plauk\u0173, suputokite, i\u0161skalaukite vandeniu. Jei reikia, pakartokite proced\u016br\u0105. Atsargumo [&#8230;]\n","protected":false},"featured_media":50290,"template":"","meta":[],"product_cat":[1251],"product_tag":[],"class_list":{"0":"post-50288","1":"product","2":"type-product","3":"status-publish","4":"has-post-thumbnail","6":"product_brand-elfa_ua-lt","7":"product_cat-sampunai","9":"first","10":"outofstock","11":"taxable","12":"shipping-taxable","13":"product-type-simple"},"_links":{"self":[{"href":"https:\/\/e.kosmolat.eu\/lt\/wp-json\/wp\/v2\/product\/50288","targetHints":{"allow":["GET"]}}],"collection":[{"href":"https:\/\/e.kosmolat.eu\/lt\/wp-json\/wp\/v2\/product"}],"about":[{"href":"https:\/\/e.kosmolat.eu\/lt\/wp-json\/wp\/v2\/types\/product"}],"wp:featuredmedia":[{"embeddable":true,"href":"https:\/\/e.kosmolat.eu\/lt\/wp-json\/wp\/v2\/media\/50290"}],"wp:attachment":[{"href":"https:\/\/e.kosmolat.eu\/lt\/wp-json\/wp\/v2\/media?parent=50288"}],"wp:term":[{"taxonomy":"product_cat","embeddable":true,"href":"https:\/\/e.kosmolat.eu\/lt\/wp-json\/wp\/v2\/product_cat?post=50288"},{"taxonomy":"product_tag","embeddable":true,"href":"https:\/\/e.kosmolat.eu\/lt\/wp-json\/wp\/v2\/product_tag?post=50288"}],"curies":[{"name":"wp","href":"https:\/\/api.w.org\/{rel}","templated":true}]}}