{"id":50235,"date":"2024-04-20T04:08:12","date_gmt":"2024-04-20T04:08:12","guid":{"rendered":"https:\/\/e.kosmolat.eu\/product\/markell-superfood-aqua-mist-izsm-lidz-sejai-un-kerm-papaija-un-melone-100-ml\/"},"modified":"2025-09-20T03:51:39","modified_gmt":"2025-09-20T03:51:39","slug":"markell-superfood-aqua-mist-izsm-lidz-sejai-un-kerm-papaija-un-melone-100-ml","status":"publish","type":"product","link":"https:\/\/e.kosmolat.eu\/lt\/produktas\/markell-superfood-aqua-mist-izsm-lidz-sejai-un-kerm-papaija-un-melone-100-ml\/","title":{"rendered":"MARKELL Superfood Aqua-mist veidui ir k\u016bnui Papjos ir melionai, 100 ml"},"content":{"rendered":"<p>Lengva vandens dulksna su gaiviu ir i&scaron;rai&scaron;kingu melion\u0173 ir papaj\u0173 aromatu &scaron;velniai apgaubia k\u016bn\u0105 ir pa\u017eadina nuostabius jausmus. Aktyvi formul\u0117 su nat\u016braliu papaj\u0173 sul\u010di\u0173 ekstraktu ir aminor\u016bg&scaron;\u010di\u0173 kompleksu r\u016bpinasi J\u016bs\u0173 oda &ndash; mink&scaron;tina ir dr\u0117kina, atkuria vandens balans\u0105, stabdo sen\u0117jim\u0105.<\/p>\n<p><strong>FRUITAPONE&reg; PAPAYA B<\/strong> yra nat\u016bralus papajos sul\u010di\u0173 ekstraktas, pasi\u017eymintis tonizuojan\u010diu ir raminamuoju poveikiu. Atkuria od\u0105 ir prisotina j\u0105 vitaminu C.<br \/>\n<strong>PRODEW 600&reg;<\/strong> yra de&scaron;imties aminor\u016bg&scaron;\u010di\u0173 kompleksas. Jis turi labai efektyv\u0173 dr\u0117kinam\u0105j\u012f poveik\u012f ir suma\u017eina transepidermin\u012f dr\u0117gm\u0117s praradim\u0105.<\/p>\n<p><strong>Naudojimas: <\/strong>purk&scaron;ti i&scaron; 20-30 cm atstumo ant veido ir\/ar atvir\u0173 k\u016bno viet\u0173. Galima purk&scaron;ti ant makia\u017eo.<\/p>\n<p>Laikyti nuo +5 &deg;C iki +25 &deg;C temperat\u016broje.<\/p>\n<p><strong>Geriausias:<\/strong> 24 m\u0117n. Nuo pagaminimo datos.<br \/>\n&nbsp;<\/p>\n","protected":false},"excerpt":{"rendered":"<p>Lengva vandens dulksna su gaiviu ir i&scaron;rai&scaron;kingu melion\u0173 ir papaj\u0173 aromatu &scaron;velniai apgaubia k\u016bn\u0105 ir pa\u017eadina nuostabius jausmus. Aktyvi formul\u0117 su nat\u016braliu papaj\u0173 sul\u010di\u0173 ekstraktu ir aminor\u016bg&scaron;\u010di\u0173 kompleksu r\u016bpinasi J\u016bs\u0173 oda &ndash; mink&scaron;tina ir dr\u0117kina, atkuria vandens balans\u0105, stabdo sen\u0117jim\u0105. FRUITAPONE&reg; PAPAYA B yra nat\u016bralus papajos sul\u010di\u0173 ekstraktas, pasi\u017eymintis tonizuojan\u010diu ir raminamuoju poveikiu. Atkuria od\u0105 [&#8230;]\n","protected":false},"featured_media":91314,"template":"","meta":[],"product_cat":[1378],"product_tag":[],"class_list":{"0":"post-50235","1":"product","2":"type-product","3":"status-publish","4":"has-post-thumbnail","6":"product_brand-markell_by-lt","7":"product_cat-purskikliai-kunui","9":"first","10":"outofstock","11":"taxable","12":"shipping-taxable","13":"product-type-simple"},"_links":{"self":[{"href":"https:\/\/e.kosmolat.eu\/lt\/wp-json\/wp\/v2\/product\/50235","targetHints":{"allow":["GET"]}}],"collection":[{"href":"https:\/\/e.kosmolat.eu\/lt\/wp-json\/wp\/v2\/product"}],"about":[{"href":"https:\/\/e.kosmolat.eu\/lt\/wp-json\/wp\/v2\/types\/product"}],"wp:featuredmedia":[{"embeddable":true,"href":"https:\/\/e.kosmolat.eu\/lt\/wp-json\/wp\/v2\/media\/91314"}],"wp:attachment":[{"href":"https:\/\/e.kosmolat.eu\/lt\/wp-json\/wp\/v2\/media?parent=50235"}],"wp:term":[{"taxonomy":"product_cat","embeddable":true,"href":"https:\/\/e.kosmolat.eu\/lt\/wp-json\/wp\/v2\/product_cat?post=50235"},{"taxonomy":"product_tag","embeddable":true,"href":"https:\/\/e.kosmolat.eu\/lt\/wp-json\/wp\/v2\/product_tag?post=50235"}],"curies":[{"name":"wp","href":"https:\/\/api.w.org\/{rel}","templated":true}]}}