{"id":50203,"date":"2024-04-20T04:02:46","date_gmt":"2024-04-20T04:02:46","guid":{"rendered":"https:\/\/e.kosmolat.eu\/product\/dr-hc-darva-ihtiols-sebo-stop-kompl-serums-galv-adai-89-ml\/"},"modified":"2026-04-01T07:35:44","modified_gmt":"2026-04-01T07:35:44","slug":"the-doctor-hc-darva-ihtiols-sebo-stop-kompl-serums-galv-adai-89-ml","status":"publish","type":"product","link":"https:\/\/e.kosmolat.eu\/lt\/produktas\/the-doctor-hc-darva-ihtiols-sebo-stop-kompl-serums-galv-adai-89-ml\/","title":{"rendered":"THE DOCTOR HEALTH &#038; CARE Der + Ichthyol + Sebo-Stop kompleksinis galvos odos serumas, 89 ml"},"content":{"rendered":"<p>Sud\u0117tyje yra deguto ir ichtiolio, taip pat sebo-stop kompleksas, pagaminto i&scaron; gluosni\u0173 ir \u0105\u017euol\u0173 \u017eiev\u0117s ir apyni\u0173 spurg\u0173 nuoviro. Ramina ir gaivina galvos od\u0105, apsaugo nuo pleiskan\u0173 susidarymo. Nepalieka riebios pl\u0117vel\u0117s ar lipnumo.<\/p>\n<p><strong>Naudojimas: <\/strong>tolygiai paskirstykite ant galvos odos, lengvais masa\u017euojamaisiais judesiais \u012ftrinkite ir &scaron;ukomis paskirstykite i&scaron;ilgai plauk\u0173.<\/p>\n<p><strong>Atsargumo priemon\u0117s:<\/strong> patekus \u012f akis, praplauti vandeniu. Galimas padid\u0117j\u0119s individualus jautrumas atskiriems komponentams.<\/p>\n<p>Laikyti nuo +5 &deg;C iki +25 &deg;C temperat\u016broje.<br \/>\n&nbsp;<\/p>\n","protected":false},"excerpt":{"rendered":"<p>Sud\u0117tyje yra deguto ir ichtiolio, taip pat sebo-stop kompleksas, pagaminto i&scaron; gluosni\u0173 ir \u0105\u017euol\u0173 \u017eiev\u0117s ir apyni\u0173 spurg\u0173 nuoviro. Ramina ir gaivina galvos od\u0105, apsaugo nuo pleiskan\u0173 susidarymo. Nepalieka riebios pl\u0117vel\u0117s ar lipnumo. Naudojimas: tolygiai paskirstykite ant galvos odos, lengvais masa\u017euojamaisiais judesiais \u012ftrinkite ir &scaron;ukomis paskirstykite i&scaron;ilgai plauk\u0173. Atsargumo priemon\u0117s: patekus \u012f akis, praplauti vandeniu. [&#8230;]\n","protected":false},"featured_media":90134,"template":"","meta":[],"product_cat":[1345],"product_tag":[],"class_list":{"0":"post-50203","1":"product","2":"type-product","3":"status-publish","4":"has-post-thumbnail","6":"product_brand-elfa_ua-lt","7":"product_cat-kitos-plauku-prieziuros-priemones","9":"first","10":"instock","11":"taxable","12":"shipping-taxable","13":"product-type-simple"},"_links":{"self":[{"href":"https:\/\/e.kosmolat.eu\/lt\/wp-json\/wp\/v2\/product\/50203","targetHints":{"allow":["GET"]}}],"collection":[{"href":"https:\/\/e.kosmolat.eu\/lt\/wp-json\/wp\/v2\/product"}],"about":[{"href":"https:\/\/e.kosmolat.eu\/lt\/wp-json\/wp\/v2\/types\/product"}],"wp:featuredmedia":[{"embeddable":true,"href":"https:\/\/e.kosmolat.eu\/lt\/wp-json\/wp\/v2\/media\/90134"}],"wp:attachment":[{"href":"https:\/\/e.kosmolat.eu\/lt\/wp-json\/wp\/v2\/media?parent=50203"}],"wp:term":[{"taxonomy":"product_cat","embeddable":true,"href":"https:\/\/e.kosmolat.eu\/lt\/wp-json\/wp\/v2\/product_cat?post=50203"},{"taxonomy":"product_tag","embeddable":true,"href":"https:\/\/e.kosmolat.eu\/lt\/wp-json\/wp\/v2\/product_tag?post=50203"}],"curies":[{"name":"wp","href":"https:\/\/api.w.org\/{rel}","templated":true}]}}