{"id":50195,"date":"2024-04-20T04:02:32","date_gmt":"2024-04-20T04:02:32","guid":{"rendered":"https:\/\/e.kosmolat.eu\/product\/dr-hc-panten-ab-etikis-serums-galvas-adai-89-ml\/"},"modified":"2025-09-20T02:36:52","modified_gmt":"2025-09-20T02:36:52","slug":"the-doctor-hc-panten-ab-etikis-serums-galvas-adai-89-ml","status":"publish","type":"product","link":"https:\/\/e.kosmolat.eu\/lt\/produktas\/the-doctor-hc-panten-ab-etikis-serums-galvas-adai-89-ml\/","title":{"rendered":"THE DOCTOR HEALTH &#038; CARE Pantenolis + obuoli\u0173 sidro acto serumas galvos odai, 89 ml"},"content":{"rendered":"<p>Sud\u0117tyje yra pantenolio ir obuoli\u0173 sidro acto. Dr\u0117kina galvos od\u0105, pa&scaron;alina sausumo ir tempimo &nbsp;jausm\u0105. Nepalieka riebios pl\u0117vel\u0117s ar lipnumo.<\/p>\n<p><strong>Naudojimas:<\/strong> tolygiai paskirstykite ant galvos odos, lengvais masa\u017euojamaisiais judesiais \u012ftrinkite ir &scaron;ukomis paskirstykite i&scaron;ilgai plauk\u0173.<\/p>\n<p><strong>Atsargumo priemon\u0117s:<\/strong> patekus \u012f akis, praplauti vandeniu. Galimas padid\u0117j\u0119s individualus jautrumas atskiriems komponentams.<\/p>\n<p>Laikyti nuo +5 &deg;C iki +25 &deg;C temperat\u016broje.<br \/>\n&nbsp;<\/p>\n","protected":false},"excerpt":{"rendered":"<p>Sud\u0117tyje yra pantenolio ir obuoli\u0173 sidro acto. Dr\u0117kina galvos od\u0105, pa&scaron;alina sausumo ir tempimo &nbsp;jausm\u0105. Nepalieka riebios pl\u0117vel\u0117s ar lipnumo. Naudojimas: tolygiai paskirstykite ant galvos odos, lengvais masa\u017euojamaisiais judesiais \u012ftrinkite ir &scaron;ukomis paskirstykite i&scaron;ilgai plauk\u0173. Atsargumo priemon\u0117s: patekus \u012f akis, praplauti vandeniu. Galimas padid\u0117j\u0119s individualus jautrumas atskiriems komponentams. Laikyti nuo +5 &deg;C iki +25 &deg;C [&#8230;]\n","protected":false},"featured_media":90130,"template":"","meta":[],"product_cat":[1345],"product_tag":[],"class_list":{"0":"post-50195","1":"product","2":"type-product","3":"status-publish","4":"has-post-thumbnail","6":"product_brand-elfa_ua-lt","7":"product_cat-kitos-plauku-prieziuros-priemones","9":"first","10":"outofstock","11":"taxable","12":"shipping-taxable","13":"product-type-simple"},"_links":{"self":[{"href":"https:\/\/e.kosmolat.eu\/lt\/wp-json\/wp\/v2\/product\/50195","targetHints":{"allow":["GET"]}}],"collection":[{"href":"https:\/\/e.kosmolat.eu\/lt\/wp-json\/wp\/v2\/product"}],"about":[{"href":"https:\/\/e.kosmolat.eu\/lt\/wp-json\/wp\/v2\/types\/product"}],"wp:featuredmedia":[{"embeddable":true,"href":"https:\/\/e.kosmolat.eu\/lt\/wp-json\/wp\/v2\/media\/90130"}],"wp:attachment":[{"href":"https:\/\/e.kosmolat.eu\/lt\/wp-json\/wp\/v2\/media?parent=50195"}],"wp:term":[{"taxonomy":"product_cat","embeddable":true,"href":"https:\/\/e.kosmolat.eu\/lt\/wp-json\/wp\/v2\/product_cat?post=50195"},{"taxonomy":"product_tag","embeddable":true,"href":"https:\/\/e.kosmolat.eu\/lt\/wp-json\/wp\/v2\/product_tag?post=50195"}],"curies":[{"name":"wp","href":"https:\/\/api.w.org\/{rel}","templated":true}]}}