{"id":50171,"date":"2024-04-20T04:01:48","date_gmt":"2024-04-20T04:01:48","guid":{"rendered":"https:\/\/e.kosmolat.eu\/product\/dr-hc-dadzu-energ-serums-galvas-adai-ar-5-augu-ekstr-89-ml\/"},"modified":"2026-04-15T11:57:53","modified_gmt":"2026-04-15T11:57:53","slug":"the-doctor-hc-dadzu-energ-serums-galvas-adai-ar-5-augu-ekstr-89-ml","status":"publish","type":"product","link":"https:\/\/e.kosmolat.eu\/lt\/produktas\/the-doctor-hc-dadzu-energ-serums-galvas-adai-ar-5-augu-ekstr-89-ml\/","title":{"rendered":"THE DOCTOR HEALTH &#038; CARE Varnal\u0117\u0161\u0173 j\u0117ga  serumas galvos odai su 5 \u017eolel\u0117mis, 89 ml"},"content":{"rendered":"<p>Sud\u0117tyje yra varnal\u0117&scaron;\u0173, dilg\u0117li\u0173, lubin\u0173, centeli\u0173, gelsvi\u0173 ekstrakt\u0173. Maitina ir stiprina plaukus, apsaugo nuo ankstyvo plauk\u0173 slinkimo. Nepalieka riebios pl\u0117vel\u0117s ar lipnumo.<\/p>\n<p><strong>Naudojimas:<\/strong> tolygiai paskirstykite ant galvos odos, lengvais masa\u017euojamaisiais judesiais \u012ftrinkite ir &scaron;ukomis paskirstykite i&scaron;ilgai plauk\u0173.<\/p>\n<p><strong>Atsargumo priemon\u0117s: <\/strong>patekus \u012f akis, praplauti vandeniu. Galimas padid\u0117j\u0119s individualus jautrumas atskiriems komponentams.<\/p>\n<p>Laikyti nuo +5 &deg;C iki +25 &deg;C temperat\u016broje.<br \/>\n&nbsp;<\/p>\n","protected":false},"excerpt":{"rendered":"<p>Sud\u0117tyje yra varnal\u0117&scaron;\u0173, dilg\u0117li\u0173, lubin\u0173, centeli\u0173, gelsvi\u0173 ekstrakt\u0173. Maitina ir stiprina plaukus, apsaugo nuo ankstyvo plauk\u0173 slinkimo. Nepalieka riebios pl\u0117vel\u0117s ar lipnumo. Naudojimas: tolygiai paskirstykite ant galvos odos, lengvais masa\u017euojamaisiais judesiais \u012ftrinkite ir &scaron;ukomis paskirstykite i&scaron;ilgai plauk\u0173. Atsargumo priemon\u0117s: patekus \u012f akis, praplauti vandeniu. Galimas padid\u0117j\u0119s individualus jautrumas atskiriems komponentams. Laikyti nuo +5 &deg;C iki [&#8230;]\n","protected":false},"featured_media":90126,"template":"","meta":[],"product_cat":[1345],"product_tag":[],"class_list":{"0":"post-50171","1":"product","2":"type-product","3":"status-publish","4":"has-post-thumbnail","6":"product_brand-elfa_ua-lt","7":"product_cat-kitos-plauku-prieziuros-priemones","9":"first","10":"instock","11":"taxable","12":"shipping-taxable","13":"product-type-simple"},"_links":{"self":[{"href":"https:\/\/e.kosmolat.eu\/lt\/wp-json\/wp\/v2\/product\/50171","targetHints":{"allow":["GET"]}}],"collection":[{"href":"https:\/\/e.kosmolat.eu\/lt\/wp-json\/wp\/v2\/product"}],"about":[{"href":"https:\/\/e.kosmolat.eu\/lt\/wp-json\/wp\/v2\/types\/product"}],"wp:featuredmedia":[{"embeddable":true,"href":"https:\/\/e.kosmolat.eu\/lt\/wp-json\/wp\/v2\/media\/90126"}],"wp:attachment":[{"href":"https:\/\/e.kosmolat.eu\/lt\/wp-json\/wp\/v2\/media?parent=50171"}],"wp:term":[{"taxonomy":"product_cat","embeddable":true,"href":"https:\/\/e.kosmolat.eu\/lt\/wp-json\/wp\/v2\/product_cat?post=50171"},{"taxonomy":"product_tag","embeddable":true,"href":"https:\/\/e.kosmolat.eu\/lt\/wp-json\/wp\/v2\/product_tag?post=50171"}],"curies":[{"name":"wp","href":"https:\/\/api.w.org\/{rel}","templated":true}]}}