{"id":50163,"date":"2024-04-20T04:01:35","date_gmt":"2024-04-20T04:01:35","guid":{"rendered":"https:\/\/e.kosmolat.eu\/product\/dr-hc-urea-alant-matu-gludums-matu-sprejs-150-ml\/"},"modified":"2026-04-22T09:45:12","modified_gmt":"2026-04-22T09:45:12","slug":"the-doctor-hc-urea-alant-matu-gludums-matu-sprejs-150-ml","status":"publish","type":"product","link":"https:\/\/e.kosmolat.eu\/lt\/produktas\/the-doctor-hc-urea-alant-matu-gludums-matu-sprejs-150-ml\/","title":{"rendered":"THE DOCTOR HEALTH &#038; CARE Urea + Alantoin Pur\u0161kiklis Plauk\u0173 lygumas, 150 ml"},"content":{"rendered":"<p>Kompleksas su karbamidu ir alantoinu. Padaro plaukus paklusnius ir &scaron;ilkinius, atkuria nat\u016bral\u0173 blizges\u012f, palengvina &scaron;ukavim\u0105.<\/p>\n<p><strong>Naudojimas: <\/strong>paskirstyti ant dr\u0117gn\u0173 arba saus\u0173 plauk\u0173 15-20 cm atstumu.Neskalauti.<\/p>\n<p><strong>Atsargumo priemon\u0117s:<\/strong> patekus \u012f akis, praplauti vandeniu.<\/p>\n<p>Laikyti nuo +5 &deg;C iki +25 &deg;C temperat\u016broje.<br \/>\n&nbsp;<\/p>\n","protected":false},"excerpt":{"rendered":"<p>Kompleksas su karbamidu ir alantoinu. Padaro plaukus paklusnius ir &scaron;ilkinius, atkuria nat\u016bral\u0173 blizges\u012f, palengvina &scaron;ukavim\u0105. Naudojimas: paskirstyti ant dr\u0117gn\u0173 arba saus\u0173 plauk\u0173 15-20 cm atstumu.Neskalauti. Atsargumo priemon\u0117s: patekus \u012f akis, praplauti vandeniu. Laikyti nuo +5 &deg;C iki +25 &deg;C temperat\u016broje. &nbsp;<\/p>\n","protected":false},"featured_media":90122,"template":"","meta":[],"product_cat":[2181],"product_tag":[],"class_list":{"0":"post-50163","1":"product","2":"type-product","3":"status-publish","4":"has-post-thumbnail","6":"product_brand-elfa_ua-lt","7":"product_cat-bez-kategorijas-lt","9":"first","10":"instock","11":"taxable","12":"shipping-taxable","13":"product-type-simple"},"_links":{"self":[{"href":"https:\/\/e.kosmolat.eu\/lt\/wp-json\/wp\/v2\/product\/50163","targetHints":{"allow":["GET"]}}],"collection":[{"href":"https:\/\/e.kosmolat.eu\/lt\/wp-json\/wp\/v2\/product"}],"about":[{"href":"https:\/\/e.kosmolat.eu\/lt\/wp-json\/wp\/v2\/types\/product"}],"wp:featuredmedia":[{"embeddable":true,"href":"https:\/\/e.kosmolat.eu\/lt\/wp-json\/wp\/v2\/media\/90122"}],"wp:attachment":[{"href":"https:\/\/e.kosmolat.eu\/lt\/wp-json\/wp\/v2\/media?parent=50163"}],"wp:term":[{"taxonomy":"product_cat","embeddable":true,"href":"https:\/\/e.kosmolat.eu\/lt\/wp-json\/wp\/v2\/product_cat?post=50163"},{"taxonomy":"product_tag","embeddable":true,"href":"https:\/\/e.kosmolat.eu\/lt\/wp-json\/wp\/v2\/product_tag?post=50163"}],"curies":[{"name":"wp","href":"https:\/\/api.w.org\/{rel}","templated":true}]}}