{"id":50155,"date":"2024-04-20T04:01:22","date_gmt":"2024-04-20T04:01:22","guid":{"rendered":"https:\/\/e.kosmolat.eu\/product\/dr-hc-panten-abolu-etikis-rekonstrukc-matu-sprejs-150-ml\/"},"modified":"2026-05-08T16:37:43","modified_gmt":"2026-05-08T16:37:43","slug":"the-doctor-hc-panten-abolu-etikis-rekonstrukc-matu-sprejs-150-ml","status":"publish","type":"product","link":"https:\/\/e.kosmolat.eu\/lt\/produktas\/the-doctor-hc-panten-abolu-etikis-rekonstrukc-matu-sprejs-150-ml\/","title":{"rendered":"THE DOCTOR HEALTH &#038; CARE Pantenolis + obuoli\u0173 sidro actas atkuriantis plauk\u0173 pur\u0161kiklis, 150 ml"},"content":{"rendered":"<p>Kompleksas su pantenoliu ir obuoli\u0173 sidro actu. Dr\u0117kina ir atkuria nat\u016bral\u0173 plauk\u0173 blizges\u012f, tod\u0117l juos lengviau i&scaron;&scaron;ukuoti.<\/p>\n<p><strong>Naudojimas:<\/strong> paskirstyti ant dr\u0117gn\u0173 arba saus\u0173 plauk\u0173 15-20 cm atstumu.Neskalauti.<\/p>\n<p><strong>Atsargumo priemon\u0117s:<\/strong> patekus \u012f akis, praplauti vandeniu.<\/p>\n<p>Laikyti nuo +5 &deg;C iki +25 &deg;C temperat\u016broje.<br \/>\n&nbsp;<\/p>\n","protected":false},"excerpt":{"rendered":"<p>Kompleksas su pantenoliu ir obuoli\u0173 sidro actu. Dr\u0117kina ir atkuria nat\u016bral\u0173 plauk\u0173 blizges\u012f, tod\u0117l juos lengviau i&scaron;&scaron;ukuoti. Naudojimas: paskirstyti ant dr\u0117gn\u0173 arba saus\u0173 plauk\u0173 15-20 cm atstumu.Neskalauti. Atsargumo priemon\u0117s: patekus \u012f akis, praplauti vandeniu. Laikyti nuo +5 &deg;C iki +25 &deg;C temperat\u016broje. &nbsp;<\/p>\n","protected":false},"featured_media":90118,"template":"","meta":[],"product_cat":[1653],"product_tag":[],"class_list":{"0":"post-50155","1":"product","2":"type-product","3":"status-publish","4":"has-post-thumbnail","6":"product_brand-elfa_ua-lt","7":"product_cat-geliai-kremai-aliejai-ir-kt","9":"first","10":"instock","11":"taxable","12":"shipping-taxable","13":"product-type-simple"},"_links":{"self":[{"href":"https:\/\/e.kosmolat.eu\/lt\/wp-json\/wp\/v2\/product\/50155","targetHints":{"allow":["GET"]}}],"collection":[{"href":"https:\/\/e.kosmolat.eu\/lt\/wp-json\/wp\/v2\/product"}],"about":[{"href":"https:\/\/e.kosmolat.eu\/lt\/wp-json\/wp\/v2\/types\/product"}],"wp:featuredmedia":[{"embeddable":true,"href":"https:\/\/e.kosmolat.eu\/lt\/wp-json\/wp\/v2\/media\/90118"}],"wp:attachment":[{"href":"https:\/\/e.kosmolat.eu\/lt\/wp-json\/wp\/v2\/media?parent=50155"}],"wp:term":[{"taxonomy":"product_cat","embeddable":true,"href":"https:\/\/e.kosmolat.eu\/lt\/wp-json\/wp\/v2\/product_cat?post=50155"},{"taxonomy":"product_tag","embeddable":true,"href":"https:\/\/e.kosmolat.eu\/lt\/wp-json\/wp\/v2\/product_tag?post=50155"}],"curies":[{"name":"wp","href":"https:\/\/api.w.org\/{rel}","templated":true}]}}