{"id":50147,"date":"2024-04-20T04:01:09","date_gmt":"2024-04-20T04:01:09","guid":{"rendered":"https:\/\/e.kosmolat.eu\/product\/dr-hc-dadzu-energija-matu-sprejs-ar-5-augu-ekstr-150-ml\/"},"modified":"2026-04-15T13:05:34","modified_gmt":"2026-04-15T13:05:34","slug":"the-doctor-hc-dadzu-energija-matu-sprejs-ar-5-augu-ekstr-150-ml","status":"publish","type":"product","link":"https:\/\/e.kosmolat.eu\/lt\/produktas\/the-doctor-hc-dadzu-energija-matu-sprejs-ar-5-augu-ekstr-150-ml\/","title":{"rendered":"THE DOCTOR HEALTH &#038; CARE Varnal\u0117\u0161\u0173 galia 5 \u017eoleli\u0173 plauk\u0173 pur\u0161kiklis, 150 ml"},"content":{"rendered":"<p>Pur&scaron;kiklis praturtintas 5 augal\u0173 ekstrakt\u0173 kompleksu &ndash; varnal\u0117&scaron;\u0173, dilg\u0117li\u0173, lubin\u0173, azijieti&scaron;k\u0173 centeli\u0173 ir gelsvi\u0173. Dr\u0117kina ir maitina plaukus, suteikia prabangaus \u017evilgesio ir palengvina &scaron;ukavim\u0105.<\/p>\n<p><strong>Naudojimas:<\/strong> paskirstyti ant dr\u0117gn\u0173 arba saus\u0173 plauk\u0173 15-20 cm atstumu.Neskalauti.<\/p>\n<p><strong>Atsargumo priemon\u0117s:<\/strong> patekus \u012f akis, praplauti vandeniu.<\/p>\n<p>Laikyti nuo +5 &deg;C iki +25 &deg;C temperat\u016broje.<br \/>\n&nbsp;<\/p>\n","protected":false},"excerpt":{"rendered":"<p>Pur&scaron;kiklis praturtintas 5 augal\u0173 ekstrakt\u0173 kompleksu &ndash; varnal\u0117&scaron;\u0173, dilg\u0117li\u0173, lubin\u0173, azijieti&scaron;k\u0173 centeli\u0173 ir gelsvi\u0173. Dr\u0117kina ir maitina plaukus, suteikia prabangaus \u017evilgesio ir palengvina &scaron;ukavim\u0105. Naudojimas: paskirstyti ant dr\u0117gn\u0173 arba saus\u0173 plauk\u0173 15-20 cm atstumu.Neskalauti. Atsargumo priemon\u0117s: patekus \u012f akis, praplauti vandeniu. Laikyti nuo +5 &deg;C iki +25 &deg;C temperat\u016broje. &nbsp;<\/p>\n","protected":false},"featured_media":90106,"template":"","meta":[],"product_cat":[1345],"product_tag":[],"class_list":{"0":"post-50147","1":"product","2":"type-product","3":"status-publish","4":"has-post-thumbnail","6":"product_brand-elfa_ua-lt","7":"product_cat-kitos-plauku-prieziuros-priemones","9":"first","10":"instock","11":"taxable","12":"shipping-taxable","13":"product-type-simple"},"_links":{"self":[{"href":"https:\/\/e.kosmolat.eu\/lt\/wp-json\/wp\/v2\/product\/50147","targetHints":{"allow":["GET"]}}],"collection":[{"href":"https:\/\/e.kosmolat.eu\/lt\/wp-json\/wp\/v2\/product"}],"about":[{"href":"https:\/\/e.kosmolat.eu\/lt\/wp-json\/wp\/v2\/types\/product"}],"wp:featuredmedia":[{"embeddable":true,"href":"https:\/\/e.kosmolat.eu\/lt\/wp-json\/wp\/v2\/media\/90106"}],"wp:attachment":[{"href":"https:\/\/e.kosmolat.eu\/lt\/wp-json\/wp\/v2\/media?parent=50147"}],"wp:term":[{"taxonomy":"product_cat","embeddable":true,"href":"https:\/\/e.kosmolat.eu\/lt\/wp-json\/wp\/v2\/product_cat?post=50147"},{"taxonomy":"product_tag","embeddable":true,"href":"https:\/\/e.kosmolat.eu\/lt\/wp-json\/wp\/v2\/product_tag?post=50147"}],"curies":[{"name":"wp","href":"https:\/\/api.w.org\/{rel}","templated":true}]}}