{"id":50143,"date":"2024-04-20T04:00:50","date_gmt":"2024-04-20T04:00:50","guid":{"rendered":"https:\/\/e.kosmolat.eu\/product\/dr-hc-sampuns-sebo-stop-kompl-355ml\/"},"modified":"2026-04-23T07:09:58","modified_gmt":"2026-04-23T07:09:58","slug":"the-doctor-hc-sampuns-sebo-stop-kompl-355ml","status":"publish","type":"product","link":"https:\/\/e.kosmolat.eu\/lt\/produktas\/the-doctor-hc-sampuns-sebo-stop-kompl-355ml\/","title":{"rendered":"THE DOCTOR HEALTH &#038; CARE \u0160amp\u016bnas Sebo-stop kompleksas, Ber\u017e\u0173 degutas ir ichtiolas, 355 ml"},"content":{"rendered":"<p>Sud\u0117tyje yra deguto, ichtiolio ir gluosni\u0173 bei \u0105\u017euol\u0173 &nbsp;\u017eiev\u0117s ir apyni\u0173 spurg\u0173 nuoviro komplekso Sebo-stop.<\/p>\n<p><strong>Naudojimas:<\/strong> tepkite ant dr\u0117gn\u0173 plauk\u0173, suputokite, nuplaukite vandeniu.<\/p>\n<p><strong>Atsargumo priemon\u0117s:<\/strong> Patekus \u012f akis, kruop\u0161\u010diai nuplaukite dideliu kiekiu vandens. Galimas individualus jautrumas atskiriems produkto komponentams.<br \/>\n&nbsp;<\/p>\n","protected":false},"excerpt":{"rendered":"<p>Sud\u0117tyje yra deguto, ichtiolio ir gluosni\u0173 bei \u0105\u017euol\u0173 &nbsp;\u017eiev\u0117s ir apyni\u0173 spurg\u0173 nuoviro komplekso Sebo-stop. Naudojimas: tepkite ant dr\u0117gn\u0173 plauk\u0173, suputokite, nuplaukite vandeniu. Atsargumo priemon\u0117s: Patekus \u012f akis, kruop\u0161\u010diai nuplaukite dideliu kiekiu vandens. Galimas individualus jautrumas atskiriems produkto komponentams. &nbsp;<\/p>\n","protected":false},"featured_media":101450,"template":"","meta":[],"product_cat":[1251],"product_tag":[],"class_list":{"0":"post-50143","1":"product","2":"type-product","3":"status-publish","4":"has-post-thumbnail","6":"product_brand-elfa_ua-lt","7":"product_cat-sampunai","9":"first","10":"outofstock","11":"taxable","12":"shipping-taxable","13":"product-type-simple"},"_links":{"self":[{"href":"https:\/\/e.kosmolat.eu\/lt\/wp-json\/wp\/v2\/product\/50143","targetHints":{"allow":["GET"]}}],"collection":[{"href":"https:\/\/e.kosmolat.eu\/lt\/wp-json\/wp\/v2\/product"}],"about":[{"href":"https:\/\/e.kosmolat.eu\/lt\/wp-json\/wp\/v2\/types\/product"}],"wp:featuredmedia":[{"embeddable":true,"href":"https:\/\/e.kosmolat.eu\/lt\/wp-json\/wp\/v2\/media\/101450"}],"wp:attachment":[{"href":"https:\/\/e.kosmolat.eu\/lt\/wp-json\/wp\/v2\/media?parent=50143"}],"wp:term":[{"taxonomy":"product_cat","embeddable":true,"href":"https:\/\/e.kosmolat.eu\/lt\/wp-json\/wp\/v2\/product_cat?post=50143"},{"taxonomy":"product_tag","embeddable":true,"href":"https:\/\/e.kosmolat.eu\/lt\/wp-json\/wp\/v2\/product_tag?post=50143"}],"curies":[{"name":"wp","href":"https:\/\/api.w.org\/{rel}","templated":true}]}}