{"id":50133,"date":"2024-04-19T04:04:57","date_gmt":"2024-04-19T04:04:57","guid":{"rendered":"https:\/\/e.kosmolat.eu\/product\/gp-kolagena-sos-maska-otra-ada-12-ml\/"},"modified":"2025-09-20T04:14:39","modified_gmt":"2025-09-20T04:14:39","slug":"i_gp-kolagena-sos-maska-otra-ada-12-ml","status":"publish","type":"product","link":"https:\/\/e.kosmolat.eu\/lt\/produktas\/i_gp-kolagena-sos-maska-otra-ada-12-ml\/","title":{"rendered":"I_GREEN PHARMACY Kolageno SOS kauk\u0117 Antroji oda, 12 ml"},"content":{"rendered":"<p>Persik\u0173 aliejus ir ro\u017e\u0117s. Normaliai ir labai sausai odai Daugiafunkcinis poveikis: veidui, l\u016bpoms, dekolt\u0117. Kauk\u0117, kuri tikrai veikia!&nbsp;VOS PER 3 MINUTES J\u016bs\u0173 oda akimirksniu pasikeis, visapusi&scaron;kai maitinsis ir gaus vitamin\u0173 atk\u016brimo program\u0105 augalini\u0173 ekstrakt\u0173 ir aliej\u0173 d\u0117ka, o J\u016bs gausite maloni\u0105 atsipalaidavimo proced\u016br\u0105.&nbsp;Efektyvus poveikis nuo pirm\u0173j\u0173 s\u0105ly\u010dio su oda sekund\u017ei\u0173, nuostab\u016bs rezultatai, gamtos aromatas ant j\u016bs\u0173 odos. Kauk\u0117s sud\u0117tyje yra sraigi\u0173 mucino, akacij\u0173 kolageno, persik\u0173 kauliuk\u0173 aliejaus, ro\u017ei\u0173 ekstrakto, vitamino E, pantenolio. Life hack: prie&scaron; darydami makia\u017e\u0105 naudokite kauk\u0119 &ndash; ji puikiai paruo&scaron;ia od\u0105. Green Pharmacy veido kauk\u0117s yra \u012fkv\u0117ptos gamtos j\u016bs\u0173 odos gro\u017eiui.<\/p>\n<p><strong>Atsargumo priemon\u0117s:<\/strong> padid\u0117j\u0119s individualus jautrumas atskiriems komponentams.<br \/>\n&nbsp;<br \/>\n<strong>Naudojimas: <\/strong>nuvalykite od\u0105, u\u017etepkite kauk\u0119 storu sluoksniu 3 minutes, nuplaukite &scaron;iltu vandeniu. Nor\u0117dami pasiekti maksimal\u0173 rezultat\u0105, naudokite 1-2 kartus per savait\u0119.<\/p>\n<p>Laikyti nuo +5&deg;C iki +25&deg;C temperat\u016broje.<\/p>\n<p><strong>Geriausias:<\/strong> 24 m\u0117nesiai nuo pagaminimo datos.<br \/>\n&nbsp;<\/p>\n","protected":false},"excerpt":{"rendered":"<p>Persik\u0173 aliejus ir ro\u017e\u0117s. Normaliai ir labai sausai odai Daugiafunkcinis poveikis: veidui, l\u016bpoms, dekolt\u0117. Kauk\u0117, kuri tikrai veikia!&nbsp;VOS PER 3 MINUTES J\u016bs\u0173 oda akimirksniu pasikeis, visapusi&scaron;kai maitinsis ir gaus vitamin\u0173 atk\u016brimo program\u0105 augalini\u0173 ekstrakt\u0173 ir aliej\u0173 d\u0117ka, o J\u016bs gausite maloni\u0105 atsipalaidavimo proced\u016br\u0105.&nbsp;Efektyvus poveikis nuo pirm\u0173j\u0173 s\u0105ly\u010dio su oda sekund\u017ei\u0173, nuostab\u016bs rezultatai, gamtos aromatas ant [&#8230;]\n","protected":false},"featured_media":91694,"template":"","meta":[],"product_cat":[1369],"product_tag":[],"class_list":{"0":"post-50133","1":"product","2":"type-product","3":"status-publish","4":"has-post-thumbnail","6":"product_brand-elfa_ua-lt","7":"product_cat-veido-kaukes","9":"first","10":"outofstock","11":"taxable","12":"shipping-taxable","13":"product-type-simple"},"_links":{"self":[{"href":"https:\/\/e.kosmolat.eu\/lt\/wp-json\/wp\/v2\/product\/50133","targetHints":{"allow":["GET"]}}],"collection":[{"href":"https:\/\/e.kosmolat.eu\/lt\/wp-json\/wp\/v2\/product"}],"about":[{"href":"https:\/\/e.kosmolat.eu\/lt\/wp-json\/wp\/v2\/types\/product"}],"wp:featuredmedia":[{"embeddable":true,"href":"https:\/\/e.kosmolat.eu\/lt\/wp-json\/wp\/v2\/media\/91694"}],"wp:attachment":[{"href":"https:\/\/e.kosmolat.eu\/lt\/wp-json\/wp\/v2\/media?parent=50133"}],"wp:term":[{"taxonomy":"product_cat","embeddable":true,"href":"https:\/\/e.kosmolat.eu\/lt\/wp-json\/wp\/v2\/product_cat?post=50133"},{"taxonomy":"product_tag","embeddable":true,"href":"https:\/\/e.kosmolat.eu\/lt\/wp-json\/wp\/v2\/product_tag?post=50133"}],"curies":[{"name":"wp","href":"https:\/\/api.w.org\/{rel}","templated":true}]}}