{"id":50109,"date":"2024-04-19T04:04:19","date_gmt":"2024-04-19T04:04:19","guid":{"rendered":"https:\/\/e.kosmolat.eu\/product\/gp-detox-sejas-maska-ipasi-atsvaidzinosa-12-ml\/"},"modified":"2025-09-20T04:13:51","modified_gmt":"2025-09-20T04:13:51","slug":"i_gp-detox-sejas-maska-ipasi-atsvaidzinosa-12-ml","status":"publish","type":"product","link":"https:\/\/e.kosmolat.eu\/lt\/produktas\/i_gp-detox-sejas-maska-ipasi-atsvaidzinosa-12-ml\/","title":{"rendered":"I_GREEN PHARMACY Itin gaivinanti detoksikuojanti veido kauk\u0117, 12 ml"},"content":{"rendered":"<p>Iris\u0173 ir arbatmed\u017ei\u0173 aliejus. Normaliai ir mi&scaron;riai odai. Daugiafunkcinis poveikis: veidui, l\u016bpoms, dekolte. Kauk\u0117, kuri tikrai veikia! VOS PER 3 MINUTES j\u016bs\u0173 oda gaus maksimali\u0105 energij\u0105, gaivum\u0105 ir iki 48 valand\u0173 dr\u0117kinimo augalini\u0173 ekstrakt\u0173 ir aliej\u0173 d\u0117ka, o j\u016bs\u0173 laukia maloni atsipalaidavimo proced\u016bra. Efektyvus poveikis nuo pirm\u0173j\u0173 s\u0105ly\u010dio su oda sekund\u017ei\u0173, nuostab\u016bs rezultatai, gamtos aromatas ant j\u016bs\u0173 odos. Kauk\u0117s sud\u0117tyje yra detoksikacinio komplekso (i&scaron;valo od\u0105 nuo kasdieni\u0173 ne&scaron;varum\u0173), vilkdalgi\u0173 ekstrakto, arbatmed\u017ei\u0173 eterinio aliejaus. Life hack: prie&scaron; darydami makia\u017e\u0105 naudokite kauk\u0119 &ndash; ji puikiai paruo&scaron;ia od\u0105. Green Pharmacy veido kauk\u0117s yra \u012fkv\u0117ptos gamtos j\u016bs\u0173 odos gro\u017eiui.<\/p>\n<p><strong>Atsargumo priemon\u0117s:<\/strong> padid\u0117j\u0119s individualus jautrumas atskiriems komponentams.<\/p>\n<p><strong>Naudojimas: <\/strong>nuvalykite od\u0105, u\u017etepkite kauk\u0119 storu sluoksniu 3 minutes, nuplaukite &scaron;iltu vandeniu. Nor\u0117dami pasiekti maksimal\u0173 rezultat\u0105, naudokite 1-2 kartus per savait\u0119.<\/p>\n<p>Laikyti nuo +5&deg;C iki +25&deg;C temperat\u016broje.<\/p>\n<p><strong>Geriausias<\/strong> 24 m\u0117n. nuo pagaminimo datos.<br \/>\n&nbsp;<\/p>\n","protected":false},"excerpt":{"rendered":"<p>Iris\u0173 ir arbatmed\u017ei\u0173 aliejus. Normaliai ir mi&scaron;riai odai. Daugiafunkcinis poveikis: veidui, l\u016bpoms, dekolte. Kauk\u0117, kuri tikrai veikia! VOS PER 3 MINUTES j\u016bs\u0173 oda gaus maksimali\u0105 energij\u0105, gaivum\u0105 ir iki 48 valand\u0173 dr\u0117kinimo augalini\u0173 ekstrakt\u0173 ir aliej\u0173 d\u0117ka, o j\u016bs\u0173 laukia maloni atsipalaidavimo proced\u016bra. Efektyvus poveikis nuo pirm\u0173j\u0173 s\u0105ly\u010dio su oda sekund\u017ei\u0173, nuostab\u016bs rezultatai, gamtos aromatas [&#8230;]\n","protected":false},"featured_media":91682,"template":"","meta":[],"product_cat":[1369],"product_tag":[],"class_list":{"0":"post-50109","1":"product","2":"type-product","3":"status-publish","4":"has-post-thumbnail","6":"product_brand-elfa_ua-lt","7":"product_cat-veido-kaukes","9":"first","10":"outofstock","11":"taxable","12":"shipping-taxable","13":"product-type-simple"},"_links":{"self":[{"href":"https:\/\/e.kosmolat.eu\/lt\/wp-json\/wp\/v2\/product\/50109","targetHints":{"allow":["GET"]}}],"collection":[{"href":"https:\/\/e.kosmolat.eu\/lt\/wp-json\/wp\/v2\/product"}],"about":[{"href":"https:\/\/e.kosmolat.eu\/lt\/wp-json\/wp\/v2\/types\/product"}],"wp:featuredmedia":[{"embeddable":true,"href":"https:\/\/e.kosmolat.eu\/lt\/wp-json\/wp\/v2\/media\/91682"}],"wp:attachment":[{"href":"https:\/\/e.kosmolat.eu\/lt\/wp-json\/wp\/v2\/media?parent=50109"}],"wp:term":[{"taxonomy":"product_cat","embeddable":true,"href":"https:\/\/e.kosmolat.eu\/lt\/wp-json\/wp\/v2\/product_cat?post=50109"},{"taxonomy":"product_tag","embeddable":true,"href":"https:\/\/e.kosmolat.eu\/lt\/wp-json\/wp\/v2\/product_tag?post=50109"}],"curies":[{"name":"wp","href":"https:\/\/api.w.org\/{rel}","templated":true}]}}