{"id":50093,"date":"2024-04-19T04:03:53","date_gmt":"2024-04-19T04:03:53","guid":{"rendered":"https:\/\/e.kosmolat.eu\/product\/dd-eteriska-ella-aniss-10-ml\/"},"modified":"2026-03-31T12:59:00","modified_gmt":"2026-03-31T12:59:00","slug":"i_dd-eteriska-ella-aniss-10-ml","status":"publish","type":"product","link":"https:\/\/e.kosmolat.eu\/lt\/produktas\/i_dd-eteriska-ella-aniss-10-ml\/","title":{"rendered":"DOMA\u0160NIJ DOKTOR Any\u017ei\u0173 eterinis aliejus, 10 ml"},"content":{"rendered":"<p>100% nat\u016bralus, efektyvus.&nbsp;Aromatas saldus ir &scaron;iltas.<\/p>\n<p><strong>Atsargumo priemon\u0117s:<\/strong> i&scaron;oriniam naudojimui. Patekus \u012f akis, praplauti dideliu kiekiu vandens ir kreiptis \u012f gydytoj\u0105. Galimas padid\u0117j\u0119s individualus jautrumas produktui. Vadovaukit\u0117s naudojimo instrukcijomis.<\/p>\n<p><strong>Naudojimo instrukcijos:<\/strong><br \/>\n<strong>Naudojimas:<\/strong> probleminei odai, padid\u0117jusiam prakaitavimui. Naudinga esant da\u017eniems nuotaik\u0173 svyravimams ir dirglumui. Turi antioksidacini\u0173 ir raminan\u010di\u0173 savybi\u0173.<\/p>\n<p><strong>Naudojimo instrukcijos:<\/strong> aromaterapijai ir kosmetikos praturtinimui. Eterinis aliejus naudojamas skied\u017eiant su bet kokia baze &ndash; serumu, j\u016bros ar stalo druska, baziniu aliejumi, vandeniu, skystu muilu, geliu ir kt.<\/p>\n<p><strong>Dozavimas:<\/strong><br \/>\n*aromatin\u0117s lempos &ndash; 5-7 la&scaron;ai<br \/>\n*vonel\u0117s &ndash; 4-7 la&scaron;ai<br \/>\n*masa\u017eas &ndash; 5 la&scaron;ai 10 g transportinio aliejaus<br \/>\n*kosmetikos praturtinimas -4-5 la&scaron;ai 5 ml baz\u0117s<br \/>\n*aromatiniai medalionai &ndash; 2-3 la&scaron;ai<\/p>\n<p><strong>Eterini\u0173 aliej\u0173 naudojimo taisykl\u0117s:<\/strong><br \/>\n1. Nenaudoti vaikams iki 6 met\u0173<br \/>\n2. Tik i&scaron;oriniam naudojimui.<br \/>\n3. Netepkite ant gleivini\u0173 neskiesto eterinio aliejaus<br \/>\n4. Jei eterinio aliejaus pateko \u012f akis, nuplaukite jas &scaron;iltu virintu vandeniu<br \/>\n5. Laikyti vaikams nepasiekiamoje vietoje&nbsp;<br \/>\n6. Naudokite tik leistinomis koncentracijomis<br \/>\n7. Po naudojimo buteliuk\u0105 atsargiai u\u017edarykite<br \/>\n8. Eterin\u012f aliej\u0173 reikia laikyti tamsioje, v\u0117sioje vietoje.<\/p>\n<p>Nerekomenduojama vartoti esant padid\u0117jusiam kraujo kre&scaron;umui, tromboflebitui, poinfarktin\u0117ms b\u016bkl\u0117ms, pirmaisiais n\u0117&scaron;tumo m\u0117nesiais, sergant onkologin\u0117mis ligomis ir mastopatija.<br \/>\nGalimas padid\u0117j\u0119s individualus jautrumas atskiriems komponentams.<br \/>\n&nbsp;<\/p>\n<p>&nbsp;<\/p>\n<p><strong><img decoding=\"async\" alt=\"\" src=\"file:\/\/\/C:\/Users\/masha\/Desktop\/GHS07.png\" style=\"height:40px; width:40px\" \/>GHS07&nbsp;<img decoding=\"async\" alt=\"\" src=\"file:\/\/\/C:\/Users\/masha\/Desktop\/GHS%2008.jpg\" style=\"height:40px; width:40px\" \/>GHS08&nbsp;Atsargiai<\/strong><br \/>\n<strong>H317 <\/strong>Gali sukelti alergin\u0119 odos reakcij\u0105.<br \/>\n<strong>H341<\/strong> \u012etariama, kad gali sukelti genetinius defektus&nbsp;<br \/>\n<strong>H351<\/strong> \u012etariama, kad sukelia v\u0117\u017e\u012f&nbsp;<br \/>\n<strong>H412<\/strong> Kenksminga vandens organizmams, sukelia ilgalaikius pakitimus.<\/p>\n<p>P102 Laikyti vaikams neprieinamoje vietoje<br \/>\nP261 Stengtis ne\u012fkv\u0117pti dulki\u0173\/d\u016bm\u0173\/duj\u0173\/r\u016bko\/gar\u0173\/ aerozolio.<br \/>\nP273 Saugoti, kad nepatekt\u0173 \u012f aplink\u0105.<br \/>\nP280 M\u016bv\u0117ti apsaugines pir&scaron;tines\/d\u0117v\u0117ti apsauginius drabu\u017eius\/naudoti aki\u0173 (veido) apsaugos priemones.<br \/>\nP302+P352 PATEKUS ANT ODOS: Nuplauti dideliu kiekiu muilo ir vandens&nbsp;<br \/>\nP333+P313 Jeigu sudirginama oda arba j\u0105 i&scaron;beria: kreiptis \u012f gydytoj\u0105.<br \/>\nP308+P313 Esant s\u0105ly\u010diui arba jeigu numanomas s\u0105lytis: kreiptis \u012f gydytoj\u0105.<br \/>\nP321 Specialus gydymas (\u017er. &scaron;ioje etiket\u0117je).<\/p>\n<p>P362+P364 Nusivilkti u\u017eter&scaron;tus drabu\u017eius ir i&scaron;skalbti prie&scaron; v\u0117l apsivelkant<br \/>\nP405 Laikyti u\u017erakint\u0105.<br \/>\nP501 Turin\u012f\/talpykl\u0105 i&scaron;pilti (i&scaron;mesti) &#8211; sunaudot\u0105 &nbsp;pakuot\u0117 utilizuoti &nbsp;kaip buitines atliekas.<br \/>\n&nbsp;<\/p>\n","protected":false},"excerpt":{"rendered":"<p>100% nat\u016bralus, efektyvus.&nbsp;Aromatas saldus ir &scaron;iltas. Atsargumo priemon\u0117s: i&scaron;oriniam naudojimui. Patekus \u012f akis, praplauti dideliu kiekiu vandens ir kreiptis \u012f gydytoj\u0105. Galimas padid\u0117j\u0119s individualus jautrumas produktui. Vadovaukit\u0117s naudojimo instrukcijomis. Naudojimo instrukcijos: Naudojimas: probleminei odai, padid\u0117jusiam prakaitavimui. Naudinga esant da\u017eniems nuotaik\u0173 svyravimams ir dirglumui. Turi antioksidacini\u0173 ir raminan\u010di\u0173 savybi\u0173. Naudojimo instrukcijos: aromaterapijai ir kosmetikos praturtinimui. Eterinis [&#8230;]\n","protected":false},"featured_media":91658,"template":"","meta":[],"product_cat":[1621],"product_tag":[],"class_list":{"0":"post-50093","1":"product","2":"type-product","3":"status-publish","4":"has-post-thumbnail","6":"product_brand-sale-lt","7":"product_cat-aliejai","9":"first","10":"outofstock","11":"taxable","12":"shipping-taxable","13":"product-type-simple"},"_links":{"self":[{"href":"https:\/\/e.kosmolat.eu\/lt\/wp-json\/wp\/v2\/product\/50093","targetHints":{"allow":["GET"]}}],"collection":[{"href":"https:\/\/e.kosmolat.eu\/lt\/wp-json\/wp\/v2\/product"}],"about":[{"href":"https:\/\/e.kosmolat.eu\/lt\/wp-json\/wp\/v2\/types\/product"}],"wp:featuredmedia":[{"embeddable":true,"href":"https:\/\/e.kosmolat.eu\/lt\/wp-json\/wp\/v2\/media\/91658"}],"wp:attachment":[{"href":"https:\/\/e.kosmolat.eu\/lt\/wp-json\/wp\/v2\/media?parent=50093"}],"wp:term":[{"taxonomy":"product_cat","embeddable":true,"href":"https:\/\/e.kosmolat.eu\/lt\/wp-json\/wp\/v2\/product_cat?post=50093"},{"taxonomy":"product_tag","embeddable":true,"href":"https:\/\/e.kosmolat.eu\/lt\/wp-json\/wp\/v2\/product_tag?post=50093"}],"curies":[{"name":"wp","href":"https:\/\/api.w.org\/{rel}","templated":true}]}}