{"id":50077,"date":"2024-04-19T04:02:22","date_gmt":"2024-04-19T04:02:22","guid":{"rendered":"https:\/\/e.kosmolat.eu\/product\/markell-green-secret-lidzsvar-sejas-fluids-50-ml\/"},"modified":"2025-09-20T03:41:58","modified_gmt":"2025-09-20T03:41:58","slug":"markell-green-secret-lidzsvar-sejas-fluids-50-ml","status":"publish","type":"product","link":"https:\/\/e.kosmolat.eu\/lt\/produktas\/markell-green-secret-lidzsvar-sejas-fluids-50-ml\/","title":{"rendered":"MARKELL Green Secret Balansuojantis fluidas veidui, 50 ml"},"content":{"rendered":"<p>Aktyvaus fluido formul\u0117 su daugybe aktyvi\u0173 komponent\u0173 stiprina nat\u016bralias apsaugines odos savybes.&nbsp;Fluidas turi matin\u012f efekt\u0105 ir d\u0117l lengvos tekst\u016bros greitai susigeria ir nepalieka lipnumo.&nbsp;Aktyv\u016bs fluide esantys komponentai ma\u017eina riebal\u0173 i&scaron;siskyrim\u0105, ramina od\u0105, neleid\u017eia i&scaron;saus\u0117ti, pamaitina od\u0105 vitaminais, atstato, o tai \u017eenkliai pagreitina veido spalvos ir tekst\u016bros i&scaron;lyginim\u0105.<\/p>\n<p><strong>SNAILINE<\/strong> &#8211; sraigi\u0173 sekreto filtratas, intensyviai dr\u0117kina ir maitina od\u0105 vitaminais, pasi\u017eymi jauninamuoju poveikiu, atkuria od\u0105, sulygina reljef\u0105 ir veido spalv\u0105.<br \/>\n<strong>NIACINAMIDAS<\/strong> ma\u017eina riebal\u0173 sekrecij\u0105, skatina savo kolageno sintez\u0119 ir apsaugo nuo fotosen\u0117jimo.<br \/>\n<strong>MIGDOL\u0172 ALIEJUS<\/strong> turi ger\u0105 mink&scaron;tinam\u0105j\u012f ir maitinam\u0105j\u012f poveik\u012f.<br \/>\n<strong>AVIE\u010cI\u0172 EKSTRAKTAS<\/strong> intensyviai jaunina, ramina ir apsaugo nuo odos i&scaron;saus\u0117jimo.<\/p>\n<p><strong>Naudojimas:<\/strong> nedidel\u012f kiek\u012f skys\u010dio u\u017etepkite ant nuvalytos odos, lengvais sukamaisiais judesiais paskirstykite, kol visi&scaron;kai \u012fsigers.&nbsp;<\/p>\n<p>Nor\u0117dami pasiekti geriausi\u0105 efekt\u0105, naudokite kasdien su kitais GREEN SECRET produktais.Laikyti nuo +5 &deg;C iki +25 &deg;C temperat\u016broje.<\/p>\n<p><strong>Geriausias:<\/strong> 36 m\u0117n. nuo pagaminomo datos<br \/>\n&nbsp;<\/p>\n","protected":false},"excerpt":{"rendered":"<p>Aktyvaus fluido formul\u0117 su daugybe aktyvi\u0173 komponent\u0173 stiprina nat\u016bralias apsaugines odos savybes.&nbsp;Fluidas turi matin\u012f efekt\u0105 ir d\u0117l lengvos tekst\u016bros greitai susigeria ir nepalieka lipnumo.&nbsp;Aktyv\u016bs fluide esantys komponentai ma\u017eina riebal\u0173 i&scaron;siskyrim\u0105, ramina od\u0105, neleid\u017eia i&scaron;saus\u0117ti, pamaitina od\u0105 vitaminais, atstato, o tai \u017eenkliai pagreitina veido spalvos ir tekst\u016bros i&scaron;lyginim\u0105. SNAILINE &#8211; sraigi\u0173 sekreto filtratas, intensyviai dr\u0117kina ir [&#8230;]\n","protected":false},"featured_media":91158,"template":"","meta":[],"product_cat":[2181],"product_tag":[],"class_list":{"0":"post-50077","1":"product","2":"type-product","3":"status-publish","4":"has-post-thumbnail","6":"product_brand-markell_by-lt","7":"product_cat-bez-kategorijas-lt","9":"first","10":"outofstock","11":"taxable","12":"shipping-taxable","13":"product-type-simple"},"_links":{"self":[{"href":"https:\/\/e.kosmolat.eu\/lt\/wp-json\/wp\/v2\/product\/50077","targetHints":{"allow":["GET"]}}],"collection":[{"href":"https:\/\/e.kosmolat.eu\/lt\/wp-json\/wp\/v2\/product"}],"about":[{"href":"https:\/\/e.kosmolat.eu\/lt\/wp-json\/wp\/v2\/types\/product"}],"wp:featuredmedia":[{"embeddable":true,"href":"https:\/\/e.kosmolat.eu\/lt\/wp-json\/wp\/v2\/media\/91158"}],"wp:attachment":[{"href":"https:\/\/e.kosmolat.eu\/lt\/wp-json\/wp\/v2\/media?parent=50077"}],"wp:term":[{"taxonomy":"product_cat","embeddable":true,"href":"https:\/\/e.kosmolat.eu\/lt\/wp-json\/wp\/v2\/product_cat?post=50077"},{"taxonomy":"product_tag","embeddable":true,"href":"https:\/\/e.kosmolat.eu\/lt\/wp-json\/wp\/v2\/product_tag?post=50077"}],"curies":[{"name":"wp","href":"https:\/\/api.w.org\/{rel}","templated":true}]}}