{"id":50061,"date":"2024-04-18T04:03:15","date_gmt":"2024-04-18T04:03:15","guid":{"rendered":"https:\/\/e.kosmolat.eu\/product\/dd-vannas-sals-ar-eikalipta-eterisko-ellu-1-kg\/"},"modified":"2026-03-31T12:59:15","modified_gmt":"2026-03-31T12:59:15","slug":"i_dd-vannas-sals-ar-eikalipta-eterisko-ellu-1-kg","status":"publish","type":"product","link":"https:\/\/e.kosmolat.eu\/lt\/produktas\/i_dd-vannas-sals-ar-eikalipta-eterisko-ellu-1-kg\/","title":{"rendered":"DOMA\u0160NIJ DOKTOR Vonios druska su eukalipt\u0173 eteriniu aliejumi, 1 kg"},"content":{"rendered":"<p>Eukalipt\u0173 ekstrakto ir eterinio aliejaus bei nat\u016bralios j\u016bros druskos d\u0117ka &scaron;iltos vonios turi teigiam\u0105 poveik\u012f po hipotermijos<\/p>\n<ul>\n<li>J\u016bros druskoje yra didel\u0117 mikro ir makro element\u0173 koncentracija, reikalingos sveikai odos b\u016bklei palaikyti:<\/li>\n<li>Kalis ir natris &ndash; reguliuoja dr\u0117gm\u0117s lyg\u012f odos l\u0105stel\u0117se;<\/li>\n<li>Kalcis &ndash; didina elastingum\u0105 ir stangrum\u0105;<\/li>\n<li>Magnis &ndash; l\u0117tina sen\u0117jimo procesus;<\/li>\n<li>Gele\u017eis &ndash; atkuria gyvybingum\u0105;<\/li>\n<li>Sulfato jonai &ndash; gerina odos spalv\u0105.<\/li>\n<\/ul>\n<p><strong>Naudojimas:<\/strong> 100 g druskos i&scaron;tirpinkite &scaron;iltame vandenyje. Norint gauti ry&scaron;k\u0173 balneologin\u012f poveik\u012f, \u012f vien\u0105 voni\u0105 \u012fpilkite iki 500 g druskos. Kasdien arba kas antr\u0105 dien\u0105 15-20 minu\u010di\u0173 maudykit\u0117s iki 35-39&deg;C vandens temperat\u016bros, po to od\u0105 nuplaukite &scaron;variu vandeniu. Rekomenduojama 10-15 proced\u016br\u0173.<\/p>\n<p><strong>Atsargumo priemon\u0117s: <\/strong>vengti patekimo \u012f akis. Patekus, nedelsiant nuplaukite vandeniu. Nevartoti maistui. Galimas padid\u0117j\u0119s individualus jautrumas atskiriems komponentams.<\/p>\n<p>Laikyti nuo +5 &deg;C iki +25 &deg;C temperat\u016broje.<br \/>\n&nbsp;<\/p>\n","protected":false},"excerpt":{"rendered":"<p>Eukalipt\u0173 ekstrakto ir eterinio aliejaus bei nat\u016bralios j\u016bros druskos d\u0117ka &scaron;iltos vonios turi teigiam\u0105 poveik\u012f po hipotermijos J\u016bros druskoje yra didel\u0117 mikro ir makro element\u0173 koncentracija, reikalingos sveikai odos b\u016bklei palaikyti: Kalis ir natris &ndash; reguliuoja dr\u0117gm\u0117s lyg\u012f odos l\u0105stel\u0117se; Kalcis &ndash; didina elastingum\u0105 ir stangrum\u0105; Magnis &ndash; l\u0117tina sen\u0117jimo procesus; Gele\u017eis &ndash; atkuria gyvybingum\u0105; [&#8230;]\n","protected":false},"featured_media":91718,"template":"","meta":[],"product_cat":[1612],"product_tag":[],"class_list":{"0":"post-50061","1":"product","2":"type-product","3":"status-publish","4":"has-post-thumbnail","6":"product_brand-elfa_ua-lt","7":"product_cat-putos-druska-vonios-bombos","9":"first","10":"outofstock","11":"taxable","12":"shipping-taxable","13":"product-type-simple"},"_links":{"self":[{"href":"https:\/\/e.kosmolat.eu\/lt\/wp-json\/wp\/v2\/product\/50061","targetHints":{"allow":["GET"]}}],"collection":[{"href":"https:\/\/e.kosmolat.eu\/lt\/wp-json\/wp\/v2\/product"}],"about":[{"href":"https:\/\/e.kosmolat.eu\/lt\/wp-json\/wp\/v2\/types\/product"}],"wp:featuredmedia":[{"embeddable":true,"href":"https:\/\/e.kosmolat.eu\/lt\/wp-json\/wp\/v2\/media\/91718"}],"wp:attachment":[{"href":"https:\/\/e.kosmolat.eu\/lt\/wp-json\/wp\/v2\/media?parent=50061"}],"wp:term":[{"taxonomy":"product_cat","embeddable":true,"href":"https:\/\/e.kosmolat.eu\/lt\/wp-json\/wp\/v2\/product_cat?post=50061"},{"taxonomy":"product_tag","embeddable":true,"href":"https:\/\/e.kosmolat.eu\/lt\/wp-json\/wp\/v2\/product_tag?post=50061"}],"curies":[{"name":"wp","href":"https:\/\/api.w.org\/{rel}","templated":true}]}}