{"id":50037,"date":"2024-04-18T04:02:38","date_gmt":"2024-04-18T04:02:38","guid":{"rendered":"https:\/\/e.kosmolat.eu\/product\/dd-vannas-sals-joda-broma-1-kg\/"},"modified":"2025-11-06T07:33:14","modified_gmt":"2025-11-06T07:33:14","slug":"i_dd-vannas-sals-joda-broma-1-kg","status":"publish","type":"product","link":"https:\/\/e.kosmolat.eu\/lt\/produktas\/i_dd-vannas-sals-joda-broma-1-kg\/","title":{"rendered":"DOMA\u0160NIJ DOKTOR Vonios druska Jodas ir bromas, 1kg"},"content":{"rendered":"<p>D\u0117l nat\u016bralioje j\u016bros druskoje esan\u010dio bromo ir jodo maudyn\u0117s turi teigiam\u0105 raminam\u0105j\u012f poveik\u012f.<\/p>\n<ul>\n<li>J\u016bros druskoje yra didel\u0117 mikro ir makro element\u0173 koncentracija, reikalingos sveikai odos b\u016bklei palaikyti:<\/li>\n<li>Kalis ir natris &ndash; reguliuoja dr\u0117gm\u0117s lyg\u012f odos l\u0105stel\u0117se;<\/li>\n<li>Kalcis &ndash; didina elastingum\u0105 ir stangrum\u0105;<\/li>\n<li>Magnis &ndash; l\u0117tina sen\u0117jimo procesus;<\/li>\n<li>Gele\u017eis &ndash; atkuria gyvybingum\u0105;<\/li>\n<li>Sulfato jonai &ndash; gerina odos spalv\u0105.<\/li>\n<\/ul>\n<p><strong>Naudojimas: <\/strong>100 g druskos i&scaron;tirpinkite &scaron;iltame vandenyje. Norint gauti ry&scaron;k\u0173 balneologin\u012f poveik\u012f, \u012f vien\u0105 voni\u0105 \u012fpilkite iki 500 g druskos. Kasdien arba kas antr\u0105 dien\u0105 15-20 minu\u010di\u0173 maudykit\u0117s iki 35-39&deg;C vandens temperat\u016bros, po to od\u0105 nuplaukite &scaron;variu vandeniu. Rekomenduojama 10-15 proced\u016br\u0173.<\/p>\n<p><strong>Atsargumo priemon\u0117s:<\/strong>&nbsp;vengti patekimo \u012f akis. Patekus, nedelsiant nuplaukite vandeniu. Nevartoti maistui. Galimas padid\u0117j\u0119s individualus jautrumas atskiriems komponentams.<\/p>\n<p>Laikyti nuo +5 &deg;C iki +25 &deg;C temperat\u016broje.<br \/>\n&nbsp;<\/p>\n","protected":false},"excerpt":{"rendered":"<p>D\u0117l nat\u016bralioje j\u016bros druskoje esan\u010dio bromo ir jodo maudyn\u0117s turi teigiam\u0105 raminam\u0105j\u012f poveik\u012f. J\u016bros druskoje yra didel\u0117 mikro ir makro element\u0173 koncentracija, reikalingos sveikai odos b\u016bklei palaikyti: Kalis ir natris &ndash; reguliuoja dr\u0117gm\u0117s lyg\u012f odos l\u0105stel\u0117se; Kalcis &ndash; didina elastingum\u0105 ir stangrum\u0105; Magnis &ndash; l\u0117tina sen\u0117jimo procesus; Gele\u017eis &ndash; atkuria gyvybingum\u0105; Sulfato jonai &ndash; gerina [&#8230;]\n","protected":false},"featured_media":91706,"template":"","meta":[],"product_cat":[2181],"product_tag":[],"class_list":{"0":"post-50037","1":"product","2":"type-product","3":"status-publish","4":"has-post-thumbnail","6":"product_brand-elfa_ua-lt","7":"product_cat-bez-kategorijas-lt","9":"first","10":"outofstock","11":"taxable","12":"shipping-taxable","13":"product-type-simple"},"_links":{"self":[{"href":"https:\/\/e.kosmolat.eu\/lt\/wp-json\/wp\/v2\/product\/50037","targetHints":{"allow":["GET"]}}],"collection":[{"href":"https:\/\/e.kosmolat.eu\/lt\/wp-json\/wp\/v2\/product"}],"about":[{"href":"https:\/\/e.kosmolat.eu\/lt\/wp-json\/wp\/v2\/types\/product"}],"wp:featuredmedia":[{"embeddable":true,"href":"https:\/\/e.kosmolat.eu\/lt\/wp-json\/wp\/v2\/media\/91706"}],"wp:attachment":[{"href":"https:\/\/e.kosmolat.eu\/lt\/wp-json\/wp\/v2\/media?parent=50037"}],"wp:term":[{"taxonomy":"product_cat","embeddable":true,"href":"https:\/\/e.kosmolat.eu\/lt\/wp-json\/wp\/v2\/product_cat?post=50037"},{"taxonomy":"product_tag","embeddable":true,"href":"https:\/\/e.kosmolat.eu\/lt\/wp-json\/wp\/v2\/product_tag?post=50037"}],"curies":[{"name":"wp","href":"https:\/\/api.w.org\/{rel}","templated":true}]}}