{"id":50012,"date":"2024-04-17T04:06:22","date_gmt":"2024-04-17T04:06:22","guid":{"rendered":"https:\/\/e.kosmolat.eu\/product\/i_vc-skrubis-kermenim-juras-alges-karite-bergamote-250-g\/"},"modified":"2025-09-19T15:28:28","modified_gmt":"2025-09-19T15:28:28","slug":"i_vc-kermena-skrubis-juras-alges-karite-bergamote-250-g","status":"publish","type":"product","link":"https:\/\/e.kosmolat.eu\/lt\/produktas\/i_vc-kermena-skrubis-juras-alges-karite-bergamote-250-g\/","title":{"rendered":"I_VITAL CHARM K\u016bno \u0161veitiklis J\u016bros dumbliai, taukmedis, bergamot\u0117s, 250 g + 9 g"},"content":{"rendered":"<p>J\u016bros druskos kristalai \u0161velniai valo od\u0105 nuo negyv\u0173 l\u0105steli\u0173, gerina odos tonus\u0105 ir elastingum\u0105. Eterinis bergamo\u010di\u0173 aliejus &#8211; ideali priemon\u0117 senstan\u010diai, sausai ir probleminei odai. Stiprina pilvo, kr\u016btin\u0117s ir \u0161laun\u0173 raumenis, pa\u0161alina celiulit\u0105. Taukmed\u017eio aliejus maitina, apsaugo od\u0105 nuo UV-filtru, stangrina, mink\u0161tina ir atstato epidermin\u012f sluoksn\u012f. J\u016bros dumbli\u0173 ekstraktas turi daug reikaling\u0173 odai vitamin\u0173, mineral\u0173 ir aminor\u016bg\u0161\u010di\u0173.<\/p>\n<p>Naudojimo b\u016bdas: u\u017etepti nedidel\u012f \u0161veitiklio kiek\u012f ant dr\u0117gnos odos, \u0161velniai masa\u017euoti, tada nuplauti vandeniu. <\/p>\n<p>Laikymo s\u0105lygos: Laikyti sandariai u\u017edarytoje gamintojo talpykloje nuo 0\u00b0C iki +25\u00b0C temperat\u016broje, o santykin\u0117 oro dr\u0117gm\u0117 ne didesn\u0117 kaip 70% ne ma\u017eesniu kaip 1 m atstumu nuo \u0161ildymo prietais\u0173, atokiau nuo tiesiogini\u0173 saul\u0117s spinduli\u0173.<\/p>\n<p>Tik i\u0161oriniam naudojimui. Patekus \u012f akis, praplauti vandeniu. Nenaudokite \u0161veitiklio ant pa\u017eeistos odos. Laikyti vaikams nepasiekiamoje vietoje.<\/p>\n<p>Geriausias: 30 m\u0117nesi\u0173 nuo pagaminimo datos.<\/p>\n","protected":false},"excerpt":{"rendered":"<p>J\u016bros druskos kristalai \u0161velniai valo od\u0105 nuo negyv\u0173 l\u0105steli\u0173, gerina odos tonus\u0105 ir elastingum\u0105. Eterinis bergamo\u010di\u0173 aliejus &#8211; ideali priemon\u0117 senstan\u010diai, sausai ir probleminei odai. Stiprina pilvo, kr\u016btin\u0117s ir \u0161laun\u0173 raumenis, pa\u0161alina celiulit\u0105. Taukmed\u017eio aliejus maitina, apsaugo od\u0105 nuo UV-filtru, stangrina, mink\u0161tina ir atstato epidermin\u012f sluoksn\u012f. J\u016bros dumbli\u0173 ekstraktas turi daug reikaling\u0173 odai vitamin\u0173, mineral\u0173 [&#8230;]\n","protected":false},"featured_media":78770,"template":"","meta":[],"product_cat":[1359],"product_tag":[],"class_list":{"0":"post-50012","1":"product","2":"type-product","3":"status-publish","4":"has-post-thumbnail","6":"product_brand-aqua-cosmetics_ua-lt","7":"product_cat-kuno-sveitikliai-ir-pilingai","9":"first","10":"outofstock","11":"taxable","12":"shipping-taxable","13":"product-type-simple"},"_links":{"self":[{"href":"https:\/\/e.kosmolat.eu\/lt\/wp-json\/wp\/v2\/product\/50012","targetHints":{"allow":["GET"]}}],"collection":[{"href":"https:\/\/e.kosmolat.eu\/lt\/wp-json\/wp\/v2\/product"}],"about":[{"href":"https:\/\/e.kosmolat.eu\/lt\/wp-json\/wp\/v2\/types\/product"}],"wp:featuredmedia":[{"embeddable":true,"href":"https:\/\/e.kosmolat.eu\/lt\/wp-json\/wp\/v2\/media\/78770"}],"wp:attachment":[{"href":"https:\/\/e.kosmolat.eu\/lt\/wp-json\/wp\/v2\/media?parent=50012"}],"wp:term":[{"taxonomy":"product_cat","embeddable":true,"href":"https:\/\/e.kosmolat.eu\/lt\/wp-json\/wp\/v2\/product_cat?post=50012"},{"taxonomy":"product_tag","embeddable":true,"href":"https:\/\/e.kosmolat.eu\/lt\/wp-json\/wp\/v2\/product_tag?post=50012"}],"curies":[{"name":"wp","href":"https:\/\/api.w.org\/{rel}","templated":true}]}}