{"id":50004,"date":"2024-04-17T04:05:26","date_gmt":"2024-04-17T04:05:26","guid":{"rendered":"https:\/\/e.kosmolat.eu\/product\/i_vc-skrubis-kermenim-sojas-piens-apelsins-piparmetra-250-g\/"},"modified":"2025-09-19T15:28:14","modified_gmt":"2025-09-19T15:28:14","slug":"i_vc-kermena-skrubis-sojas-piens-apelsins-piparmetra-250-g-9-g","status":"publish","type":"product","link":"https:\/\/e.kosmolat.eu\/lt\/produktas\/i_vc-kermena-skrubis-sojas-piens-apelsins-piparmetra-250-g-9-g\/","title":{"rendered":"I_VITAL CHARM K\u016bno \u0161veitiklis Sojos pienas, apelsinas, m\u0117tos, 250 g + 9 g"},"content":{"rendered":"<p>J\u016bros druskos kristalai \u0161velniai valo od\u0105 nuo negyv\u0173 l\u0105steli\u0173, gerina odos tonus\u0105 ir elastingum\u0105. Sojos proteinai tinka labai sausai odai, mink\u0161tina ir pripildo j\u0105 mikroelementais ir mineralais. Eterinis apelsin\u0173 aliejus maitina ir regeneruoja saus\u0105 ir sudirgusi\u0105 od\u0105. Eterinis m\u0117tos aliejus gaivina ir i\u0161lygina rauk\u0161les, tinka problemin\u0117s odos prie\u017ei\u016brai.<\/p>\n<p>Naudojimo b\u016bdas: u\u017etepti nedidel\u012f \u0161veitiklio kiek\u012f ant dr\u0117gnos odos, \u0161velniai masa\u017euoti, tada nuplauti vandeniu. <\/p>\n<p>Laikymo s\u0105lygos: Laikyti sandariai u\u017edarytoje gamintojo talpykloje nuo 0\u00b0C iki +25\u00b0C temperat\u016broje, o santykin\u0117 oro dr\u0117gm\u0117 ne didesn\u0117 kaip 70% ne ma\u017eesniu kaip 1 m atstumu nuo \u0161ildymo prietais\u0173, atokiau nuo tiesiogini\u0173 saul\u0117s spinduli\u0173.<\/p>\n<p>Tik i\u0161oriniam naudojimui. Patekus \u012f akis, praplauti vandeniu. Nenaudokite \u0161veitiklio ant pa\u017eeistos odos. Laikyti vaikams nepasiekiamoje vietoje.<\/p>\n<p>Geriausias: 30 m\u0117nesi\u0173 nuo pagaminimo datos.<\/p>\n","protected":false},"excerpt":{"rendered":"<p>J\u016bros druskos kristalai \u0161velniai valo od\u0105 nuo negyv\u0173 l\u0105steli\u0173, gerina odos tonus\u0105 ir elastingum\u0105. Sojos proteinai tinka labai sausai odai, mink\u0161tina ir pripildo j\u0105 mikroelementais ir mineralais. Eterinis apelsin\u0173 aliejus maitina ir regeneruoja saus\u0105 ir sudirgusi\u0105 od\u0105. Eterinis m\u0117tos aliejus gaivina ir i\u0161lygina rauk\u0161les, tinka problemin\u0117s odos prie\u017ei\u016brai. Naudojimo b\u016bdas: u\u017etepti nedidel\u012f \u0161veitiklio kiek\u012f ant [&#8230;]\n","protected":false},"featured_media":78766,"template":"","meta":[],"product_cat":[1359],"product_tag":[],"class_list":{"0":"post-50004","1":"product","2":"type-product","3":"status-publish","4":"has-post-thumbnail","6":"product_brand-aqua-cosmetics_ua-lt","7":"product_cat-kuno-sveitikliai-ir-pilingai","9":"first","10":"outofstock","11":"taxable","12":"shipping-taxable","13":"product-type-simple"},"_links":{"self":[{"href":"https:\/\/e.kosmolat.eu\/lt\/wp-json\/wp\/v2\/product\/50004","targetHints":{"allow":["GET"]}}],"collection":[{"href":"https:\/\/e.kosmolat.eu\/lt\/wp-json\/wp\/v2\/product"}],"about":[{"href":"https:\/\/e.kosmolat.eu\/lt\/wp-json\/wp\/v2\/types\/product"}],"wp:featuredmedia":[{"embeddable":true,"href":"https:\/\/e.kosmolat.eu\/lt\/wp-json\/wp\/v2\/media\/78766"}],"wp:attachment":[{"href":"https:\/\/e.kosmolat.eu\/lt\/wp-json\/wp\/v2\/media?parent=50004"}],"wp:term":[{"taxonomy":"product_cat","embeddable":true,"href":"https:\/\/e.kosmolat.eu\/lt\/wp-json\/wp\/v2\/product_cat?post=50004"},{"taxonomy":"product_tag","embeddable":true,"href":"https:\/\/e.kosmolat.eu\/lt\/wp-json\/wp\/v2\/product_tag?post=50004"}],"curies":[{"name":"wp","href":"https:\/\/api.w.org\/{rel}","templated":true}]}}