{"id":49996,"date":"2024-04-17T04:05:12","date_gmt":"2024-04-17T04:05:12","guid":{"rendered":"https:\/\/e.kosmolat.eu\/product\/i_vc-skrubis-kermenim-gurkis-alveja-kaolins-250-g\/"},"modified":"2025-09-19T15:28:00","modified_gmt":"2025-09-19T15:28:00","slug":"i_vc-kermena-skrubis-gurks-alveja-kaolins-250-g-9-g","status":"publish","type":"product","link":"https:\/\/e.kosmolat.eu\/lt\/produktas\/i_vc-kermena-skrubis-gurks-alveja-kaolins-250-g-9-g\/","title":{"rendered":"I_VITAL CHARM K\u016bno \u0161veitiklis Agurkas, alijo\u0161ius, kaolinas, 250 g + 9 g"},"content":{"rendered":"<p>Agurkai, alavijai, kaolinas, vynuogi\u0173 ir abrikos\u0173 s\u0117kl\u0173 aliejus, vitaminas E.<\/p>\n<p>J\u016bros druskos kristalai \u0161velniai valo od\u0105 nuo negyv\u0173 l\u0105steli\u0173, gerina odos tonus\u0105 ir elastingum\u0105. Baltas molis sugeria nereikalingas organizmui med\u017eiagas. Alijo\u0161i\u0173 ekstraktas mink\u0161tina, dr\u0117kina od\u0105, turi prie\u0161u\u017edegimini\u0173 savybi\u0173. Agurk\u0173 ekstraktas valo, balina, sutraukia poras, dr\u0117kina ir tonizuoja od\u0105. <\/p>\n<p>Naudojimo b\u016bdas: u\u017etepti nedidel\u012f \u0161veitiklio kiek\u012f ant dr\u0117gnos odos, \u0161velniai masa\u017euoti, tada nuplauti vandeniu. <\/p>\n<p>Laikymo s\u0105lygos: laikyti sandariai u\u017edarytoje gamintojo talpykloje nuo 0\u00b0C iki +25\u00b0C temperat\u016broje ir ne auk\u0161tesn\u0117je kaip 70% santykin\u0117je oro dr\u0117gm\u0117je ne ma\u017eesniu kaip 1 m atstumu nuo \u0161ildymo prietais\u0173, toliau nuo tiesiogini\u0173 saul\u0117s spinduli\u0173.<\/p>\n<p>Tik i\u0161oriniam naudojimui. Patekus \u012f akis, praplauti vandeniu. Nenaudokite \u0161veitiklio ant pa\u017eeistos odos. Laikyti vaikams nepasiekiamoje vietoje.<\/p>\n<p>Geriausias: 30 m\u0117nesi\u0173 nuo pagaminimo datos.<\/p>\n","protected":false},"excerpt":{"rendered":"<p>Agurkai, alavijai, kaolinas, vynuogi\u0173 ir abrikos\u0173 s\u0117kl\u0173 aliejus, vitaminas E. J\u016bros druskos kristalai \u0161velniai valo od\u0105 nuo negyv\u0173 l\u0105steli\u0173, gerina odos tonus\u0105 ir elastingum\u0105. Baltas molis sugeria nereikalingas organizmui med\u017eiagas. Alijo\u0161i\u0173 ekstraktas mink\u0161tina, dr\u0117kina od\u0105, turi prie\u0161u\u017edegimini\u0173 savybi\u0173. Agurk\u0173 ekstraktas valo, balina, sutraukia poras, dr\u0117kina ir tonizuoja od\u0105. Naudojimo b\u016bdas: u\u017etepti nedidel\u012f \u0161veitiklio kiek\u012f ant [&#8230;]\n","protected":false},"featured_media":78762,"template":"","meta":[],"product_cat":[1359],"product_tag":[],"class_list":{"0":"post-49996","1":"product","2":"type-product","3":"status-publish","4":"has-post-thumbnail","6":"product_brand-aqua-cosmetics_ua-lt","7":"product_cat-kuno-sveitikliai-ir-pilingai","9":"first","10":"outofstock","11":"taxable","12":"shipping-taxable","13":"product-type-simple"},"_links":{"self":[{"href":"https:\/\/e.kosmolat.eu\/lt\/wp-json\/wp\/v2\/product\/49996","targetHints":{"allow":["GET"]}}],"collection":[{"href":"https:\/\/e.kosmolat.eu\/lt\/wp-json\/wp\/v2\/product"}],"about":[{"href":"https:\/\/e.kosmolat.eu\/lt\/wp-json\/wp\/v2\/types\/product"}],"wp:featuredmedia":[{"embeddable":true,"href":"https:\/\/e.kosmolat.eu\/lt\/wp-json\/wp\/v2\/media\/78762"}],"wp:attachment":[{"href":"https:\/\/e.kosmolat.eu\/lt\/wp-json\/wp\/v2\/media?parent=49996"}],"wp:term":[{"taxonomy":"product_cat","embeddable":true,"href":"https:\/\/e.kosmolat.eu\/lt\/wp-json\/wp\/v2\/product_cat?post=49996"},{"taxonomy":"product_tag","embeddable":true,"href":"https:\/\/e.kosmolat.eu\/lt\/wp-json\/wp\/v2\/product_tag?post=49996"}],"curies":[{"name":"wp","href":"https:\/\/api.w.org\/{rel}","templated":true}]}}