{"id":49988,"date":"2024-04-17T04:04:57","date_gmt":"2024-04-17T04:04:57","guid":{"rendered":"https:\/\/e.kosmolat.eu\/product\/i_zelana-spa-aromatizets-sals-vannai-karsta-sokol-ar-kaneli-300-g\/"},"modified":"2025-09-19T15:25:27","modified_gmt":"2025-09-19T15:25:27","slug":"i_zelana-spa-aromatizets-sals-vannai-karsta-sokol-ar-kaneli-300-g","status":"publish","type":"product","link":"https:\/\/e.kosmolat.eu\/lt\/produktas\/i_zelana-spa-aromatizets-sals-vannai-karsta-sokol-ar-kaneli-300-g\/","title":{"rendered":"\u017dELANA SPA Therapy Aromatizuota vonios druska Kar\u0161tas \u0161okoladas su cinamonu, 300 g"},"content":{"rendered":"<p>SPA vonia padovanos palaimos minutes ir suteiks J\u016bs\u0173 k\u016bnui energijos.<\/p>\n<p><strong>Naudojimas: <\/strong>I&scaron;tirpinkite 100 g (4 v.&scaron;.) druskos vonios vandenyje. Maudykit\u0117s vonioje 15-20 minu\u010di\u0173.<br \/>\n&nbsp;<\/p>\n","protected":false},"excerpt":{"rendered":"<p>SPA vonia padovanos palaimos minutes ir suteiks J\u016bs\u0173 k\u016bnui energijos. Naudojimas: I&scaron;tirpinkite 100 g (4 v.&scaron;.) druskos vonios vandenyje. Maudykit\u0117s vonioje 15-20 minu\u010di\u0173. &nbsp;<\/p>\n","protected":false},"featured_media":78726,"template":"","meta":[],"product_cat":[1612],"product_tag":[],"class_list":{"0":"post-49988","1":"product","2":"type-product","3":"status-publish","4":"has-post-thumbnail","6":"product_brand-aqua-cosmetics_ua-lt","7":"product_cat-putos-druska-vonios-bombos","9":"first","10":"outofstock","11":"taxable","12":"shipping-taxable","13":"product-type-simple"},"_links":{"self":[{"href":"https:\/\/e.kosmolat.eu\/lt\/wp-json\/wp\/v2\/product\/49988","targetHints":{"allow":["GET"]}}],"collection":[{"href":"https:\/\/e.kosmolat.eu\/lt\/wp-json\/wp\/v2\/product"}],"about":[{"href":"https:\/\/e.kosmolat.eu\/lt\/wp-json\/wp\/v2\/types\/product"}],"wp:featuredmedia":[{"embeddable":true,"href":"https:\/\/e.kosmolat.eu\/lt\/wp-json\/wp\/v2\/media\/78726"}],"wp:attachment":[{"href":"https:\/\/e.kosmolat.eu\/lt\/wp-json\/wp\/v2\/media?parent=49988"}],"wp:term":[{"taxonomy":"product_cat","embeddable":true,"href":"https:\/\/e.kosmolat.eu\/lt\/wp-json\/wp\/v2\/product_cat?post=49988"},{"taxonomy":"product_tag","embeddable":true,"href":"https:\/\/e.kosmolat.eu\/lt\/wp-json\/wp\/v2\/product_tag?post=49988"}],"curies":[{"name":"wp","href":"https:\/\/api.w.org\/{rel}","templated":true}]}}