{"id":49980,"date":"2024-04-17T04:03:44","date_gmt":"2024-04-17T04:03:44","guid":{"rendered":"https:\/\/e.kosmolat.eu\/product\/dolce-vero-cukura-sals-skrubis-pistaciju-sierakuka-250-ml\/"},"modified":"2026-04-13T15:16:02","modified_gmt":"2026-04-13T15:16:02","slug":"dolce-vero-cukura-sals-skrubis-pistaciju-siera-kuka-250-g","status":"publish","type":"product","link":"https:\/\/e.kosmolat.eu\/lt\/produktas\/dolce-vero-cukura-sals-skrubis-pistaciju-siera-kuka-250-g\/","title":{"rendered":"DOLCE VERO Cukrus-druskos k\u016bno \u0161veitiklis su aromatu \u201ePistacij\u0173 s\u016brio pyragas\u201c, 250 g"},"content":{"rendered":"<p>Su feijoa ir kivi\u0173 ekstraktais ir baltuoju moliu. 3in1 \u2013 odos valymas, mink\u0161tinimas, anticeliulitinis poveikis. Cukraus ir druskos \u0161veitiklis su i\u0161skirtiniu pistacij\u0173 s\u016brio pyrago aromatu yra puiki priemon\u0117 \u0161velniai nuvalyti od\u0105 nuo negyv\u0173 l\u0105steli\u0173. \u0160veitiklis pagerina odos tonus\u0105 ir elastingum\u0105. Padeda suma\u017einti celiulito atsiradim\u0105.<br \/>\nBaltasis molis gerina problemin\u0117s odos b\u016bkl\u0119.<br \/>\nFeijoa ir kivi ekstraktai gr\u0105\u017eina sveik\u0105 odos spindes\u012f.<\/p>\n<p>Naudojimas:<br \/>\nTepkite ant dr\u0117gnos odos, lengvai \u012fmasa\u017euokite, nuplaukite vandeniu. Naudokite 1-2 kartus per savait\u0119.<\/p>\n<p>Laikymo s\u0105lygos: Laikyti sandariai u\u017edarytoje gamintojo talpykloje nuo 0\u00b0C iki +25\u00b0C temperat\u016broje, o santykin\u0117 oro dr\u0117gm\u0117 ne didesn\u0117 kaip 70% ne ma\u017eesniu kaip 1 m atstumu nuo \u0161ildymo prietais\u0173, atokiau nuo tiesiogini\u0173 saul\u0117s spinduli\u0173.<\/p>\n<p>Tik i\u0161oriniam naudojimui. Patekus \u012f akis, praplauti vandeniu. Nenaudokite \u0161veitiklio ant pa\u017eeistos odos. Laikyti vaikams nepasiekiamoje vietoje.<\/p>\n<p>Geriausias: 30 m\u0117nesi\u0173 nuo pagaminimo datos.<\/p>\n","protected":false},"excerpt":{"rendered":"<p>Su feijoa ir kivi\u0173 ekstraktais ir baltuoju moliu. 3in1 \u2013 odos valymas, mink\u0161tinimas, anticeliulitinis poveikis. Cukraus ir druskos \u0161veitiklis su i\u0161skirtiniu pistacij\u0173 s\u016brio pyrago aromatu yra puiki priemon\u0117 \u0161velniai nuvalyti od\u0105 nuo negyv\u0173 l\u0105steli\u0173. \u0160veitiklis pagerina odos tonus\u0105 ir elastingum\u0105. Padeda suma\u017einti celiulito atsiradim\u0105. Baltasis molis gerina problemin\u0117s odos b\u016bkl\u0119. Feijoa ir kivi ekstraktai gr\u0105\u017eina [&#8230;]\n","protected":false},"featured_media":80706,"template":"","meta":[],"product_cat":[1359],"product_tag":[],"class_list":{"0":"post-49980","1":"product","2":"type-product","3":"status-publish","4":"has-post-thumbnail","6":"product_brand-aqua-cosmetics_ua-lt","7":"product_cat-kuno-sveitikliai-ir-pilingai","9":"first","10":"instock","11":"taxable","12":"shipping-taxable","13":"product-type-simple"},"_links":{"self":[{"href":"https:\/\/e.kosmolat.eu\/lt\/wp-json\/wp\/v2\/product\/49980","targetHints":{"allow":["GET"]}}],"collection":[{"href":"https:\/\/e.kosmolat.eu\/lt\/wp-json\/wp\/v2\/product"}],"about":[{"href":"https:\/\/e.kosmolat.eu\/lt\/wp-json\/wp\/v2\/types\/product"}],"wp:featuredmedia":[{"embeddable":true,"href":"https:\/\/e.kosmolat.eu\/lt\/wp-json\/wp\/v2\/media\/80706"}],"wp:attachment":[{"href":"https:\/\/e.kosmolat.eu\/lt\/wp-json\/wp\/v2\/media?parent=49980"}],"wp:term":[{"taxonomy":"product_cat","embeddable":true,"href":"https:\/\/e.kosmolat.eu\/lt\/wp-json\/wp\/v2\/product_cat?post=49980"},{"taxonomy":"product_tag","embeddable":true,"href":"https:\/\/e.kosmolat.eu\/lt\/wp-json\/wp\/v2\/product_tag?post=49980"}],"curies":[{"name":"wp","href":"https:\/\/api.w.org\/{rel}","templated":true}]}}