{"id":49964,"date":"2024-04-17T04:03:18","date_gmt":"2024-04-17T04:03:18","guid":{"rendered":"https:\/\/e.kosmolat.eu\/product\/dolce-vero-cukura-sals-skrubis-mango-uzputienis-250-ml\/"},"modified":"2026-04-17T06:39:56","modified_gmt":"2026-04-17T06:39:56","slug":"dolce-vero-cukura-sals-skrubis-mango-uzputienis-250g","status":"publish","type":"product","link":"https:\/\/e.kosmolat.eu\/lt\/produktas\/dolce-vero-cukura-sals-skrubis-mango-uzputienis-250g\/","title":{"rendered":"DOLCE VERO Cukrus-druskos k\u016bno \u0161veitiklis su aromatu \u201eMang\u0173 put\u0117siai\u201c, 250 g"},"content":{"rendered":"<p>Su kamelij\u0173 aliejumi ir medumi. 3in1 \u2013 odos valymas, mink\u0161tinimas, anticeliulitinis poveikis. <\/p>\n<p>Cukraus-druskos \u0161veitiklis su nuostabiu Mango Mousse aromatu \u0161velniai valo od\u0105, pa\u0161alina negyvas odos daleles, padeda suma\u017einti celiulito atsiradim\u0105 ir paruo\u0161ia j\u0105 tolimesnei prie\u017ei\u016brai. Palieka od\u0105 \u0161velni\u0105 ir \u0161ilkin\u0119 liesti.<br \/>\nMedus padeda kovoti su celiulitu. Skatina atjauninim\u0105, pagerina spalv\u0105 ir lygina odos pavir\u0161i\u0173. Kamelij\u0173 aliejus mink\u0161tina od\u0105, daro j\u0105 elasting\u0105 ir stabdo sen\u0117jimo procesus.<\/p>\n<p>Naudojimas: Tepkite ant dr\u0117gnos odos, lengvai \u012fmasa\u017euokite, nuplaukite vandeniu. Naudokite 1-2 kartus per savait\u0119.<\/p>\n<p>Laikymo s\u0105lygos: Laikyti sandariai u\u017edarytoje gamintojo talpykloje nuo 0\u00b0C iki +25\u00b0C temperat\u016broje, o santykin\u0117 oro dr\u0117gm\u0117 ne didesn\u0117 kaip 70% ne ma\u017eesniu kaip 1 m atstumu nuo \u0161ildymo prietais\u0173, atokiau nuo tiesiogini\u0173 saul\u0117s spinduli\u0173.<\/p>\n<p>Tik i\u0161oriniam naudojimui. Patekus \u012f akis, praplauti vandeniu. Nenaudokite \u0161veitiklio ant pa\u017eeistos odos. Laikyti vaikams nepasiekiamoje vietoje.<\/p>\n<p>Geriausias: 30 m\u0117nesi\u0173 nuo pagaminimo datos.<\/p>\n","protected":false},"excerpt":{"rendered":"<p>Su kamelij\u0173 aliejumi ir medumi. 3in1 \u2013 odos valymas, mink\u0161tinimas, anticeliulitinis poveikis. Cukraus-druskos \u0161veitiklis su nuostabiu Mango Mousse aromatu \u0161velniai valo od\u0105, pa\u0161alina negyvas odos daleles, padeda suma\u017einti celiulito atsiradim\u0105 ir paruo\u0161ia j\u0105 tolimesnei prie\u017ei\u016brai. Palieka od\u0105 \u0161velni\u0105 ir \u0161ilkin\u0119 liesti. Medus padeda kovoti su celiulitu. Skatina atjauninim\u0105, pagerina spalv\u0105 ir lygina odos pavir\u0161i\u0173. Kamelij\u0173 [&#8230;]\n","protected":false},"featured_media":80698,"template":"","meta":[],"product_cat":[2181],"product_tag":[],"class_list":{"0":"post-49964","1":"product","2":"type-product","3":"status-publish","4":"has-post-thumbnail","6":"product_brand-aqua-cosmetics_ua-lt","7":"product_cat-bez-kategorijas-lt","9":"first","10":"instock","11":"taxable","12":"shipping-taxable","13":"product-type-simple"},"_links":{"self":[{"href":"https:\/\/e.kosmolat.eu\/lt\/wp-json\/wp\/v2\/product\/49964","targetHints":{"allow":["GET"]}}],"collection":[{"href":"https:\/\/e.kosmolat.eu\/lt\/wp-json\/wp\/v2\/product"}],"about":[{"href":"https:\/\/e.kosmolat.eu\/lt\/wp-json\/wp\/v2\/types\/product"}],"wp:featuredmedia":[{"embeddable":true,"href":"https:\/\/e.kosmolat.eu\/lt\/wp-json\/wp\/v2\/media\/80698"}],"wp:attachment":[{"href":"https:\/\/e.kosmolat.eu\/lt\/wp-json\/wp\/v2\/media?parent=49964"}],"wp:term":[{"taxonomy":"product_cat","embeddable":true,"href":"https:\/\/e.kosmolat.eu\/lt\/wp-json\/wp\/v2\/product_cat?post=49964"},{"taxonomy":"product_tag","embeddable":true,"href":"https:\/\/e.kosmolat.eu\/lt\/wp-json\/wp\/v2\/product_tag?post=49964"}],"curies":[{"name":"wp","href":"https:\/\/api.w.org\/{rel}","templated":true}]}}