{"id":49956,"date":"2024-04-17T04:03:07","date_gmt":"2024-04-17T04:03:07","guid":{"rendered":"https:\/\/e.kosmolat.eu\/product\/dolce-vero-cukura-sals-skrubis-avenu-panna-kotta-250-ml\/"},"modified":"2026-04-21T08:44:00","modified_gmt":"2026-04-21T08:44:00","slug":"dolce-vero-cukura-sals-skrubis-avenu-panna-kotta-250-g","status":"publish","type":"product","link":"https:\/\/e.kosmolat.eu\/lt\/produktas\/dolce-vero-cukura-sals-skrubis-avenu-panna-kotta-250-g\/","title":{"rendered":"DOLCE VERO Cukrus-druskos k\u016bno \u0161veitiklis su aromatu \u201eAvietin\u0117 panakota\u201c, 250 g"},"content":{"rendered":"<p>Su pieno baltymais ir abrikos\u0173 kauliukais. 3in1 \u2013 odos valymas, mink\u0161tinimas, anticeliulitinis poveikis. Cukraus ir druskos \u0161veitiklis su viliojan\u010diu itali\u0161ko deserto aromatu \u0161velniai r\u016bpinasi oda: valo, atnaujina ir mink\u0161tina j\u0105. Masa\u017einis \u0161veitiklio poveikis jaun\u0173 l\u0105steli\u0173 augimui ir aktyvina kraujotak\u0105. Padeda suma\u017einti celiulito atsiradim\u0105. Abrikos\u0173 kauliukai idealiai tinka \u0161velniam, giliam jautrios odos valymui. Pieno baltymai dr\u0117kina, suteikia jai \u0161velnumo ir elastingumo.<\/p>\n<p>Naudojimas: Tepkite ant dr\u0117gnos odos, lengvai \u012fmasa\u017euokite, nuplaukite vandeniu. Naudokite 1-2 kartus per savait\u0119.<\/p>\n<p>Laikymo s\u0105lygos: Laikyti sandariai u\u017edarytoje gamintojo talpykloje nuo 0\u00b0C iki +25\u00b0C temperat\u016broje, o santykin\u0117 oro dr\u0117gm\u0117 ne didesn\u0117 kaip 70% ne ma\u017eesniu kaip 1 m atstumu nuo \u0161ildymo prietais\u0173, atokiau nuo tiesiogini\u0173 saul\u0117s spinduli\u0173.<\/p>\n<p>Tik i\u0161oriniam naudojimui. Patekus \u012f akis, praplauti vandeniu. Nenaudokite \u0161veitiklio ant pa\u017eeistos odos. Laikyti vaikams nepasiekiamoje vietoje.<\/p>\n<p>Geriausias: 30 m\u0117nesi\u0173 nuo pagaminimo datos.<\/p>\n","protected":false},"excerpt":{"rendered":"<p>Su pieno baltymais ir abrikos\u0173 kauliukais. 3in1 \u2013 odos valymas, mink\u0161tinimas, anticeliulitinis poveikis. Cukraus ir druskos \u0161veitiklis su viliojan\u010diu itali\u0161ko deserto aromatu \u0161velniai r\u016bpinasi oda: valo, atnaujina ir mink\u0161tina j\u0105. Masa\u017einis \u0161veitiklio poveikis jaun\u0173 l\u0105steli\u0173 augimui ir aktyvina kraujotak\u0105. Padeda suma\u017einti celiulito atsiradim\u0105. Abrikos\u0173 kauliukai idealiai tinka \u0161velniam, giliam jautrios odos valymui. Pieno baltymai dr\u0117kina, [&#8230;]\n","protected":false},"featured_media":80694,"template":"","meta":[],"product_cat":[1359],"product_tag":[],"class_list":{"0":"post-49956","1":"product","2":"type-product","3":"status-publish","4":"has-post-thumbnail","6":"product_brand-aqua-cosmetics_ua-lt","7":"product_cat-kuno-sveitikliai-ir-pilingai","9":"first","10":"instock","11":"taxable","12":"shipping-taxable","13":"product-type-simple"},"_links":{"self":[{"href":"https:\/\/e.kosmolat.eu\/lt\/wp-json\/wp\/v2\/product\/49956","targetHints":{"allow":["GET"]}}],"collection":[{"href":"https:\/\/e.kosmolat.eu\/lt\/wp-json\/wp\/v2\/product"}],"about":[{"href":"https:\/\/e.kosmolat.eu\/lt\/wp-json\/wp\/v2\/types\/product"}],"wp:featuredmedia":[{"embeddable":true,"href":"https:\/\/e.kosmolat.eu\/lt\/wp-json\/wp\/v2\/media\/80694"}],"wp:attachment":[{"href":"https:\/\/e.kosmolat.eu\/lt\/wp-json\/wp\/v2\/media?parent=49956"}],"wp:term":[{"taxonomy":"product_cat","embeddable":true,"href":"https:\/\/e.kosmolat.eu\/lt\/wp-json\/wp\/v2\/product_cat?post=49956"},{"taxonomy":"product_tag","embeddable":true,"href":"https:\/\/e.kosmolat.eu\/lt\/wp-json\/wp\/v2\/product_tag?post=49956"}],"curies":[{"name":"wp","href":"https:\/\/api.w.org\/{rel}","templated":true}]}}