{"id":49940,"date":"2024-04-17T04:02:39","date_gmt":"2024-04-17T04:02:39","guid":{"rendered":"https:\/\/e.kosmolat.eu\/product\/za-sejas-krems-multivitaminu-250-g\/"},"modified":"2025-09-20T04:16:40","modified_gmt":"2025-09-20T04:16:40","slug":"i_za-sejas-krems-multivitaminu-250-g","status":"publish","type":"product","link":"https:\/\/e.kosmolat.eu\/lt\/produktas\/i_za-sejas-krems-multivitaminu-250-g\/","title":{"rendered":"I_ZELIONAJA APTEKA Veido kremas Multivitamininis, 250 g"},"content":{"rendered":"<p>Vis\u0173 tip\u0173 odai. Akimirksniu pa&scaron;alina odos tempimo jausm\u0105. Jis turi lengv\u0105 tekst\u016br\u0105. Nepalieka lipnumo jausmo ant odos. Vitamin\u0173 kompleksas (pantenolis, biotinas, vitaminai A ir E, vitaminas PP, arnik\u0173 &nbsp;ir hamameli\u0173 ekstraktai) pasi\u017eymi antioksidaciniu poveikiu, dr\u0117kina ir gerina odos b\u016bkl\u0119. Kokos\u0173 aliejus maitina ir atkuria i&scaron;saus\u0117jusi\u0105 od\u0105.<\/p>\n<p><strong>Naudojimas:<\/strong>&nbsp;ryte ir\/ar vakare lengvais masa\u017euojamaisiais judesiais tepkite &scaron;vari\u0105, saus\u0105 veido ir kaklo od\u0105.&nbsp;<\/p>\n<p>Sud\u0117tyje yra vitamino A. Prie&scaron; naudojant atsi\u017evelgti \u012f paros doze.<\/p>\n<p><strong>Atsargumo priemon\u0117s: <\/strong>padid\u0117j\u0119s individualus jautrumas atskiriems komponentams.<\/p>\n<p>Dermatologi&scaron;kai patikrintas.<\/p>\n<p>Laikyti nuo +5 &deg;C iki +25 &deg;C temperat\u016broje.<\/p>\n","protected":false},"excerpt":{"rendered":"<p>Vis\u0173 tip\u0173 odai. Akimirksniu pa&scaron;alina odos tempimo jausm\u0105. Jis turi lengv\u0105 tekst\u016br\u0105. Nepalieka lipnumo jausmo ant odos. Vitamin\u0173 kompleksas (pantenolis, biotinas, vitaminai A ir E, vitaminas PP, arnik\u0173 &nbsp;ir hamameli\u0173 ekstraktai) pasi\u017eymi antioksidaciniu poveikiu, dr\u0117kina ir gerina odos b\u016bkl\u0119. Kokos\u0173 aliejus maitina ir atkuria i&scaron;saus\u0117jusi\u0105 od\u0105. Naudojimas:&nbsp;ryte ir\/ar vakare lengvais masa\u017euojamaisiais judesiais tepkite &scaron;vari\u0105, saus\u0105 [&#8230;]\n","protected":false},"featured_media":91726,"template":"","meta":[],"product_cat":[1322],"product_tag":[],"class_list":{"0":"post-49940","1":"product","2":"type-product","3":"status-publish","4":"has-post-thumbnail","6":"product_brand-elfa_ua-lt","7":"product_cat-veido-kremai","9":"first","10":"outofstock","11":"taxable","12":"shipping-taxable","13":"product-type-simple"},"_links":{"self":[{"href":"https:\/\/e.kosmolat.eu\/lt\/wp-json\/wp\/v2\/product\/49940","targetHints":{"allow":["GET"]}}],"collection":[{"href":"https:\/\/e.kosmolat.eu\/lt\/wp-json\/wp\/v2\/product"}],"about":[{"href":"https:\/\/e.kosmolat.eu\/lt\/wp-json\/wp\/v2\/types\/product"}],"wp:featuredmedia":[{"embeddable":true,"href":"https:\/\/e.kosmolat.eu\/lt\/wp-json\/wp\/v2\/media\/91726"}],"wp:attachment":[{"href":"https:\/\/e.kosmolat.eu\/lt\/wp-json\/wp\/v2\/media?parent=49940"}],"wp:term":[{"taxonomy":"product_cat","embeddable":true,"href":"https:\/\/e.kosmolat.eu\/lt\/wp-json\/wp\/v2\/product_cat?post=49940"},{"taxonomy":"product_tag","embeddable":true,"href":"https:\/\/e.kosmolat.eu\/lt\/wp-json\/wp\/v2\/product_tag?post=49940"}],"curies":[{"name":"wp","href":"https:\/\/api.w.org\/{rel}","templated":true}]}}