{"id":49912,"date":"2024-04-16T10:36:25","date_gmt":"2024-04-16T10:36:25","guid":{"rendered":"https:\/\/e.kosmolat.eu\/product\/%d0%b7%d0%b5e%d0%b5%d0%bda%d1%8f-a%d0%bf%d1%82%d0%b5%d0%baa-%d0%bcco%d0%b5ee%d1%8fs%d0%bdu%d0%b9-%d1%82%d0%be%d0%bdc%d0%ba-%d0%bc%d0%bee%d0%bea%d0%be%d1%81%d1%82u-%d0%ba%d0%beec-250%d0%bce\/"},"modified":"2025-09-20T04:16:56","modified_gmt":"2025-09-20T04:16:56","slug":"i_za-micelar-toniks-adas-jauniba-ar-vitaminu-kompl-250-ml","status":"publish","type":"product","link":"https:\/\/e.kosmolat.eu\/lt\/produktas\/i_za-micelar-toniks-adas-jauniba-ar-vitaminu-kompl-250-ml\/","title":{"rendered":"I_ZELIONAJA APTEKA Micelinis tonikas Odos jaunyst\u0117 sy vitmin\u0173 kompleksu, 250 ml"},"content":{"rendered":"<p>Vis\u0173 tip\u0173 odai, \u012fskaitant jautri\u0105. Sud\u0117tyje yra 100% alavij\u0173 sul\u010di\u0173, kolageno, mineral\u0173, kamelij\u0173 ir migdol\u0173 aliej\u0173. Suma\u017eina rauk&scaron;les ir suteikia odai stangrumo. Sud\u0117tyje esan\u010dios micel\u0117s geriau i&scaron;valo od\u0105 nuo vis\u0173 ne&scaron;varum\u0173 nei \u012fprasti tonikai. Nedirgina aki\u0173 ir gali b\u016bti naudojamas makia\u017eui nuvalyti. Sustiprina dr\u0117kinam\u0105j\u012f kremo poveik\u012f ir nereikalauja nuplauti odos.<\/p>\n<p>Sud\u0117tyje yra vitamino A. Prie&scaron; naudojant atsi\u017evelgti \u012f paros doze.<\/p>\n<p><strong>Naudojimo instrukcijos:<\/strong> u\u017etepkite ant kempin\u0117l\u0117s ir &scaron;velniai \u012ftrinkite veid\u0105 ir od\u0105 aplink akis i&scaron;ilgai masa\u017eo linij\u0173.<\/p>\n<p><strong>Atsargumo priemon\u0117s:<\/strong> padid\u0117j\u0119s individualus jautrumas atskiriems komponentams.<\/p>\n<p>Laikyti nuo +5 &deg;C iki +25 &deg;C temperat\u016broje.<\/p>\n<p>Geriausias 24 m\u0117n. nuo pagaminimo datos.<br \/>\n&nbsp;<\/p>\n<p>&nbsp;<\/p>\n","protected":false},"excerpt":{"rendered":"<p>Vis\u0173 tip\u0173 odai, \u012fskaitant jautri\u0105. Sud\u0117tyje yra 100% alavij\u0173 sul\u010di\u0173, kolageno, mineral\u0173, kamelij\u0173 ir migdol\u0173 aliej\u0173. Suma\u017eina rauk&scaron;les ir suteikia odai stangrumo. Sud\u0117tyje esan\u010dios micel\u0117s geriau i&scaron;valo od\u0105 nuo vis\u0173 ne&scaron;varum\u0173 nei \u012fprasti tonikai. Nedirgina aki\u0173 ir gali b\u016bti naudojamas makia\u017eui nuvalyti. Sustiprina dr\u0117kinam\u0105j\u012f kremo poveik\u012f ir nereikalauja nuplauti odos. Sud\u0117tyje yra vitamino A. Prie&scaron; [&#8230;]\n","protected":false},"featured_media":91730,"template":"","meta":[],"product_cat":[1570],"product_tag":[],"class_list":{"0":"post-49912","1":"product","2":"type-product","3":"status-publish","4":"has-post-thumbnail","6":"product_brand-elfa_ua-lt","7":"product_cat-micelinis-vanduo","9":"first","10":"outofstock","11":"taxable","12":"shipping-taxable","13":"product-type-simple"},"_links":{"self":[{"href":"https:\/\/e.kosmolat.eu\/lt\/wp-json\/wp\/v2\/product\/49912","targetHints":{"allow":["GET"]}}],"collection":[{"href":"https:\/\/e.kosmolat.eu\/lt\/wp-json\/wp\/v2\/product"}],"about":[{"href":"https:\/\/e.kosmolat.eu\/lt\/wp-json\/wp\/v2\/types\/product"}],"wp:featuredmedia":[{"embeddable":true,"href":"https:\/\/e.kosmolat.eu\/lt\/wp-json\/wp\/v2\/media\/91730"}],"wp:attachment":[{"href":"https:\/\/e.kosmolat.eu\/lt\/wp-json\/wp\/v2\/media?parent=49912"}],"wp:term":[{"taxonomy":"product_cat","embeddable":true,"href":"https:\/\/e.kosmolat.eu\/lt\/wp-json\/wp\/v2\/product_cat?post=49912"},{"taxonomy":"product_tag","embeddable":true,"href":"https:\/\/e.kosmolat.eu\/lt\/wp-json\/wp\/v2\/product_tag?post=49912"}],"curies":[{"name":"wp","href":"https:\/\/api.w.org\/{rel}","templated":true}]}}