{"id":49904,"date":"2024-04-16T08:50:29","date_gmt":"2024-04-16T08:50:29","guid":{"rendered":"https:\/\/e.kosmolat.eu\/product\/%d0%b7%d0%b5e%d0%b5%d0%bda%d1%8f-a%d0%bf%d1%82%d0%b5%d0%baa-ua%d0%bc%d0%bf%d1%83%d0%bdu-%d0%bei%d1%8a%d0%b5%d0%bc-c-ie%d0%b5%d1%81%d0%ba-500-%d0%bce\/"},"modified":"2026-01-13T12:15:02","modified_gmt":"2026-01-13T12:15:02","slug":"i_za-sampuns-apjoms-un-spidums-500-ml","status":"publish","type":"product","link":"https:\/\/e.kosmolat.eu\/lt\/produktas\/i_za-sampuns-apjoms-un-spidums-500-ml\/","title":{"rendered":"ZELIONAJA APTEKA \u0160amp\u016bnas apim\u010diai ir spindesiui, 500 ml"},"content":{"rendered":"<p>Skirtas susilpn\u0117jusiems, l\u016b\u017ein\u0117jantiems ir skilin\u0117jantiems plaukams. Sukurtas taip, kad suteikt\u0173 nat\u016bral\u0173 blizges\u012f, lengv\u0105 &nbsp;&scaron;ukavim\u0105 ir patogum\u0105 naudoti. &Scaron;velniai valo, nesausina plauk\u0173 ir greitai i&scaron;plaunamas.&nbsp;AUGALINIS KOLAGENAS stiprina, saugo ir atkuria plaukus, suteikdamas jiems ne\u012ftik\u0117tino lankstumo ir \u017evilgesio.<br \/>\nPrabangi\u0105 plauk\u0173 i&scaron;vaizd\u0105 u\u017etikrina nat\u016bral\u016bs 5 ALIEJAI kompozicijoje (VARNAL\u0116&Scaron;\u0172 , ALYVUOGI\u0172, KOKOS\u0172, SIMONDSIJ\u0172, AVOKAD\u0172). MIGDOL\u0172 ALIEJUS yra labai naudingas sausiems plaukams ir galvos odai, apsaugo nuo galiuk\u0173 &scaron;akojimosi ir skatina sveik\u0105 plauk\u0173 augim\u0105. IRIS\u0172 EKSTRAKTAS apsaugo plaukus nuo ultravioletini\u0173 spinduli\u0173<br \/>\nREZULTATAS: lankst\u016bs, \u017evilgantys ir stipr\u016bs plaukai.<\/p>\n<p><strong>Naudojimas:<\/strong> paskirstykite ant dr\u0117gn\u0173 plauk\u0173, suputokite, nuplaukite vandeniu.<\/p>\n<p><strong>Atsargumo priemon\u0117s:<\/strong> patekus \u012f akis, praplauti vandeniu. Galimas padid\u0117j\u0119s individualus jautrumas atskiriems komponentams.<\/p>\n<p>Laikyti nuo +5&deg;C iki +25&deg;C temperat\u016broje.<\/p>\n","protected":false},"excerpt":{"rendered":"<p>Skirtas susilpn\u0117jusiems, l\u016b\u017ein\u0117jantiems ir skilin\u0117jantiems plaukams. Sukurtas taip, kad suteikt\u0173 nat\u016bral\u0173 blizges\u012f, lengv\u0105 &nbsp;&scaron;ukavim\u0105 ir patogum\u0105 naudoti. &Scaron;velniai valo, nesausina plauk\u0173 ir greitai i&scaron;plaunamas.&nbsp;AUGALINIS KOLAGENAS stiprina, saugo ir atkuria plaukus, suteikdamas jiems ne\u012ftik\u0117tino lankstumo ir \u017evilgesio. Prabangi\u0105 plauk\u0173 i&scaron;vaizd\u0105 u\u017etikrina nat\u016bral\u016bs 5 ALIEJAI kompozicijoje (VARNAL\u0116&Scaron;\u0172 , ALYVUOGI\u0172, KOKOS\u0172, SIMONDSIJ\u0172, AVOKAD\u0172). MIGDOL\u0172 ALIEJUS yra labai naudingas [&#8230;]\n","protected":false},"featured_media":91738,"template":"","meta":[],"product_cat":[2181],"product_tag":[],"class_list":{"0":"post-49904","1":"product","2":"type-product","3":"status-publish","4":"has-post-thumbnail","6":"product_brand-elfa_ua-lt","7":"product_cat-bez-kategorijas-lt","9":"first","10":"outofstock","11":"taxable","12":"shipping-taxable","13":"product-type-simple"},"_links":{"self":[{"href":"https:\/\/e.kosmolat.eu\/lt\/wp-json\/wp\/v2\/product\/49904","targetHints":{"allow":["GET"]}}],"collection":[{"href":"https:\/\/e.kosmolat.eu\/lt\/wp-json\/wp\/v2\/product"}],"about":[{"href":"https:\/\/e.kosmolat.eu\/lt\/wp-json\/wp\/v2\/types\/product"}],"wp:featuredmedia":[{"embeddable":true,"href":"https:\/\/e.kosmolat.eu\/lt\/wp-json\/wp\/v2\/media\/91738"}],"wp:attachment":[{"href":"https:\/\/e.kosmolat.eu\/lt\/wp-json\/wp\/v2\/media?parent=49904"}],"wp:term":[{"taxonomy":"product_cat","embeddable":true,"href":"https:\/\/e.kosmolat.eu\/lt\/wp-json\/wp\/v2\/product_cat?post=49904"},{"taxonomy":"product_tag","embeddable":true,"href":"https:\/\/e.kosmolat.eu\/lt\/wp-json\/wp\/v2\/product_tag?post=49904"}],"curies":[{"name":"wp","href":"https:\/\/api.w.org\/{rel}","templated":true}]}}